{"id":385,"date":"2018-10-12T19:06:57","date_gmt":"2018-10-12T18:06:57","guid":{"rendered":"http:\/\/phiessences.com\/Romania\/?post_type=product&#038;p=385"},"modified":"2025-12-30T15:32:53","modified_gmt":"2025-12-30T13:32:53","slug":"topaz-topaz","status":"publish","type":"product","link":"https:\/\/esentevibrationale.com\/?product=topaz-topaz","title":{"rendered":"Topaz \/ Topaz"},"content":{"rendered":"<p><em>Topazul Nobil este un silicat de aluminiu care con\u021bine florid\u0103. Tonurile sale intense de la galben auriu la portocaliu auriu \u0219i maro auriu ne amintesc de culorile soarelui. Este transparent, diafan p\u00e2n\u0103 la dens \u0219i creeaz\u0103 cristale \u00een form\u0103 de prism\u0103. O alt\u0103 variante de culori sunt roz g\u0103lbui \u0219i roz maroniu. \u00cen Doctrina Chakrelor corespunde Chakrei Plexului Solar (Chakra a-III-a) \u0219i Chakrei Al Treilea Ochi (Chakra a-VI-a). \u00cen zona subtil\u0103 a corpului are un efect pozitiv asupra corpului eteric.<\/em><\/p>\n<p><strong><em>Efectul Esen\u021bei: <\/em><\/strong>Esen\u021ba Topazului transform\u0103 negativitatea \u00een fericire \u0219i \u00een iubire. Sentimentele noastre merg din plexul solar la Al Treilea Ochi, ob\u021bin\u00e2nd astfel uniunea \u00eentre \u00een\u021belepciunea proprie \u0219i intui\u021bia superioar\u0103.<\/p>\n<p><strong><em>Efectul Esen\u021bei la Nivel Fizic: <\/em><\/strong>Esen\u021ba provoac\u0103 un flux de energie subtil\u0103 care \u00eent\u0103re\u0219te \u00eentregul organism. Circula\u021bia, digestia \u0219i metabolismul sunt stimulate energetic, de asemenea, senza\u021biile gustative sunt mai sensibile. Esen\u021ba poate fi ad\u0103ugat\u0103 \u00een timpul curelor de detoxificare, deoarece stimuleaz\u0103 energetic zonele organelor. Tensiunile nervoase, care sunt reflectate \u00een disconfort la nivelul plexului solar, pot fi compensate de esen\u021b\u0103.<\/p>\n<p><strong><em>Efectul Esen\u021bei la Nivel Emo\u021bional: <\/em><\/strong>Cu esen\u021ba vom putea sim\u021bi c\u00e2nd soarele r\u0103sare \u00een interiorul nostru. Putem sim\u021bi o for\u021b\u0103 puternic\u0103 \u0219i o c\u0103ldur\u0103 \u00een plexul solar, p\u00e2n\u0103 c\u00e2nd con\u0219tiin\u021ba noastr\u0103 se va umple cu o energie solar\u0103 compensatorie. Emo\u021biile oprimate \u0219i ascunse ies la suprafa\u021b\u0103 \u0219i ne putem elibera de sentimente precum\u02d0 sup\u0103rarea, gelozia, invidia, extenuarea emo\u021bional\u0103, etc. Astfel, sentimentele pot fi exprimate cu inteligen\u021b\u0103 \u0219i pruden\u021b\u0103. O vibra\u021bie relaxant\u0103 ne va ghida \u0219i \u00een acela\u0219i timp, experien\u021bele \u0219i percep\u021biile emo\u021bionale sunt mult mai pozitive.<\/p>\n<p><strong><em>Efectul Esen\u021bei la Nivel Mental: <\/em><\/strong>&#8222;Claritatea pur\u0103 a soarelui&#8221; ar putea fi termenul generic pentru care exist\u0103 esen\u021ba \u00een via\u021ba noastr\u0103 mental\u0103. Stresul, oboseala, rigiditatea \u0219i nelini\u0219tea g\u00e2ndurilor noastre, grijile, furia, \u0219i multe alte lucruri care ne-au \u00eempov\u0103rat sufletul, vor disp\u0103rea prin puterea de cur\u0103\u021bare a esen\u021bei. Ne dezvolt\u0103m poten\u021bialul \u0219i dep\u0103\u0219im frica \u0219i anxietatea de examene.<\/p>\n<p><strong><em>Efectul Esen\u021bei la Nivel Spiritual: <\/em><\/strong>Esen\u021ba ne ajut\u0103 s\u0103 identific\u0103m ce ne p\u0103c\u0103le\u0219te. Somnambulismul sau tendin\u021ba de a merge noaptea, indic\u0103 lipsa leg\u0103turii dintre corp, minte \u0219i suflet \u0219i corpurile subtile nu sunt echilibrate. Grupeaz\u0103 energia &#8222;dispersat\u0103&#8221; ca o puternic\u0103 raz\u0103 de lumin\u0103 ca a soarelui.<\/p>\n<p><strong><em>Esen\u021ba de Orhidee Corespondent\u0103: <\/em><\/strong>Orhideea Culoare<\/p>\n<p><strong><em>Afirma\u021bia<\/em><\/strong><em>: <\/em>Energia similar\u0103 razelor solare m\u0103 inund\u0103 \u0219i \u00eemi umple via\u021ba cu bucurie<\/p>\n","protected":false},"excerpt":{"rendered":"<p>Topazul Nobil este un silicat de aluminiu care con\u021bine florid\u0103. Tonurile sale intense de la galben auriu la portocaliu auriu \u0219i maro auriu ne amintesc de culorile soarelui. Este transparent, diafan p\u00e2n\u0103 la dens \u0219i creeaz\u0103 cristale \u00een form\u0103 de prism\u0103. O alt\u0103 variante de culori sunt roz g\u0103lbui \u0219i roz maroniu. \u00cen Doctrina Chakrelor &hellip; <a href=\"https:\/\/esentevibrationale.com\/?product=topaz-topaz\" class=\"more-link\">Continu\u0103 lectura <span class=\"screen-reader-text\">Topaz \/ Topaz<\/span> <span class=\"meta-nav\">&rarr;<\/span><\/a><\/p>\n","protected":false},"featured_media":386,"template":"","meta":[],"product_brand":[],"product_cat":[18],"product_tag":[],"class_list":{"0":"post-385","1":"product","2":"type-product","3":"status-publish","4":"has-post-thumbnail","6":"product_cat-esente-de-geme","7":"pa_size-15ml","8":"pa_size-30ml","10":"first","11":"instock","12":"shipping-taxable","13":"purchasable","14":"product-type-variable","15":"has-default-attributes"},"_links":{"self":[{"href":"https:\/\/esentevibrationale.com\/index.php?rest_route=\/wp\/v2\/product\/385","targetHints":{"allow":["GET"]}}],"collection":[{"href":"https:\/\/esentevibrationale.com\/index.php?rest_route=\/wp\/v2\/product"}],"about":[{"href":"https:\/\/esentevibrationale.com\/index.php?rest_route=\/wp\/v2\/types\/product"}],"wp:featuredmedia":[{"embeddable":true,"href":"https:\/\/esentevibrationale.com\/index.php?rest_route=\/wp\/v2\/media\/386"}],"wp:attachment":[{"href":"https:\/\/esentevibrationale.com\/index.php?rest_route=%2Fwp%2Fv2%2Fmedia&parent=385"}],"wp:term":[{"taxonomy":"product_brand","embeddable":true,"href":"https:\/\/esentevibrationale.com\/index.php?rest_route=%2Fwp%2Fv2%2Fproduct_brand&post=385"},{"taxonomy":"product_cat","embeddable":true,"href":"https:\/\/esentevibrationale.com\/index.php?rest_route=%2Fwp%2Fv2%2Fproduct_cat&post=385"},{"taxonomy":"product_tag","embeddable":true,"href":"https:\/\/esentevibrationale.com\/index.php?rest_route=%2Fwp%2Fv2%2Fproduct_tag&post=385"}],"curies":[{"name":"wp","href":"https:\/\/api.w.org\/{rel}","templated":true}]}}