{"id":387,"date":"2018-10-12T19:10:10","date_gmt":"2018-10-12T18:10:10","guid":{"rendered":"http:\/\/phiessences.com\/Romania\/?post_type=product&#038;p=387"},"modified":"2025-12-30T13:05:42","modified_gmt":"2025-12-30T11:05:42","slug":"blue-tormaline-turmalina-albasta","status":"publish","type":"product","link":"https:\/\/esentevibrationale.com\/?product=blue-tormaline-turmalina-albasta","title":{"rendered":"Blue Tormaline  \/ Turmalin\u0103 Albast\u0103"},"content":{"rendered":"<p><em>Numele de turmalina este de origine singalez\u0103. \u00cen antichitate se credea c\u0103 piatra str\u0103lucea din interior. Potrivit unei legende grece\u0219ti, un \u00eentreg templu era luminat noaptea de o turmalin\u0103 care \u00eempodobe\u0219te statuia unei zei\u021be. \u00cen teoria Chakrelor, este atribuit\u0103 Chakrei plexului solar, Chakrei G\u00e2tului \u0219i celui de-al Treilea Ochi. Toate corpurile subtile \u00eei r\u0103spund.<\/em><\/p>\n<p><strong><em>Efectul Esen\u021bei: <\/em><\/strong>Esen\u021ba Turmalinei Albastre disip\u0103 emo\u021biile blocate \u00een plexul solar debloc\u00e2ndu-le, astfel pot fi exprimate prin limbaj. Revitalizeaz\u0103 partea noastr\u0103 feminin\u0103, sensibil\u0103 din fiin\u021ba noastr\u0103.<\/p>\n<p><strong><em>Efectul Esen\u021bei la Nivel Fizic: <\/em><\/strong>Emo\u021biile blocate \u0219i sentimentele stagnate, precum \u0219i dorin\u021bele suprimate ne \u00eempiedic\u0103 s\u0103 ne exprim\u0103m personalitatea. Toate acestea se pot reflecta \u00een problemele corpului. Esen\u021ba promoveaz\u0103 rezolvarea unor astfel de simptome la nivel subtil, care \u00een consecin\u021b\u0103 pot fi percepute \u00een mod pozitiv la nivelul corpului. Echilibrul energetic con\u021binut de aceast\u0103 esen\u021b\u0103 contracareaz\u0103 stresul. De asemenea, afec\u021biunile tipice femeilor \u0219i simptomele menopauzei primesc ajutorul energetic din esen\u021b\u0103.<\/p>\n<p><strong><em>Efectul Esen\u021bei la Nivel Emo\u021bional: <\/em><\/strong>Esen\u021ba clarific\u0103 dorin\u021bele \u0219i sentimentele noastre fa\u021b\u0103 de alte persoane. \u00cenv\u0103\u021b\u0103m s\u0103 facem lucrurile din inim\u0103: nu doar s\u0103 primim, ci \u0219i s\u0103 oferim. Ajut\u0103 persoanele s\u0103 &#8222;supravie\u021buiasc\u0103&#8221; \u00eentr-un mediu ostil p\u0103str\u00e2ndu-\u0219i o atitudine vesel\u0103. Aici, esen\u021ba ne \u00eencurajeaz\u0103 s\u0103 ne tr\u0103im partea noastr\u0103 feminin\u0103 \u0219i s\u0103 o exprim\u0103m prin limbaj. Emo\u021biile noastre vor fi mai fine \u0219i vom deveni capabili s\u0103 le exprim\u0103m diplomatic.<\/p>\n<p><strong><em>Efectul Esen\u021bei la Nivel Mental: <\/em><\/strong>Prin inter- mediul esen\u021bei emo\u021biile \u0219i calit\u0103\u021bile mentale se conecteaz\u0103. Promoveaz\u0103 evolu\u021bia con\u0219tiin\u021bei, care se manifest\u0103 printr-o concentrare \u00eembun\u0103t\u0103\u021bit\u0103, echilibru interior, lini\u0219te, libertatea de a alege \u0219i g\u00e2ndire liber\u0103. Esen\u021ba contribuie la \u00eembun\u0103t\u0103\u021birea abilit\u0103\u021bilor noastre sociale, independent\u0103 \u0219i abilitatea de \u00eemplinire personal\u0103 \u0219i g\u00e2ndirea \u00eentreprinz\u0103toare.<\/p>\n<p><strong><em>Efectul Esen\u021bei la Nivel Spiritual: <\/em><\/strong>Esen\u021ba conduce la pacea interioar\u0103 pentru a putea s\u0103 fim cine suntem cu adev\u0103rat, s\u0103 ne recunoa\u0219tem scopurile noastre spirituale \u0219i \u00een cele din urm\u0103 s\u0103 le urm\u0103m.<\/p>\n<p><strong>Esen\u021ba de Orhidee Corespondent\u0103:<\/strong><\/p>\n<p>Orhideea \u00cenger<\/p>\n<p><strong><em>Afirma\u021bia: <\/em><\/strong>\u00cemi exprim sentimentele la momentul potrivit, simt lumina \u0219i libertatea mea de a m\u0103 dezvolta. Am for\u021ba necesar\u0103 s\u0103 ajung la \u00eemplinire personal\u0103<\/p>\n","protected":false},"excerpt":{"rendered":"<p>Numele de turmalina este de origine singalez\u0103. \u00cen antichitate se credea c\u0103 piatra str\u0103lucea din interior. Potrivit unei legende grece\u0219ti, un \u00eentreg templu era luminat noaptea de o turmalin\u0103 care \u00eempodobe\u0219te statuia unei zei\u021be. \u00cen teoria Chakrelor, este atribuit\u0103 Chakrei plexului solar, Chakrei G\u00e2tului \u0219i celui de-al Treilea Ochi. Toate corpurile subtile \u00eei r\u0103spund. Efectul &hellip; <a href=\"https:\/\/esentevibrationale.com\/?product=blue-tormaline-turmalina-albasta\" class=\"more-link\">Continu\u0103 lectura <span class=\"screen-reader-text\">Blue Tormaline  \/ Turmalin\u0103 Albast\u0103<\/span> <span class=\"meta-nav\">&rarr;<\/span><\/a><\/p>\n","protected":false},"featured_media":388,"template":"","meta":[],"product_brand":[],"product_cat":[18],"product_tag":[],"class_list":{"0":"post-387","1":"product","2":"type-product","3":"status-publish","4":"has-post-thumbnail","6":"product_cat-esente-de-geme","7":"pa_size-15ml","8":"pa_size-30ml","10":"first","11":"instock","12":"shipping-taxable","13":"purchasable","14":"product-type-variable","15":"has-default-attributes"},"_links":{"self":[{"href":"https:\/\/esentevibrationale.com\/index.php?rest_route=\/wp\/v2\/product\/387","targetHints":{"allow":["GET"]}}],"collection":[{"href":"https:\/\/esentevibrationale.com\/index.php?rest_route=\/wp\/v2\/product"}],"about":[{"href":"https:\/\/esentevibrationale.com\/index.php?rest_route=\/wp\/v2\/types\/product"}],"wp:featuredmedia":[{"embeddable":true,"href":"https:\/\/esentevibrationale.com\/index.php?rest_route=\/wp\/v2\/media\/388"}],"wp:attachment":[{"href":"https:\/\/esentevibrationale.com\/index.php?rest_route=%2Fwp%2Fv2%2Fmedia&parent=387"}],"wp:term":[{"taxonomy":"product_brand","embeddable":true,"href":"https:\/\/esentevibrationale.com\/index.php?rest_route=%2Fwp%2Fv2%2Fproduct_brand&post=387"},{"taxonomy":"product_cat","embeddable":true,"href":"https:\/\/esentevibrationale.com\/index.php?rest_route=%2Fwp%2Fv2%2Fproduct_cat&post=387"},{"taxonomy":"product_tag","embeddable":true,"href":"https:\/\/esentevibrationale.com\/index.php?rest_route=%2Fwp%2Fv2%2Fproduct_tag&post=387"}],"curies":[{"name":"wp","href":"https:\/\/api.w.org\/{rel}","templated":true}]}}