{"id":390,"date":"2018-10-12T19:17:29","date_gmt":"2018-10-12T18:17:29","guid":{"rendered":"http:\/\/phiessences.com\/Romania\/?post_type=product&#038;p=390"},"modified":"2025-12-30T16:57:52","modified_gmt":"2025-12-30T14:57:52","slug":"rose-turmaline-turmalina-roz","status":"publish","type":"product","link":"https:\/\/esentevibrationale.com\/?product=rose-turmaline-turmalina-roz","title":{"rendered":"Rose Turmaline \/ Turmalin\u0103 Roz"},"content":{"rendered":"<p><em>Turmalina Roz este un borosilicat de aluminiu \u0219i poate fi g\u0103sit\u0103 \u00een nuan\u021be superbe de roz, de ro\u0219u sau mov. Poate fi transparent\u0103 sau opac\u0103. De obicei, formeaz\u0103 cre\u00e2nd tije lungi. Numele s\u0103u vine din originea sa singalez\u0103. Rubelitul este &#8222;un mineral nou&#8221;. \u00cen zilele noastre, acesta are primire grandioas\u0103 printre persoanele care tot timpul fug agitate cu probleme. \u00cen Doctrina Chakrelor corespunde Chakrei a-II-a, Chakrei a-III-a \u0219i Chakrei a-IV-a.<\/em><\/p>\n<p><strong><em>Efectul Esen\u021bei: <\/em><\/strong>Esen\u021ba Turmalinei Roz elibereaz\u0103 inima de blocajele \u00eenrudite cu experien\u021bele negative ale vie\u021bii. Deschide \u0219i stimuleaz\u0103 energia inimii, pentru a exercita o influen\u021b\u0103 armonizatoare holistic\u0103.<\/p>\n<p><strong><em>Efectul Esen\u021bei la Nivel Fizic: <\/em><\/strong>\u00cenc\u0103rc\u0103tura psihic\u0103 poate &#8222;deteriora&#8221; inima \u00een adev\u0103ratul sens al cuv\u00e2ntului. Este ca \u0219i cum am avea o piatr\u0103 pe suflet, care o blocheaz\u0103 \u0219i ne opre\u0219te s\u0103 ne exprim\u0103m emo\u021biile. Esen\u021ba Turmalinei Roz influen\u021beaz\u0103 Chakra a-IV-a la nivel energetic. Promoveaz\u0103 detoxificarea \u0219i purificarea circula\u021biei corpului \u0219i astfel, contribuie la bun\u0103starea holistic\u0103.<\/p>\n<p><strong><em>Efectul Esen\u021bei la Nivel Emo\u021bional: <\/em><\/strong>Esen\u021ba ne elibereaz\u0103 inima de blocajele emo\u021bionale \u0219i vindec\u0103 r\u0103nile vechi. Cu ajutorul acesteia, persoanele devin mai deschise \u0219i vor s\u0103 vorbeasc\u0103 despre sentimentele lor \u0219i s\u0103 le arate, astfel \u00eenc\u00e2t u\u0219urin\u021ba \u00een exprimare reapare \u00een via\u021ba lor. Totodat\u0103, esen\u021ba este ideal\u0103 pentru cei care se sacrific\u0103 pentru alte persoane, de exemplu: \u00een prietenii. Aici \u00eei sprijin\u0103 \u00eei s\u0103-\u0219i identifice \u0219i s\u0103 \u00ee\u0219i defineasc\u0103 limitele, a\u0219a v\u0103d unde exist\u0103 simpatie \u0219i unde exist\u0103 altruism excesiv, care include sacrificiul personal. Ne ajut\u0103 s\u0103 sc\u0103p\u0103m de rela\u021biile nes\u0103n\u0103toase \u0219i c\u0103p\u0103t\u0103m \u00eencredere atunci c\u00e2nd facem lucruri noi.<\/p>\n<p><strong><em>Efectul Esen\u021bei la Nivel Mental: <\/em><\/strong>Cu esen\u021ba Turmalinei Roz \u00eenv\u0103\u021b\u0103m s\u0103 renun\u021b\u0103m la prejudec\u0103\u021bi. Predispozi\u021bia de a avea prejudec\u0103\u021bi minte inima \u0219i acest lucru se exprim\u0103 prin energia noastr\u0103 mental\u0103. Totodat\u0103, stimuleaz\u0103 \u0219i alte procese de \u00eenv\u0103\u021bare, de exemplu: atunci c\u00e2nd exista un nou \u00eenceput.<\/p>\n<p><strong><em>Efectul Esen\u021bei la Nivel Spiritual: <\/em><\/strong>Prin procesele holistice de cur\u0103\u021bare \u0219i de schimb\u0103ri, care survin atunci c\u00e2nd folosim esen\u021ba Turmalinei Roz ne eliber\u0103m \u0219i energia noastr\u0103 spiritual\u0103 este acum preg\u0103tit\u0103 pentru un nou \u00eenceput.<\/p>\n<p><strong>Esen\u021ba de Orhidee Corespondent\u0103:<\/strong><\/p>\n<p>Orhideea Iubire<\/p>\n<p><strong><em>Afirma\u021bia: <\/em><\/strong>\u00cemi deschid inima \u0219i m\u0103 accept pe mine \u0219i alte persoane cu toat\u0103 dragostea mea. Energia de a \u00eencepe din nou vine din acceptarea de sine<\/p>\n","protected":false},"excerpt":{"rendered":"<p>Turmalina Roz este un borosilicat de aluminiu \u0219i poate fi g\u0103sit\u0103 \u00een nuan\u021be superbe de roz, de ro\u0219u sau mov. Poate fi transparent\u0103 sau opac\u0103. De obicei, formeaz\u0103 cre\u00e2nd tije lungi. Numele s\u0103u vine din originea sa singalez\u0103. Rubelitul este &#8222;un mineral nou&#8221;. \u00cen zilele noastre, acesta are primire grandioas\u0103 printre persoanele care tot timpul &hellip; <a href=\"https:\/\/esentevibrationale.com\/?product=rose-turmaline-turmalina-roz\" class=\"more-link\">Continu\u0103 lectura <span class=\"screen-reader-text\">Rose Turmaline \/ Turmalin\u0103 Roz<\/span> <span class=\"meta-nav\">&rarr;<\/span><\/a><\/p>\n","protected":false},"featured_media":391,"template":"","meta":[],"product_brand":[],"product_cat":[18],"product_tag":[],"class_list":{"0":"post-390","1":"product","2":"type-product","3":"status-publish","4":"has-post-thumbnail","6":"product_cat-esente-de-geme","7":"pa_size-15ml","8":"pa_size-30ml","10":"first","11":"instock","12":"shipping-taxable","13":"purchasable","14":"product-type-variable","15":"has-default-attributes"},"_links":{"self":[{"href":"https:\/\/esentevibrationale.com\/index.php?rest_route=\/wp\/v2\/product\/390","targetHints":{"allow":["GET"]}}],"collection":[{"href":"https:\/\/esentevibrationale.com\/index.php?rest_route=\/wp\/v2\/product"}],"about":[{"href":"https:\/\/esentevibrationale.com\/index.php?rest_route=\/wp\/v2\/types\/product"}],"wp:featuredmedia":[{"embeddable":true,"href":"https:\/\/esentevibrationale.com\/index.php?rest_route=\/wp\/v2\/media\/391"}],"wp:attachment":[{"href":"https:\/\/esentevibrationale.com\/index.php?rest_route=%2Fwp%2Fv2%2Fmedia&parent=390"}],"wp:term":[{"taxonomy":"product_brand","embeddable":true,"href":"https:\/\/esentevibrationale.com\/index.php?rest_route=%2Fwp%2Fv2%2Fproduct_brand&post=390"},{"taxonomy":"product_cat","embeddable":true,"href":"https:\/\/esentevibrationale.com\/index.php?rest_route=%2Fwp%2Fv2%2Fproduct_cat&post=390"},{"taxonomy":"product_tag","embeddable":true,"href":"https:\/\/esentevibrationale.com\/index.php?rest_route=%2Fwp%2Fv2%2Fproduct_tag&post=390"}],"curies":[{"name":"wp","href":"https:\/\/api.w.org\/{rel}","templated":true}]}}