{"id":392,"date":"2018-10-12T19:25:40","date_gmt":"2018-10-12T18:25:40","guid":{"rendered":"http:\/\/phiessences.com\/Romania\/?post_type=product&#038;p=392"},"modified":"2025-12-30T13:00:13","modified_gmt":"2025-12-30T11:00:13","slug":"black-turmaline-turmalina-negra","status":"publish","type":"product","link":"https:\/\/esentevibrationale.com\/?product=black-turmaline-turmalina-negra","title":{"rendered":"Black Turmaline \/ Turmalin\u0103 Neagr\u0103"},"content":{"rendered":"<p><em>Turmalina Roz este un borosilicat de aluminiu, care se formeaz\u0103 cre\u00e2nd tije lungi de dimensiuni diferite. Este opac\u0103 \u0219i are o culoare splendid\u0103 neagr\u0103. Este u\u0219or de recunoscut datorit\u0103 structuri sale minerale av\u00e2nd stria\u021bii extinse. Pe l\u00e2ng\u0103 efectele sale multiple descrise mai jos, mamele \u00ee\u0219i \u00eendeamn\u0103 copiii s\u0103 o poarte ca &#8222;o piatr\u0103 de pornire&#8221;. \u00cen Doctrina Chakrelor corespunde Chakrelor Picioarelor \u0219i Chakrei R\u0103d\u0103cin\u0103. \u00cen zona subtil\u0103 a corpului, toate straturile corpului \u00eei r\u0103spund.<\/em><\/p>\n<p><strong><em>Efectul Esen\u021bei: <\/em><\/strong>Esen\u021ba Turmalinei Negre consolideaz\u0103 conexiunea cu P\u0103m\u00e2ntul \u0219i este foarte potrivit\u0103 pentru persoanele care nu tr\u0103iesc \u00een prezent. Contribuie la eliminarea vibra\u021biilor negative din corp \u0219i suflet, ofer\u0103 protec\u021bie \u00eempotriva radia\u021biilor generate de supra\u00eenc\u0103rcare, care provin de la calculatoare, aparate electronice \u0219i ecrane.<\/p>\n<p><strong><em>Efectul Esen\u021bei la Nivel Fizic: <\/em><\/strong>Esen\u021ba Turmalinei Negre contribuie la detoxificarea energetic\u0103 a corpului. \u00cen special, este folositoare \u00een reac\u021biile cauzate de radia\u021bii, de exemplu: terestre sau ale calculatoarelor, dar \u00een principal \u00een cazul meteo sensibilit\u0103\u021bii. Efectul esen\u021bei este dese ori comparat cu o cur\u0103 revigorant\u0103, care \u00eenvigoreaz\u0103 \u0219i tonific\u0103 corpul, mintea \u0219i sim\u021burile.<\/p>\n<p><strong><em>Efectul Esen\u021bei la Nivel Emo\u021bional: <\/em><\/strong>Esen\u021ba Turmalinei Negre consolideaz\u0103 conexiunea cu Mama P\u0103m\u00e2nt \u0219i transmite stabilitate, conduit\u0103 \u0219i siguran\u021b\u0103. Astfel, se dezvolt\u0103 abilitatea de a face fa\u021b\u0103 emo\u021biilor noastre, putem s\u0103 le distingem \u0219i nu ne abandonam \u00een mod inevitabil \u00een acestea, \u00eenv\u0103\u021b\u0103m s\u0103 fim con\u0219tien\u021bi de partea noastr\u0103 \u00eentunecat\u0103 \u0219i s\u0103 o accept\u0103m \u0219i s\u0103 lucr\u0103m cu aceasta.<\/p>\n<p><strong><em>Efectul Esen\u021bei la Nivel Mental: <\/em><\/strong>Ca \u0219i \u00een medicina naturist\u0103 baghetele de sticl\u0103 electroconductoare ale Turmalinei Negre sunt utilizate pentru a cre\u0219te senzorialul impulsurilor creierului. Prin urmare, esen\u021ba determin\u0103 o conectare eteric\u0103 cu creierul. Esen\u021ba ne \u00eenva\u021b\u0103 reactivitatea mental\u0103, \u00eendem\u00e2narea, autodisciplina \u0219i concentrare pe obiective.<\/p>\n<p><strong><em>Efectul Esen\u021bei la Nivel Spiritual: <\/em><\/strong>Atunci c\u00e2nd ghidarea spiritual\u0103 este \u00eempiedicat\u0103 de c\u0103tre vibra\u021biile negative \u0219i radia\u021bie, esen\u021ba Turmalinei Negre se poate aplica pentru a purifica nivelul subtil. Vibra\u021biile energiei sale \u00eenalte ne \u00eenconjoar\u0103 \u00een acela\u0219i mod ca un \u00cenger Protector \u0219i aceast\u0103 protec\u021bie ne permite s\u0103 ne dezvolt\u0103m \u0219i s\u0103 ne cre\u0219tem energia spiritual\u0103.<\/p>\n<p><strong>Esen\u021ba de Orhidee Corespondent\u0103:<\/strong><\/p>\n<p>Orhideea \u00cengerul Protector<em>.<\/em><\/p>\n<p><em><strong>Afirma\u021bia: <\/strong>O aur\u0103 protectoare m\u0103 \u00eenconjoar\u0103, primesc energia P\u0103m\u00e2ntului \u0219i cu ardoare sunt devotat\/\u0103 obiectivelor mele<\/em><\/p>\n<p><em>\u00a0<\/em><\/p>\n<p>&nbsp;<\/p>\n","protected":false},"excerpt":{"rendered":"<p>Turmalina Roz este un borosilicat de aluminiu, care se formeaz\u0103 cre\u00e2nd tije lungi de dimensiuni diferite. Este opac\u0103 \u0219i are o culoare splendid\u0103 neagr\u0103. Este u\u0219or de recunoscut datorit\u0103 structuri sale minerale av\u00e2nd stria\u021bii extinse. Pe l\u00e2ng\u0103 efectele sale multiple descrise mai jos, mamele \u00ee\u0219i \u00eendeamn\u0103 copiii s\u0103 o poarte ca &#8222;o piatr\u0103 de pornire&#8221;. &hellip; <a href=\"https:\/\/esentevibrationale.com\/?product=black-turmaline-turmalina-negra\" class=\"more-link\">Continu\u0103 lectura <span class=\"screen-reader-text\">Black Turmaline \/ Turmalin\u0103 Neagr\u0103<\/span> <span class=\"meta-nav\">&rarr;<\/span><\/a><\/p>\n","protected":false},"featured_media":393,"template":"","meta":[],"product_brand":[],"product_cat":[18],"product_tag":[],"class_list":{"0":"post-392","1":"product","2":"type-product","3":"status-publish","4":"has-post-thumbnail","6":"product_cat-esente-de-geme","7":"pa_size-15ml","8":"pa_size-30-ml","10":"first","11":"instock","12":"shipping-taxable","13":"purchasable","14":"product-type-variable","15":"has-default-attributes"},"_links":{"self":[{"href":"https:\/\/esentevibrationale.com\/index.php?rest_route=\/wp\/v2\/product\/392","targetHints":{"allow":["GET"]}}],"collection":[{"href":"https:\/\/esentevibrationale.com\/index.php?rest_route=\/wp\/v2\/product"}],"about":[{"href":"https:\/\/esentevibrationale.com\/index.php?rest_route=\/wp\/v2\/types\/product"}],"wp:featuredmedia":[{"embeddable":true,"href":"https:\/\/esentevibrationale.com\/index.php?rest_route=\/wp\/v2\/media\/393"}],"wp:attachment":[{"href":"https:\/\/esentevibrationale.com\/index.php?rest_route=%2Fwp%2Fv2%2Fmedia&parent=392"}],"wp:term":[{"taxonomy":"product_brand","embeddable":true,"href":"https:\/\/esentevibrationale.com\/index.php?rest_route=%2Fwp%2Fv2%2Fproduct_brand&post=392"},{"taxonomy":"product_cat","embeddable":true,"href":"https:\/\/esentevibrationale.com\/index.php?rest_route=%2Fwp%2Fv2%2Fproduct_cat&post=392"},{"taxonomy":"product_tag","embeddable":true,"href":"https:\/\/esentevibrationale.com\/index.php?rest_route=%2Fwp%2Fv2%2Fproduct_tag&post=392"}],"curies":[{"name":"wp","href":"https:\/\/api.w.org\/{rel}","templated":true}]}}