{"id":3943,"date":"2018-12-31T09:33:36","date_gmt":"2018-12-31T07:33:36","guid":{"rendered":"https:\/\/phiessences.com\/Romania\/?post_type=product&#038;p=3943"},"modified":"2026-01-03T17:13:48","modified_gmt":"2026-01-03T15:13:48","slug":"psyche-orchid-orhideea-psihic","status":"publish","type":"product","link":"https:\/\/esentevibrationale.com\/?product=psyche-orchid-orhideea-psihic","title":{"rendered":"Psyche Orchid \/ Orhideea Psihicului"},"content":{"rendered":"<p><strong>(Paphiopedilum insigne) <\/strong><\/p>\n<p><em>Aceast\u0103 specie de Orhidee este una dintre cele mai populare. Frunzele sale lungi rotunjite fac flori izolate. Cel mai izbitor lucru despre floarea cu trei aripi este petala sa asem\u0103n\u0103toare caliciului, care \u00eei confer\u0103 un aspect misterios.<\/em><\/p>\n<p><strong><em>Efectul Esen\u021bei: <\/em><\/strong>Esen\u021ba Orhideei Psihic ne ajut\u0103 s\u0103 privim ad\u00e2nc \u00een interiorul nostru (\u00een subcon\u0219tientul nostru) pentru a g\u0103si r\u0103spunsurile vie\u021bii noastre. Ne ajut\u0103 s\u0103 recunoa\u0219tem scopul nostru vital.<\/p>\n<p><strong><em>Efectul Esen\u021bei la Nivel Fizic: <\/em><\/strong>O direc\u021bie neclara a vie\u021bii, senza\u021bia c\u0103 nu ai p\u0103m\u00e2ntul sub picioarele tale, nedumerire \u00een ceea ce prive\u0219te propria via\u021b\u0103, de asemenea, pot fi subiecte care duc la disfunc\u021bionalit\u0103\u021bi fizice. Esen\u021ba Orhideei Psihicul ne poate ajuta s\u0103 ne g\u0103sim propria direc\u021bie \u00een via\u021b\u0103 la nivel energetic. Problemele de via\u021b\u0103, care se manifest\u0103 la nivel fizic pot fi rezolvate.<\/p>\n<p><strong><em>Efectul Esen\u021bei la Nivel Emo\u021bional: <\/em><\/strong>\u00cen general, esen\u021ba Orhideei Psihicul atrage persoanele care sunt scufundate \u00eentr-o criz\u0103 vital\u0103 sau care sunt dezorientate \u0219i care trag o gr\u0103mad\u0103 mare de emo\u021bii nerezolvate. Aici esen\u021ba ac\u021bioneaz\u0103 ideal. Ne ajut\u0103 r\u0103spunz\u00e2nd la \u00eentreb\u0103ri precum: Cine sunt eu cu adev\u0103rat? Care este scopul meu \u00een via\u021b\u0103? Unde m\u0103 poart\u0103 drumul meu? Este o esen\u021b\u0103 adecvat\u0103 pentru a fi folosit\u0103 complementar \u00een timpul psihoterapiei.<\/p>\n<p><strong><em>Efectul Esen\u021bei la Nivel Mental: <\/em><\/strong>Esen\u021ba promoveaz\u0103 autoanaliza \u0219i autocunoa\u0219terea \u0219i ajut\u0103 la conectarea con\u0219tiin\u021bei noastre cu aceste cuno\u0219tin\u021be, la integrarea \u0219i implementarea lor \u00een via\u021ba noastr\u0103. Acest lucru poate duce la o aliniere mental\u0103 clar\u0103, care ne ajut\u0103 la pornirea \u0219i parcurgerea c\u0103ii recunoscute.<\/p>\n<p><strong><em>Efectul Esen\u021bei la Nivel Spiritual: <\/em><\/strong>Lucrul cu subcon\u0219tientul este sus\u021binut de aceast\u0103 esen\u021b\u0103. Fiin\u021ba \u0219i esen\u021ba noastr\u0103 se pot deschide lucr\u0103rilor vie\u021bii noastre \u0219i ne putem recunoa\u0219te ca fiind parte \u00eentr-un plan divin mai mare.<\/p>\n<p><strong><em>Afirma\u021bia: <\/em><\/strong>\u00cemi recunosc misiunea \u00een via\u021b\u0103 \u0219i \u0219tiu c\u0103 sunt parte din Planul Divin.<\/p>\n<p><strong>Esen\u021ba de Gem\u0103 Corespondent\u0103: Ametist.<\/strong><\/p>\n","protected":false},"excerpt":{"rendered":"<p>(Paphiopedilum insigne) Aceast\u0103 specie de Orhidee este una dintre cele mai populare. Frunzele sale lungi rotunjite fac flori izolate. Cel mai izbitor lucru despre floarea cu trei aripi este petala sa asem\u0103n\u0103toare caliciului, care \u00eei confer\u0103 un aspect misterios. Efectul Esen\u021bei: Esen\u021ba Orhideei Psihic ne ajut\u0103 s\u0103 privim ad\u00e2nc \u00een interiorul nostru (\u00een subcon\u0219tientul nostru) &hellip; <a href=\"https:\/\/esentevibrationale.com\/?product=psyche-orchid-orhideea-psihic\" class=\"more-link\">Continu\u0103 lectura <span class=\"screen-reader-text\">Psyche Orchid \/ Orhideea Psihicului<\/span> <span class=\"meta-nav\">&rarr;<\/span><\/a><\/p>\n","protected":false},"featured_media":13213,"template":"","meta":[],"product_brand":[],"product_cat":[25],"product_tag":[],"class_list":{"0":"post-3943","1":"product","2":"type-product","3":"status-publish","4":"has-post-thumbnail","6":"product_cat-esente-de-orhidee-din-amazon","7":"pa_size-15ml","8":"pa_size-30ml","10":"first","11":"instock","12":"shipping-taxable","13":"purchasable","14":"product-type-variable","15":"has-default-attributes"},"_links":{"self":[{"href":"https:\/\/esentevibrationale.com\/index.php?rest_route=\/wp\/v2\/product\/3943","targetHints":{"allow":["GET"]}}],"collection":[{"href":"https:\/\/esentevibrationale.com\/index.php?rest_route=\/wp\/v2\/product"}],"about":[{"href":"https:\/\/esentevibrationale.com\/index.php?rest_route=\/wp\/v2\/types\/product"}],"wp:featuredmedia":[{"embeddable":true,"href":"https:\/\/esentevibrationale.com\/index.php?rest_route=\/wp\/v2\/media\/13213"}],"wp:attachment":[{"href":"https:\/\/esentevibrationale.com\/index.php?rest_route=%2Fwp%2Fv2%2Fmedia&parent=3943"}],"wp:term":[{"taxonomy":"product_brand","embeddable":true,"href":"https:\/\/esentevibrationale.com\/index.php?rest_route=%2Fwp%2Fv2%2Fproduct_brand&post=3943"},{"taxonomy":"product_cat","embeddable":true,"href":"https:\/\/esentevibrationale.com\/index.php?rest_route=%2Fwp%2Fv2%2Fproduct_cat&post=3943"},{"taxonomy":"product_tag","embeddable":true,"href":"https:\/\/esentevibrationale.com\/index.php?rest_route=%2Fwp%2Fv2%2Fproduct_tag&post=3943"}],"curies":[{"name":"wp","href":"https:\/\/api.w.org\/{rel}","templated":true}]}}