{"id":3999,"date":"2018-12-31T18:57:03","date_gmt":"2018-12-31T16:57:03","guid":{"rendered":"https:\/\/phiessences.com\/Romania\/?post_type=product&#038;p=3999"},"modified":"2024-04-26T10:29:33","modified_gmt":"2024-04-26T07:29:33","slug":"brosura-noile-esente-de-flori-romana-pdf","status":"publish","type":"product","link":"https:\/\/esentevibrationale.com\/?product=brosura-noile-esente-de-flori-romana-pdf","title":{"rendered":"Bro\u015fura Noile Esen\u0163e de Flori \/ Rom\u00e2n\u0103 \/ PDF"},"content":{"rendered":"<p>Con\u0163ine descrierea urmatoarelor tipuri de esen\u0163e:<\/p>\n<p>Esen\u0163e de Geme<\/p>\n<p>Noile Esen\u0163e de Geme \u015fi de Metale<\/p>\n<p>Esen\u0163e de Ciuperci<\/p>\n<p>Esen\u0163e de Flori Clasice<\/p>\n<p>Spray-uri<\/p>\n<p>Esen\u0163e de Flori S\u0103lbatice<\/p>\n<p>Esen\u0163e din Africa \u015fi din Insulele Canare<\/p>\n<p>Esen\u0163e de Cactu\u015fi<\/p>\n<p>Esen\u0163e de Trandafiri<\/p>\n<p>Creme cu Esen\u0163e<\/p>\n<p>Esen\u0163e de Plante Carnivore<\/p>\n<p>Esen\u0163e de Orhidee din Europa<\/p>\n<p>Esen\u0163e de Orhidee din Amazon<\/p>\n<p>Esen\u0163e Marine<\/p>\n<p>Pandantive \/ Delfin<sup>\u00ae<\/sup><\/p>\n<p>Esen\u0163e de Animale din Europa<\/p>\n<p>Esen\u0163e de Animale din Africa<\/p>\n<p>Esen\u0163e Ambientale<\/p>\n<p>Esen\u0163e Planetare<\/p>\n<ul>\n<li>55 de pagini<\/li>\n<\/ul>\n","protected":false},"excerpt":{"rendered":"<p>Con\u0163ine descrierea urmatoarelor tipuri de esen\u0163e: Esen\u0163e de Geme Noile Esen\u0163e de Geme \u015fi de Metale Esen\u0163e de Ciuperci Esen\u0163e de Flori Clasice Spray-uri Esen\u0163e de Flori S\u0103lbatice Esen\u0163e din Africa \u015fi din Insulele Canare Esen\u0163e de Cactu\u015fi Esen\u0163e de Trandafiri Creme cu Esen\u0163e Esen\u0163e de Plante Carnivore Esen\u0163e de Orhidee din Europa Esen\u0163e de &hellip; <a href=\"https:\/\/esentevibrationale.com\/?product=brosura-noile-esente-de-flori-romana-pdf\" class=\"more-link\">Continu\u0103 lectura <span class=\"screen-reader-text\">Bro\u015fura Noile Esen\u0163e de Flori \/ Rom\u00e2n\u0103 \/ PDF<\/span> <span class=\"meta-nav\">&rarr;<\/span><\/a><\/p>\n","protected":false},"featured_media":5856,"template":"","meta":[],"product_brand":[],"product_cat":[68],"product_tag":[],"class_list":{"0":"post-3999","1":"product","2":"type-product","3":"status-publish","4":"has-post-thumbnail","6":"product_cat-carti-postere-seturi-cu-carduri","8":"first","9":"instock","10":"downloadable","11":"virtual","12":"purchasable","13":"product-type-simple"},"_links":{"self":[{"href":"https:\/\/esentevibrationale.com\/index.php?rest_route=\/wp\/v2\/product\/3999","targetHints":{"allow":["GET"]}}],"collection":[{"href":"https:\/\/esentevibrationale.com\/index.php?rest_route=\/wp\/v2\/product"}],"about":[{"href":"https:\/\/esentevibrationale.com\/index.php?rest_route=\/wp\/v2\/types\/product"}],"wp:featuredmedia":[{"embeddable":true,"href":"https:\/\/esentevibrationale.com\/index.php?rest_route=\/wp\/v2\/media\/5856"}],"wp:attachment":[{"href":"https:\/\/esentevibrationale.com\/index.php?rest_route=%2Fwp%2Fv2%2Fmedia&parent=3999"}],"wp:term":[{"taxonomy":"product_brand","embeddable":true,"href":"https:\/\/esentevibrationale.com\/index.php?rest_route=%2Fwp%2Fv2%2Fproduct_brand&post=3999"},{"taxonomy":"product_cat","embeddable":true,"href":"https:\/\/esentevibrationale.com\/index.php?rest_route=%2Fwp%2Fv2%2Fproduct_cat&post=3999"},{"taxonomy":"product_tag","embeddable":true,"href":"https:\/\/esentevibrationale.com\/index.php?rest_route=%2Fwp%2Fv2%2Fproduct_tag&post=3999"}],"curies":[{"name":"wp","href":"https:\/\/api.w.org\/{rel}","templated":true}]}}