{"id":414,"date":"2018-10-12T20:22:00","date_gmt":"2018-10-12T19:22:00","guid":{"rendered":"http:\/\/phiessences.com\/Romania\/?post_type=product&#038;p=414"},"modified":"2025-12-30T15:17:46","modified_gmt":"2025-12-30T13:17:46","slug":"granat-granet","status":"publish","type":"product","link":"https:\/\/esentevibrationale.com\/?product=granat-granet","title":{"rendered":"Granet \/ Granat"},"content":{"rendered":"<p>Esen\u021ba furnizeaz\u0103 putere \u015fi suport energetic. Aduce \u00eencredere \u00een sine, voin\u0163\u0103 \u015fi \u00eembun\u0103t\u0103\u0163e\u015fte puterile noastre de imagina\u0163ie.<\/p>\n","protected":false},"excerpt":{"rendered":"<p>Esen\u021ba furnizeaz\u0103 putere \u015fi suport energetic. Aduce \u00eencredere \u00een sine, voin\u0163\u0103 \u015fi \u00eembun\u0103t\u0103\u0163e\u015fte puterile noastre de imagina\u0163ie.<\/p>\n","protected":false},"featured_media":14751,"template":"","meta":[],"product_brand":[],"product_cat":[18],"product_tag":[],"class_list":{"0":"post-414","1":"product","2":"type-product","3":"status-publish","4":"has-post-thumbnail","6":"product_cat-esente-de-geme","7":"pa_size-15ml","8":"pa_size-30ml","10":"first","11":"instock","12":"shipping-taxable","13":"purchasable","14":"product-type-variable","15":"has-default-attributes"},"_links":{"self":[{"href":"https:\/\/esentevibrationale.com\/index.php?rest_route=\/wp\/v2\/product\/414","targetHints":{"allow":["GET"]}}],"collection":[{"href":"https:\/\/esentevibrationale.com\/index.php?rest_route=\/wp\/v2\/product"}],"about":[{"href":"https:\/\/esentevibrationale.com\/index.php?rest_route=\/wp\/v2\/types\/product"}],"wp:featuredmedia":[{"embeddable":true,"href":"https:\/\/esentevibrationale.com\/index.php?rest_route=\/wp\/v2\/media\/14751"}],"wp:attachment":[{"href":"https:\/\/esentevibrationale.com\/index.php?rest_route=%2Fwp%2Fv2%2Fmedia&parent=414"}],"wp:term":[{"taxonomy":"product_brand","embeddable":true,"href":"https:\/\/esentevibrationale.com\/index.php?rest_route=%2Fwp%2Fv2%2Fproduct_brand&post=414"},{"taxonomy":"product_cat","embeddable":true,"href":"https:\/\/esentevibrationale.com\/index.php?rest_route=%2Fwp%2Fv2%2Fproduct_cat&post=414"},{"taxonomy":"product_tag","embeddable":true,"href":"https:\/\/esentevibrationale.com\/index.php?rest_route=%2Fwp%2Fv2%2Fproduct_tag&post=414"}],"curies":[{"name":"wp","href":"https:\/\/api.w.org\/{rel}","templated":true}]}}