{"id":419,"date":"2018-10-12T20:33:51","date_gmt":"2018-10-12T19:33:51","guid":{"rendered":"http:\/\/phiessences.com\/Romania\/?post_type=product&#038;p=419"},"modified":"2025-12-30T16:15:25","modified_gmt":"2025-12-30T14:15:25","slug":"jasp-rosu-red-jasper","status":"publish","type":"product","link":"https:\/\/esentevibrationale.com\/?product=jasp-rosu-red-jasper","title":{"rendered":"Red Jasper \/ Jasp Ro\u015fu"},"content":{"rendered":"<p>Esen\u021ba \u00eent\u0103re\u015fte energetic inima. Ne ajut\u0103 s\u0103 recunoa\u015ftem \u015fi s\u0103 \u00een\u0163elegem dragostea adev\u0103rat\u0103. Aceast\u0103 esen\u0163\u0103 are un efect de \u00eemp\u0103m\u00e2ntare \u015fi de protec\u021bie \u015fi ne ajut\u0103 s\u0103 ne dep\u0103\u015fim frica.<\/p>\n","protected":false},"excerpt":{"rendered":"<p>Esen\u021ba \u00eent\u0103re\u015fte energetic inima. Ne ajut\u0103 s\u0103 recunoa\u015ftem \u015fi s\u0103 \u00een\u0163elegem dragostea adev\u0103rat\u0103. Aceast\u0103 esen\u0163\u0103 are un efect de \u00eemp\u0103m\u00e2ntare \u015fi de protec\u021bie \u015fi ne ajut\u0103 s\u0103 ne dep\u0103\u015fim frica.<\/p>\n","protected":false},"featured_media":14752,"template":"","meta":[],"product_brand":[],"product_cat":[18],"product_tag":[],"class_list":{"0":"post-419","1":"product","2":"type-product","3":"status-publish","4":"has-post-thumbnail","6":"product_cat-esente-de-geme","7":"pa_size-15ml","8":"pa_size-30ml","10":"first","11":"instock","12":"shipping-taxable","13":"purchasable","14":"product-type-variable"},"_links":{"self":[{"href":"https:\/\/esentevibrationale.com\/index.php?rest_route=\/wp\/v2\/product\/419","targetHints":{"allow":["GET"]}}],"collection":[{"href":"https:\/\/esentevibrationale.com\/index.php?rest_route=\/wp\/v2\/product"}],"about":[{"href":"https:\/\/esentevibrationale.com\/index.php?rest_route=\/wp\/v2\/types\/product"}],"wp:featuredmedia":[{"embeddable":true,"href":"https:\/\/esentevibrationale.com\/index.php?rest_route=\/wp\/v2\/media\/14752"}],"wp:attachment":[{"href":"https:\/\/esentevibrationale.com\/index.php?rest_route=%2Fwp%2Fv2%2Fmedia&parent=419"}],"wp:term":[{"taxonomy":"product_brand","embeddable":true,"href":"https:\/\/esentevibrationale.com\/index.php?rest_route=%2Fwp%2Fv2%2Fproduct_brand&post=419"},{"taxonomy":"product_cat","embeddable":true,"href":"https:\/\/esentevibrationale.com\/index.php?rest_route=%2Fwp%2Fv2%2Fproduct_cat&post=419"},{"taxonomy":"product_tag","embeddable":true,"href":"https:\/\/esentevibrationale.com\/index.php?rest_route=%2Fwp%2Fv2%2Fproduct_tag&post=419"}],"curies":[{"name":"wp","href":"https:\/\/api.w.org\/{rel}","templated":true}]}}