{"id":423,"date":"2018-10-12T20:36:35","date_gmt":"2018-10-12T19:36:35","guid":{"rendered":"http:\/\/phiessences.com\/Romania\/?post_type=product&#038;p=423"},"modified":"2025-12-30T13:09:37","modified_gmt":"2025-12-30T11:09:37","slug":"coral-coral","status":"publish","type":"product","link":"https:\/\/esentevibrationale.com\/?product=coral-coral","title":{"rendered":"Coral \/ Coral"},"content":{"rendered":"<p>Esen\u021ba stimuleaz\u0103 energiile noastre mentale \u015fi fizice. Ne ajut\u0103 s\u0103 eliber\u0103m blocajele. Sprijin\u0103 procesul de auto-vindecare \u015fi reconstruie\u0219te puterea noastr\u0103 interioar\u0103.<\/p>\n","protected":false},"excerpt":{"rendered":"<p>Esen\u021ba stimuleaz\u0103 energiile noastre mentale \u015fi fizice. Ne ajut\u0103 s\u0103 eliber\u0103m blocajele. Sprijin\u0103 procesul de auto-vindecare \u015fi reconstruie\u0219te puterea noastr\u0103 interioar\u0103.<\/p>\n","protected":false},"featured_media":424,"template":"","meta":[],"product_brand":[],"product_cat":[18],"product_tag":[],"class_list":{"0":"post-423","1":"product","2":"type-product","3":"status-publish","4":"has-post-thumbnail","6":"product_cat-esente-de-geme","7":"pa_size-15ml","8":"pa_size-30ml","10":"first","11":"instock","12":"shipping-taxable","13":"purchasable","14":"product-type-variable","15":"has-default-attributes"},"_links":{"self":[{"href":"https:\/\/esentevibrationale.com\/index.php?rest_route=\/wp\/v2\/product\/423","targetHints":{"allow":["GET"]}}],"collection":[{"href":"https:\/\/esentevibrationale.com\/index.php?rest_route=\/wp\/v2\/product"}],"about":[{"href":"https:\/\/esentevibrationale.com\/index.php?rest_route=\/wp\/v2\/types\/product"}],"wp:featuredmedia":[{"embeddable":true,"href":"https:\/\/esentevibrationale.com\/index.php?rest_route=\/wp\/v2\/media\/424"}],"wp:attachment":[{"href":"https:\/\/esentevibrationale.com\/index.php?rest_route=%2Fwp%2Fv2%2Fmedia&parent=423"}],"wp:term":[{"taxonomy":"product_brand","embeddable":true,"href":"https:\/\/esentevibrationale.com\/index.php?rest_route=%2Fwp%2Fv2%2Fproduct_brand&post=423"},{"taxonomy":"product_cat","embeddable":true,"href":"https:\/\/esentevibrationale.com\/index.php?rest_route=%2Fwp%2Fv2%2Fproduct_cat&post=423"},{"taxonomy":"product_tag","embeddable":true,"href":"https:\/\/esentevibrationale.com\/index.php?rest_route=%2Fwp%2Fv2%2Fproduct_tag&post=423"}],"curies":[{"name":"wp","href":"https:\/\/api.w.org\/{rel}","templated":true}]}}