{"id":427,"date":"2018-10-12T20:45:35","date_gmt":"2018-10-12T19:45:35","guid":{"rendered":"http:\/\/phiessences.com\/Romania\/?post_type=product&#038;p=427"},"modified":"2025-12-30T15:27:29","modified_gmt":"2025-12-30T13:27:29","slug":"lapis-lazuli-lapis-lazuli","status":"publish","type":"product","link":"https:\/\/esentevibrationale.com\/?product=lapis-lazuli-lapis-lazuli","title":{"rendered":"Lapis Lazuli \/ Lapis Lazuli"},"content":{"rendered":"<p>Esen\u021ba este util\u0103 pentru claritate interioar\u0103. Calmeaz\u0103 emo\u021biile. Stimuleaz\u0103 intui\u021bia \u0219i ne ajut\u0103 s\u0103 dezleg\u0103m blocajele. Ne protejeaz\u0103 \u00eempotriva negativit\u0103\u021bii, \u00eent\u0103re\u0219te dorin\u021ba noastr\u0103 de a-i ajuta pe ceilal\u021bi \u0219i de a face fapte bune.<\/p>\n","protected":false},"excerpt":{"rendered":"<p>Esen\u021ba este util\u0103 pentru claritate interioar\u0103. Calmeaz\u0103 emo\u021biile. Stimuleaz\u0103 intui\u021bia \u0219i ne ajut\u0103 s\u0103 dezleg\u0103m blocajele. Ne protejeaz\u0103 \u00eempotriva negativit\u0103\u021bii, \u00eent\u0103re\u0219te dorin\u021ba noastr\u0103 de a-i ajuta pe ceilal\u021bi \u0219i de a face fapte bune.<\/p>\n","protected":false},"featured_media":14747,"template":"","meta":[],"product_brand":[],"product_cat":[18],"product_tag":[],"class_list":{"0":"post-427","1":"product","2":"type-product","3":"status-publish","4":"has-post-thumbnail","6":"product_cat-esente-de-geme","7":"pa_size-15ml","8":"pa_size-30ml","10":"first","11":"instock","12":"shipping-taxable","13":"purchasable","14":"product-type-variable","15":"has-default-attributes"},"_links":{"self":[{"href":"https:\/\/esentevibrationale.com\/index.php?rest_route=\/wp\/v2\/product\/427","targetHints":{"allow":["GET"]}}],"collection":[{"href":"https:\/\/esentevibrationale.com\/index.php?rest_route=\/wp\/v2\/product"}],"about":[{"href":"https:\/\/esentevibrationale.com\/index.php?rest_route=\/wp\/v2\/types\/product"}],"wp:featuredmedia":[{"embeddable":true,"href":"https:\/\/esentevibrationale.com\/index.php?rest_route=\/wp\/v2\/media\/14747"}],"wp:attachment":[{"href":"https:\/\/esentevibrationale.com\/index.php?rest_route=%2Fwp%2Fv2%2Fmedia&parent=427"}],"wp:term":[{"taxonomy":"product_brand","embeddable":true,"href":"https:\/\/esentevibrationale.com\/index.php?rest_route=%2Fwp%2Fv2%2Fproduct_brand&post=427"},{"taxonomy":"product_cat","embeddable":true,"href":"https:\/\/esentevibrationale.com\/index.php?rest_route=%2Fwp%2Fv2%2Fproduct_cat&post=427"},{"taxonomy":"product_tag","embeddable":true,"href":"https:\/\/esentevibrationale.com\/index.php?rest_route=%2Fwp%2Fv2%2Fproduct_tag&post=427"}],"curies":[{"name":"wp","href":"https:\/\/api.w.org\/{rel}","templated":true}]}}