{"id":441,"date":"2018-10-12T21:00:07","date_gmt":"2018-10-12T20:00:07","guid":{"rendered":"http:\/\/phiessences.com\/Romania\/?post_type=product&#038;p=441"},"modified":"2025-12-30T16:00:39","modified_gmt":"2025-12-30T14:00:39","slug":"perla-pearl","status":"publish","type":"product","link":"https:\/\/esentevibrationale.com\/?product=perla-pearl","title":{"rendered":"Pearl \/ Perla"},"content":{"rendered":"<p>Esen\u0163\u0103 este folositoare pentru echilibrarea \u015fi protejarea nivelului emo\u0163ional. Aceast\u0103 esen\u0163\u0103 fortific\u0103 capacitatea senzitiv\u0103 \u0219i \u00a0intui\u0163ia.<\/p>\n","protected":false},"excerpt":{"rendered":"<p>Esen\u0163\u0103 este folositoare pentru echilibrarea \u015fi protejarea nivelului emo\u0163ional. Aceast\u0103 esen\u0163\u0103 fortific\u0103 capacitatea senzitiv\u0103 \u0219i \u00a0intui\u0163ia.<\/p>\n","protected":false},"featured_media":442,"template":"","meta":[],"product_brand":[],"product_cat":[18],"product_tag":[],"class_list":{"0":"post-441","1":"product","2":"type-product","3":"status-publish","4":"has-post-thumbnail","6":"product_cat-esente-de-geme","7":"pa_size-15ml","8":"pa_size-30ml","10":"first","11":"instock","12":"shipping-taxable","13":"purchasable","14":"product-type-variable","15":"has-default-attributes"},"_links":{"self":[{"href":"https:\/\/esentevibrationale.com\/index.php?rest_route=\/wp\/v2\/product\/441","targetHints":{"allow":["GET"]}}],"collection":[{"href":"https:\/\/esentevibrationale.com\/index.php?rest_route=\/wp\/v2\/product"}],"about":[{"href":"https:\/\/esentevibrationale.com\/index.php?rest_route=\/wp\/v2\/types\/product"}],"wp:featuredmedia":[{"embeddable":true,"href":"https:\/\/esentevibrationale.com\/index.php?rest_route=\/wp\/v2\/media\/442"}],"wp:attachment":[{"href":"https:\/\/esentevibrationale.com\/index.php?rest_route=%2Fwp%2Fv2%2Fmedia&parent=441"}],"wp:term":[{"taxonomy":"product_brand","embeddable":true,"href":"https:\/\/esentevibrationale.com\/index.php?rest_route=%2Fwp%2Fv2%2Fproduct_brand&post=441"},{"taxonomy":"product_cat","embeddable":true,"href":"https:\/\/esentevibrationale.com\/index.php?rest_route=%2Fwp%2Fv2%2Fproduct_cat&post=441"},{"taxonomy":"product_tag","embeddable":true,"href":"https:\/\/esentevibrationale.com\/index.php?rest_route=%2Fwp%2Fv2%2Fproduct_tag&post=441"}],"curies":[{"name":"wp","href":"https:\/\/api.w.org\/{rel}","templated":true}]}}