{"id":443,"date":"2018-10-12T21:03:21","date_gmt":"2018-10-12T20:03:21","guid":{"rendered":"http:\/\/phiessences.com\/Romania\/?post_type=product&#038;p=443"},"modified":"2025-12-30T16:14:33","modified_gmt":"2025-12-30T14:14:33","slug":"platinum-platina","status":"publish","type":"product","link":"https:\/\/esentevibrationale.com\/?product=platinum-platina","title":{"rendered":"Platinum \/ Platina"},"content":{"rendered":"<p><em>Esen\u021ba stimul<\/em>eaz\u0103 puterile noastre mintale la toate nivelurile. Este o esen\u0163\u0103 foarte puternic\u0103 din punct de vedere energetic \u0219i se recomand\u0103 s\u0103 fie utilizat\u0103 \u00een dilu\u0163ie sau sub form\u0103 de spray.<\/p>\n","protected":false},"excerpt":{"rendered":"<p>Esen\u021ba stimuleaz\u0103 puterile noastre mintale la toate nivelurile. Este o esen\u0163\u0103 foarte puternic\u0103 din punct de vedere energetic \u0219i se recomand\u0103 s\u0103 fie utilizat\u0103 \u00een dilu\u0163ie sau sub form\u0103 de spray.<\/p>\n","protected":false},"featured_media":14755,"template":"","meta":[],"product_brand":[],"product_cat":[18],"product_tag":[],"class_list":{"0":"post-443","1":"product","2":"type-product","3":"status-publish","4":"has-post-thumbnail","6":"product_cat-esente-de-geme","7":"pa_size-15ml","8":"pa_size-30ml","10":"first","11":"instock","12":"shipping-taxable","13":"purchasable","14":"product-type-variable","15":"has-default-attributes"},"_links":{"self":[{"href":"https:\/\/esentevibrationale.com\/index.php?rest_route=\/wp\/v2\/product\/443","targetHints":{"allow":["GET"]}}],"collection":[{"href":"https:\/\/esentevibrationale.com\/index.php?rest_route=\/wp\/v2\/product"}],"about":[{"href":"https:\/\/esentevibrationale.com\/index.php?rest_route=\/wp\/v2\/types\/product"}],"wp:featuredmedia":[{"embeddable":true,"href":"https:\/\/esentevibrationale.com\/index.php?rest_route=\/wp\/v2\/media\/14755"}],"wp:attachment":[{"href":"https:\/\/esentevibrationale.com\/index.php?rest_route=%2Fwp%2Fv2%2Fmedia&parent=443"}],"wp:term":[{"taxonomy":"product_brand","embeddable":true,"href":"https:\/\/esentevibrationale.com\/index.php?rest_route=%2Fwp%2Fv2%2Fproduct_brand&post=443"},{"taxonomy":"product_cat","embeddable":true,"href":"https:\/\/esentevibrationale.com\/index.php?rest_route=%2Fwp%2Fv2%2Fproduct_cat&post=443"},{"taxonomy":"product_tag","embeddable":true,"href":"https:\/\/esentevibrationale.com\/index.php?rest_route=%2Fwp%2Fv2%2Fproduct_tag&post=443"}],"curies":[{"name":"wp","href":"https:\/\/api.w.org\/{rel}","templated":true}]}}