{"id":454,"date":"2018-10-12T21:22:30","date_gmt":"2018-10-12T20:22:30","guid":{"rendered":"http:\/\/phiessences.com\/Romania\/?post_type=product&#038;p=454"},"modified":"2025-12-30T14:02:10","modified_gmt":"2025-12-30T12:02:10","slug":"violet-sugalite-sugalit-violet","status":"publish","type":"product","link":"https:\/\/esentevibrationale.com\/?product=violet-sugalite-sugalit-violet","title":{"rendered":"Violet Sugalite \/ Sugalit Violet"},"content":{"rendered":"<p>Esen\u021ba ne ajut\u0103 s\u0103 integr\u0103m spiritualitatea \u00een vie\u021bile noastre \u015fi are un efect de cur\u0103\u021bare la nivel emo\u021bional. Promoveaz\u0103 echilibrarea emo\u021bional\u0103 \u015fi ne ajut\u0103 s\u0103 reducem melancolia \u015fi sup\u0103rarea excesiv\u0103.<\/p>\n<p>&nbsp;<\/p>\n","protected":false},"excerpt":{"rendered":"<p>Esen\u021ba ne ajut\u0103 s\u0103 integr\u0103m spiritualitatea \u00een vie\u021bile noastre \u015fi are un efect de cur\u0103\u021bare la nivel emo\u021bional. Promoveaz\u0103 echilibrarea emo\u021bional\u0103 \u015fi ne ajut\u0103 s\u0103 reducem melancolia \u015fi sup\u0103rarea excesiv\u0103. &nbsp;<\/p>\n","protected":false},"featured_media":455,"template":"","meta":[],"product_brand":[],"product_cat":[18],"product_tag":[],"class_list":{"0":"post-454","1":"product","2":"type-product","3":"status-publish","4":"has-post-thumbnail","6":"product_cat-esente-de-geme","7":"pa_size-15ml","8":"pa_size-30ml","10":"first","11":"instock","12":"shipping-taxable","13":"purchasable","14":"product-type-variable","15":"has-default-attributes"},"_links":{"self":[{"href":"https:\/\/esentevibrationale.com\/index.php?rest_route=\/wp\/v2\/product\/454","targetHints":{"allow":["GET"]}}],"collection":[{"href":"https:\/\/esentevibrationale.com\/index.php?rest_route=\/wp\/v2\/product"}],"about":[{"href":"https:\/\/esentevibrationale.com\/index.php?rest_route=\/wp\/v2\/types\/product"}],"wp:featuredmedia":[{"embeddable":true,"href":"https:\/\/esentevibrationale.com\/index.php?rest_route=\/wp\/v2\/media\/455"}],"wp:attachment":[{"href":"https:\/\/esentevibrationale.com\/index.php?rest_route=%2Fwp%2Fv2%2Fmedia&parent=454"}],"wp:term":[{"taxonomy":"product_brand","embeddable":true,"href":"https:\/\/esentevibrationale.com\/index.php?rest_route=%2Fwp%2Fv2%2Fproduct_brand&post=454"},{"taxonomy":"product_cat","embeddable":true,"href":"https:\/\/esentevibrationale.com\/index.php?rest_route=%2Fwp%2Fv2%2Fproduct_cat&post=454"},{"taxonomy":"product_tag","embeddable":true,"href":"https:\/\/esentevibrationale.com\/index.php?rest_route=%2Fwp%2Fv2%2Fproduct_tag&post=454"}],"curies":[{"name":"wp","href":"https:\/\/api.w.org\/{rel}","templated":true}]}}