{"id":493,"date":"2018-10-24T09:54:24","date_gmt":"2018-10-24T07:54:24","guid":{"rendered":"http:\/\/phiessences.com\/Romania\/?post_type=product&#038;p=493"},"modified":"2026-01-03T16:10:25","modified_gmt":"2026-01-03T14:10:25","slug":"aggression-orchid","status":"publish","type":"product","link":"https:\/\/esentevibrationale.com\/?product=aggression-orchid","title":{"rendered":"Aggression Orchid \/ Orhideea Agresiune"},"content":{"rendered":"<p><strong>(Acineta superba)<\/strong><\/p>\n<p><em>Aceast\u0103 orhidee fascineaz\u0103 prin aspectul s\u0103u fantezist. Florile \u00een form\u0103 de gur\u0103 p\u0103tat\u0103 cu pete ro\u0219ii \u00eenfloresc din mugurii mari albi. Au forma unei guri deschise cu din\u021bi \u0219i limb\u0103 ascu\u021bit\u0103. Florile cresc ca un ciorchine, frunzele lor netede ascu\u021bite ies vertical de la baza mugurilor. Asineta Superba poate ajunge p\u00e2n\u0103 la 50 cm \u00een\u0103l\u021bime \u0219i mirosul s\u0103u este \u00eentr-adev\u0103r nepl\u0103cut.<\/em><\/p>\n<p><strong><em>Efectul Esen\u021bei: <\/em><\/strong>Esen\u021b\u0103 elibereaz\u0103 blocajele din R\u0103d\u0103cin\u0103 \u0219i le transform\u0103. Promoveaz\u0103 capacitatea de a elibera energiile blocate. Energetic orhideea este at\u00e2t de puternic\u0103 \u00eenc\u00e2t \u0219i cristalul s-a \u00eenc\u0103lzit, c\u00e2nd a fost elaborat\u0103 esen\u021ba.<\/p>\n<p><strong><em>Efectul Esen\u021bei la Nivel Fizic: <\/em><\/strong>Atunci c\u00e2nd sentimentele legate de sexualitate nu sunt exprimate sau c\u00e2nd agresiunile nu sunt transformate, exist\u0103 anumite blocaje \u00een Chakra R\u0103d\u0103cin\u0103. Aceste blocaje pot ap\u0103rea ca lips\u0103 de vitalitate, sl\u0103biciune, afec\u021biuni abdominale, printre multe altele. Sus\u021bine procesele care ajut\u0103 la descoperirea vitalit\u0103\u021bii, o l\u0103s\u0103m s\u0103 existe \u0219i s\u0103 ne bucur\u0103m de ea.<\/p>\n<p><strong><em>Efectul Esen\u021bei la Nivel Emo\u021bional: <\/em><\/strong>Emo\u021biile exprimate \u0219i tr\u0103ite pot fi un adev\u0103rat &#8222;act de eliberare&#8221; pentru personalitatea. Esen\u021ba orhideei ne sprijin\u0103 s\u0103 st\u0103m al\u0103turi de sentimentele \u0219i nevoile noastre \u0219i s\u0103 le eliber\u0103m. Poate fi folosit\u0103 pentru subcon\u0219tient pentru a procesa \u0219i transforma experien\u021bele &#8222;\u00eengropate&#8221;, legate de violen\u021b\u0103, agresivitate, \u0219i sexualitate.<\/p>\n<p><strong><em>Efectul Esen\u021bei la Nivel Mental: <\/em><\/strong>Esen\u021ba sa promoveaz\u0103 capacitatea de a deveni clari \u00een ceea ce prive\u0219te necesit\u0103\u021bile noastre \u0219i s\u0103 folosim puterea mental\u0103 pentru eliminarea blocajelor. Pot fi exprimate agresivitatea mental\u0103, sexualitatea \u0219i sentimentele.<\/p>\n<p><strong><em>Efectul Esen\u021bei la Nivel Spiritual: <\/em><\/strong>Esen\u021ba are o misiunea de vitalizare, asupra Primei Chakre, care poate conduce la cre\u0219terea energiei Kundalini. Aten\u021bie! Prin urmare este \u00eentotdeauna foarte important ca esen\u021ba s\u0103 fie administrat\u0103 numai dup\u0103 un test profesional. Este important ca Chakrele Superioare s\u0103 fie deschise, astfel energia s\u0103 poat\u0103 circula corect. Emo\u021biile agresive nu mai sunt o povar\u0103, conexiunea dintre Chakrele individului este restabilit\u0103 \u0219i fluxul de energie ajunge la Chakrele Superioare. A\u0219a este posibil\u0103 perceperea mai u\u0219oar\u0103 a experien\u021belor spirituale \u0219i integrarea lor \u00een via\u021b\u0103 cotidian\u0103.<\/p>\n<p><strong><em>Afirma\u021bia: <\/em><\/strong>\u00cemi accept emo\u021biile \u0219i s\u0103 le transform. \u00cemi este bun\u0103 sexualitatea tr\u0103it\u0103 corect.<\/p>\n<p><strong>Esen\u021ba de Gem\u0103 Corespondent\u0103<\/strong>:<\/p>\n<p>Cristal Celest<\/p>\n","protected":false},"excerpt":{"rendered":"<p>(Acineta superba) Aceast\u0103 orhidee fascineaz\u0103 prin aspectul s\u0103u fantezist. Florile \u00een form\u0103 de gur\u0103 p\u0103tat\u0103 cu pete ro\u0219ii \u00eenfloresc din mugurii mari albi. Au forma unei guri deschise cu din\u021bi \u0219i limb\u0103 ascu\u021bit\u0103. Florile cresc ca un ciorchine, frunzele lor netede ascu\u021bite ies vertical de la baza mugurilor. Asineta Superba poate ajunge p\u00e2n\u0103 la 50 &hellip; <a href=\"https:\/\/esentevibrationale.com\/?product=aggression-orchid\" class=\"more-link\">Continu\u0103 lectura <span class=\"screen-reader-text\">Aggression Orchid \/ Orhideea Agresiune<\/span> <span class=\"meta-nav\">&rarr;<\/span><\/a><\/p>\n","protected":false},"featured_media":494,"template":"","meta":[],"product_brand":[],"product_cat":[25],"product_tag":[],"class_list":{"0":"post-493","1":"product","2":"type-product","3":"status-publish","4":"has-post-thumbnail","6":"product_cat-esente-de-orhidee-din-amazon","7":"pa_size-15ml","8":"pa_size-30ml","10":"first","11":"instock","12":"shipping-taxable","13":"purchasable","14":"product-type-variable","15":"has-default-attributes"},"_links":{"self":[{"href":"https:\/\/esentevibrationale.com\/index.php?rest_route=\/wp\/v2\/product\/493","targetHints":{"allow":["GET"]}}],"collection":[{"href":"https:\/\/esentevibrationale.com\/index.php?rest_route=\/wp\/v2\/product"}],"about":[{"href":"https:\/\/esentevibrationale.com\/index.php?rest_route=\/wp\/v2\/types\/product"}],"wp:featuredmedia":[{"embeddable":true,"href":"https:\/\/esentevibrationale.com\/index.php?rest_route=\/wp\/v2\/media\/494"}],"wp:attachment":[{"href":"https:\/\/esentevibrationale.com\/index.php?rest_route=%2Fwp%2Fv2%2Fmedia&parent=493"}],"wp:term":[{"taxonomy":"product_brand","embeddable":true,"href":"https:\/\/esentevibrationale.com\/index.php?rest_route=%2Fwp%2Fv2%2Fproduct_brand&post=493"},{"taxonomy":"product_cat","embeddable":true,"href":"https:\/\/esentevibrationale.com\/index.php?rest_route=%2Fwp%2Fv2%2Fproduct_cat&post=493"},{"taxonomy":"product_tag","embeddable":true,"href":"https:\/\/esentevibrationale.com\/index.php?rest_route=%2Fwp%2Fv2%2Fproduct_tag&post=493"}],"curies":[{"name":"wp","href":"https:\/\/api.w.org\/{rel}","templated":true}]}}