{"id":496,"date":"2018-10-24T10:09:06","date_gmt":"2018-10-24T08:09:06","guid":{"rendered":"http:\/\/phiessences.com\/Romania\/?post_type=product&#038;p=496"},"modified":"2026-01-03T17:18:12","modified_gmt":"2026-01-03T15:18:12","slug":"20-deva-carduri-cu-esente-de-ordidee-din-amazon","status":"publish","type":"product","link":"https:\/\/esentevibrationale.com\/?product=20-deva-carduri-cu-esente-de-ordidee-din-amazon","title":{"rendered":"Set cu 20 Deva Carduri cu Esen\u0163e de Orhidee din Amazon"},"content":{"rendered":"<p><span class=\"Y2IQFc\" lang=\"ro\">Orhideele din Amazon sunt considerate \u201ereginele regnului vegetal\u201d. Cu acest set, Alois Hanslian \u00ee\u0219i prezint\u0103 interpretarea artistic\u0103 a develor florilor de orhidee. Prin imagini \u00eenc\u00e2nt\u0103toare, el dezv\u0103luie lumea de basm a orhideelor \u200b\u200b\u0219i puterile lor vindec\u0103toare minunate. Un t\u0103r\u00e2m anterior ascuns se deschide ochiului uimit al privitorului. <\/span><\/p>\n<p><span class=\"Y2IQFc\" lang=\"ro\">C\u0103r\u021bile prezint\u0103 o scurt\u0103 descriere a calit\u0103\u021bilor vindec\u0103toare ale florilor pe verso, permi\u021b\u00e2nd jocului s\u0103 fie utilizat \u00een practica terapeutic\u0103. Similar remediilor florale Bach, pacientul poate folosi imaginile pentru a se acorda la subcon\u0219tientul s\u0103u \u0219i a alege remediul floral potrivit. O oper\u0103 de art\u0103 unic\u0103 \u0219i un instrument ideal pentru uz terapeutic!<\/span><\/p>\n<p>Greutate: 0,081 kg la acest pre\u0163<\/p>\n","protected":false},"excerpt":{"rendered":"<p><img loading=\"lazy\" decoding=\"async\" class=\"alignnone size-full wp-image-498\" src=\"http:\/\/phiessences.com\/Romania\/wp-content\/uploads\/2018\/10\/Orchideen_devas.jpg\" alt=\"\" width=\"754\" height=\"563\" srcset=\"https:\/\/esentevibrationale.com\/wp-content\/uploads\/2018\/10\/Orchideen_devas.jpg 754w, https:\/\/esentevibrationale.com\/wp-content\/uploads\/2018\/10\/Orchideen_devas-300x224.jpg 300w\" sizes=\"auto, (max-width: 754px) 100vw, 754px\" \/><\/p>\n","protected":false},"featured_media":497,"template":"","meta":[],"product_brand":[],"product_cat":[25],"product_tag":[],"class_list":{"0":"post-496","1":"product","2":"type-product","3":"status-publish","4":"has-post-thumbnail","6":"product_cat-esente-de-orhidee-din-amazon","8":"first","9":"instock","10":"shipping-taxable","11":"purchasable","12":"product-type-simple"},"_links":{"self":[{"href":"https:\/\/esentevibrationale.com\/index.php?rest_route=\/wp\/v2\/product\/496","targetHints":{"allow":["GET"]}}],"collection":[{"href":"https:\/\/esentevibrationale.com\/index.php?rest_route=\/wp\/v2\/product"}],"about":[{"href":"https:\/\/esentevibrationale.com\/index.php?rest_route=\/wp\/v2\/types\/product"}],"wp:featuredmedia":[{"embeddable":true,"href":"https:\/\/esentevibrationale.com\/index.php?rest_route=\/wp\/v2\/media\/497"}],"wp:attachment":[{"href":"https:\/\/esentevibrationale.com\/index.php?rest_route=%2Fwp%2Fv2%2Fmedia&parent=496"}],"wp:term":[{"taxonomy":"product_brand","embeddable":true,"href":"https:\/\/esentevibrationale.com\/index.php?rest_route=%2Fwp%2Fv2%2Fproduct_brand&post=496"},{"taxonomy":"product_cat","embeddable":true,"href":"https:\/\/esentevibrationale.com\/index.php?rest_route=%2Fwp%2Fv2%2Fproduct_cat&post=496"},{"taxonomy":"product_tag","embeddable":true,"href":"https:\/\/esentevibrationale.com\/index.php?rest_route=%2Fwp%2Fv2%2Fproduct_tag&post=496"}],"curies":[{"name":"wp","href":"https:\/\/api.w.org\/{rel}","templated":true}]}}