{"id":505,"date":"2018-10-24T10:43:45","date_gmt":"2018-10-24T08:43:45","guid":{"rendered":"http:\/\/phiessences.com\/Romania\/?post_type=product&#038;p=505"},"modified":"2024-12-20T18:04:57","modified_gmt":"2024-12-20T16:04:57","slug":"victoria-regia","status":"publish","type":"product","link":"https:\/\/esentevibrationale.com\/?product=victoria-regia","title":{"rendered":"Victoria Regia \/ Nuf\u0103r de Dimensiuni Mari"},"content":{"rendered":"<p><strong>\u00a0(Victoria amazonica) <\/strong><\/p>\n<p><em>Victoria Regia apar\u021bine Nymphaeaceaes \u0219i este cea mai mare specie de nuferi din lume. Frunzele sale plutesc pe ap\u0103 \u0219i pot ajunge p\u00e2n\u0103 la 2 m \u00een diametru. Poate fi g\u0103sit \u00een lacurile \u0219i lagunele superficiale din Amazon. Florile mari, albe, similare cu lotusul, par mici pe l\u00e2ng\u0103 frunze, chiar dac\u0103 pot ajunge p\u00e2n\u0103 la 20 &#8211; 30 cm. Florile plutesc direct pe ap\u0103 \u0219i se deschid doar \u00een timpul nop\u021bii.<\/em><\/p>\n<p><strong><em>Efectul Esen\u021bei: <\/em><\/strong>Esen\u021ba con\u021bine o energie subtil\u0103 puternic\u0103 \u0219i cre\u0219te propriet\u0103\u021bile corpului nostru \u00eentr-un mod considerabil. Este \u00een contact cu energia Kundalini \u0219i \u00eei sprijin\u0103 oamenii \u00een procesul mor\u021bii.<\/p>\n<p><strong><em>Efectul Esen\u021bei la Nivel Fizic: <\/em><\/strong>Cu energia esen\u021bei Victoria Regia, vibra\u021biile proprii corpului nostru cresc. Esen\u021ba este \u00een contact cu energia Kundalini \u0219i o face s\u0103 creasc\u0103. \u00cen procesul mor\u021bii vibra\u021bia energetic\u0103 a esen\u021bei faciliteaz\u0103 eliberarea.<\/p>\n<p><strong><em>Efectul Esen\u021bei la Nivel Emo\u021bional: <\/em><\/strong>Esen\u021ba stimuleaz\u0103 procesele de transformare, emo\u021biile care stau \u00een calea acestor procese pot fi astfel, procesate \u0219i rezolvate. Prin eliberarea emo\u021bional\u0103 vom ob\u021bine for\u021ba \u0219i abilitatea de a merge pe c\u0103i noi, facilit\u00e2nd lucrurile pentru muribunzi, pentru a sc\u0103pa \u00een mod con\u0219tient de frici, pentru a fi relaxa\u021bi \u0219i de a se preda cu \u00eencredere procesului.<\/p>\n<p><strong><em>Efectul Esen\u021bei la Nivel Mental: <\/em><\/strong>Adesea noile etape ale vie\u021bii sunt blocate de vechile structuri de g\u00e2ndire. Aici esen\u021ba ne ajut\u0103 s\u0103 sc\u0103p\u0103m de trecut, s\u0103 privim \u00eenainte \u0219i s\u0103 ne implic\u0103m mental \u00een noua orientare.<\/p>\n<p><strong><em>Efectul Esen\u021bei la Nivel Spiritual: <\/em><\/strong>Esen\u021ba ajut\u0103 la cre\u0219terea propriei vibra\u021bii a corpului \u0219i la dezvoltarea con\u0219tientiz\u0103rii sensibile a proceselor spirituale. Ne putem deta\u0219a de fricile p\u0103m\u00e2nte\u0219ti, ne putem sim\u021bi sus\u021binu\u021bi \u0219i ne pred\u0103m cursului vie\u021bii. Pentru a facilita eliberarea corpului de suflet, putem lua c\u00e2teva pic\u0103turi \u00eentre m\u00e2ini \u0219i s\u0103 mas\u0103m cu aten\u021bie corpul persoanei muribunde.<\/p>\n<p><strong><em>Afirma\u021bia: <\/em><\/strong>Energiile mele circul\u0103 repede \u0219i u\u0219or. Am \u00eencredere \u00een destin \u0219i las lucrurile s\u0103 se \u00eent\u00e2mple.<\/p>\n<p>Esen\u021ba de Gem\u0103 Corespondent\u0103:<\/p>\n<p>Rubin<\/p>\n","protected":false},"excerpt":{"rendered":"<p>\u00a0(Victoria amazonica) Victoria Regia apar\u021bine Nymphaeaceaes \u0219i este cea mai mare specie de nuferi din lume. Frunzele sale plutesc pe ap\u0103 \u0219i pot ajunge p\u00e2n\u0103 la 2 m \u00een diametru. Poate fi g\u0103sit \u00een lacurile \u0219i lagunele superficiale din Amazon. Florile mari, albe, similare cu lotusul, par mici pe l\u00e2ng\u0103 frunze, chiar dac\u0103 pot ajunge &hellip; <a href=\"https:\/\/esentevibrationale.com\/?product=victoria-regia\" class=\"more-link\">Continu\u0103 lectura <span class=\"screen-reader-text\">Victoria Regia \/ Nuf\u0103r de Dimensiuni Mari<\/span> <span class=\"meta-nav\">&rarr;<\/span><\/a><\/p>\n","protected":false},"featured_media":506,"template":"","meta":[],"product_brand":[],"product_cat":[25],"product_tag":[],"class_list":{"0":"post-505","1":"product","2":"type-product","3":"status-publish","4":"has-post-thumbnail","6":"product_cat-esente-de-orhidee-din-amazon","7":"pa_size-15ml","8":"pa_size-30ml","10":"first","11":"instock","12":"shipping-taxable","13":"purchasable","14":"product-type-variable","15":"has-default-attributes"},"_links":{"self":[{"href":"https:\/\/esentevibrationale.com\/index.php?rest_route=\/wp\/v2\/product\/505","targetHints":{"allow":["GET"]}}],"collection":[{"href":"https:\/\/esentevibrationale.com\/index.php?rest_route=\/wp\/v2\/product"}],"about":[{"href":"https:\/\/esentevibrationale.com\/index.php?rest_route=\/wp\/v2\/types\/product"}],"wp:featuredmedia":[{"embeddable":true,"href":"https:\/\/esentevibrationale.com\/index.php?rest_route=\/wp\/v2\/media\/506"}],"wp:attachment":[{"href":"https:\/\/esentevibrationale.com\/index.php?rest_route=%2Fwp%2Fv2%2Fmedia&parent=505"}],"wp:term":[{"taxonomy":"product_brand","embeddable":true,"href":"https:\/\/esentevibrationale.com\/index.php?rest_route=%2Fwp%2Fv2%2Fproduct_brand&post=505"},{"taxonomy":"product_cat","embeddable":true,"href":"https:\/\/esentevibrationale.com\/index.php?rest_route=%2Fwp%2Fv2%2Fproduct_cat&post=505"},{"taxonomy":"product_tag","embeddable":true,"href":"https:\/\/esentevibrationale.com\/index.php?rest_route=%2Fwp%2Fv2%2Fproduct_tag&post=505"}],"curies":[{"name":"wp","href":"https:\/\/api.w.org\/{rel}","templated":true}]}}