{"id":508,"date":"2018-10-24T10:56:06","date_gmt":"2018-10-24T08:56:06","guid":{"rendered":"http:\/\/phiessences.com\/Romania\/?post_type=product&#038;p=508"},"modified":"2024-12-20T18:16:23","modified_gmt":"2024-12-20T16:16:23","slug":"venus-orchid","status":"publish","type":"product","link":"https:\/\/esentevibrationale.com\/?product=venus-orchid","title":{"rendered":"Venus Orchid \/ Orhideea Venus"},"content":{"rendered":"<p><strong>(Anguloa clowesii) <\/strong><\/p>\n<p><em>Aura acestei orhidee este ispititoare \u0219i misterioas\u0103. Forma florilor sale galbene seam\u0103n\u0103 cu organul reproduc\u0103tor feminin. Mugurii mici ghemui\u021bi formeaz\u0103 frunze compacte lungi \u0219i liniare asem\u0103n\u0103toare unui evantai. Florile apar \u00een partea de jos a frunzei \u0219i sunt galbene sau uneori albe. Planta cre\u0219te p\u00e2n\u0103 la 50 cm \u00een\u0103l\u021bime.<\/em><\/p>\n<p><strong><em>Efectul Esen\u021bei: <\/em><\/strong>Esen\u021ba Orhideei Venus stimuleaz\u0103 partea feminin\u0103 &#8211; YIN &#8211; \u00een noi. Sunt promovate caracteristici precum: \u00een\u021belegerea d\u0103ruirea, ascultarea, bl\u00e2nde\u021bea \u0219i dragostea. Totodat\u0103, b\u0103rb\u0103\u021bii pot s\u0103 fie atra\u0219i de aceast\u0103 esen\u021b\u0103. Una dintre cele mai potrivite utiliz\u0103ri este pentru a redimensiona &#8222;b\u0103rbatul dur&#8221; \u00een el \u00eensu\u0219i, dezvolt\u00e2ndu-\u0219i \u0219i latura feminin\u0103.<\/p>\n<p><strong><em>Efectul Esen\u021bei la Nivel Fizic: <\/em><\/strong>Esen\u021ba Orhideei Venus permite o relaxare pl\u0103cut\u0103, profund\u0103, care ne ajut\u0103 s\u0103 renun\u021b\u0103m la duritatea de zi cu zi \u0219i s\u0103 ne ar\u0103t\u0103m bl\u00e2nde\u021bea proprie. Aceast\u0103 esen\u021b\u0103 ofer\u0103 o armonie relaxant\u0103 organelor, \u00een special, organelor abdominale, plexului solar \u0219i zonei inimii.<\/p>\n<p><strong><em>Efectul Esen\u021bei la Nivel Emo\u021bional: <\/em><\/strong>Aceast\u0103 orhidee corespunde energiei lui Venus \u0219i cea a lunii, trezind \u00een noi emo\u021biile iubirii, \u00een\u021belegerii profunde, r\u0103bd\u0103rii \u0219i d\u0103ruirii. Aceste emo\u021bii puternice (care sunt pline de iubire) ne intensific\u0103 carisma general\u0103 \u0219i ne promoveaz\u0103 atrac\u021bia feminin\u0103.<\/p>\n<p><strong><em>Efectul Esen\u021bei la Nivel Mental: <\/em><\/strong>Esen\u021ba stimuleaz\u0103 disponibilitatea mental\u0103 de a se implica \u00een calit\u0103\u021bi precum ascultarea, \u00een\u021belegerea, bl\u00e2nde\u021bea, iubirea sau d\u0103ruirea \u0219i de a nu le mai vedea ca elemente care distrug masculinitatea sau emanciparea. Este recunoscut faptul c\u0103 prin deschiderea \u0219i primirea energiei feminine ne a\u0219teapt\u0103 o comoar\u0103 intens\u0103 \u0219i vital\u0103 de experien\u021be.<\/p>\n<p><strong><em>Efectul Esen\u021bei la Nivel Spiritual: <\/em><\/strong>Frecvent ne ascundem partea mai tandr\u0103 \u00een spatele unei m\u0103\u0219ti dure \u0219i insensibile. Pare inutilizabil \u00een via\u021ba cotidian\u0103 dificil\u0103 \u0219i totu\u0219i, recunoa\u0219tem c\u0103 pu\u021bin mai mult\u0103 bl\u00e2nde\u021be \u0219i \u00een\u021belegere ne-ar fi ajutat. Esen\u021ba ne ajut\u0103 s\u0103 dezvolt\u0103m partea feminin\u0103 a personalit\u0103\u021bii noastre cu toate calit\u0103\u021bile sale de armonizare \u0219i ne sprijin\u0103 s\u0103 eman\u0103m energie iubitoare.<\/p>\n<p><strong><em>Afirma\u021bia: <\/em><\/strong>\u00cemi accept feminitatea. Sunt bl\u00e2nde\u021be \u0219i dragoste.<\/p>\n<p><strong>Esen\u021ba de Gem\u0103 Corespondent\u0103: Smarald.<\/strong><\/p>\n","protected":false},"excerpt":{"rendered":"<p>(Anguloa clowesii) Aura acestei orhidee este ispititoare \u0219i misterioas\u0103. Forma florilor sale galbene seam\u0103n\u0103 cu organul reproduc\u0103tor feminin. Mugurii mici ghemui\u021bi formeaz\u0103 frunze compacte lungi \u0219i liniare asem\u0103n\u0103toare unui evantai. Florile apar \u00een partea de jos a frunzei \u0219i sunt galbene sau uneori albe. Planta cre\u0219te p\u00e2n\u0103 la 50 cm \u00een\u0103l\u021bime. Efectul Esen\u021bei: Esen\u021ba Orhideei &hellip; <a href=\"https:\/\/esentevibrationale.com\/?product=venus-orchid\" class=\"more-link\">Continu\u0103 lectura <span class=\"screen-reader-text\">Venus Orchid \/ Orhideea Venus<\/span> <span class=\"meta-nav\">&rarr;<\/span><\/a><\/p>\n","protected":false},"featured_media":13197,"template":"","meta":[],"product_brand":[],"product_cat":[25],"product_tag":[],"class_list":{"0":"post-508","1":"product","2":"type-product","3":"status-publish","4":"has-post-thumbnail","6":"product_cat-esente-de-orhidee-din-amazon","7":"pa_size-15ml","8":"pa_size-30ml","10":"first","11":"instock","12":"shipping-taxable","13":"purchasable","14":"product-type-variable","15":"has-default-attributes"},"_links":{"self":[{"href":"https:\/\/esentevibrationale.com\/index.php?rest_route=\/wp\/v2\/product\/508","targetHints":{"allow":["GET"]}}],"collection":[{"href":"https:\/\/esentevibrationale.com\/index.php?rest_route=\/wp\/v2\/product"}],"about":[{"href":"https:\/\/esentevibrationale.com\/index.php?rest_route=\/wp\/v2\/types\/product"}],"wp:featuredmedia":[{"embeddable":true,"href":"https:\/\/esentevibrationale.com\/index.php?rest_route=\/wp\/v2\/media\/13197"}],"wp:attachment":[{"href":"https:\/\/esentevibrationale.com\/index.php?rest_route=%2Fwp%2Fv2%2Fmedia&parent=508"}],"wp:term":[{"taxonomy":"product_brand","embeddable":true,"href":"https:\/\/esentevibrationale.com\/index.php?rest_route=%2Fwp%2Fv2%2Fproduct_brand&post=508"},{"taxonomy":"product_cat","embeddable":true,"href":"https:\/\/esentevibrationale.com\/index.php?rest_route=%2Fwp%2Fv2%2Fproduct_cat&post=508"},{"taxonomy":"product_tag","embeddable":true,"href":"https:\/\/esentevibrationale.com\/index.php?rest_route=%2Fwp%2Fv2%2Fproduct_tag&post=508"}],"curies":[{"name":"wp","href":"https:\/\/api.w.org\/{rel}","templated":true}]}}