{"id":510,"date":"2018-10-24T11:00:36","date_gmt":"2018-10-24T09:00:36","guid":{"rendered":"http:\/\/phiessences.com\/Romania\/?post_type=product&#038;p=510"},"modified":"2024-12-20T18:07:54","modified_gmt":"2024-12-20T16:07:54","slug":"sun-orchid","status":"publish","type":"product","link":"https:\/\/esentevibrationale.com\/?product=sun-orchid","title":{"rendered":"Sun Orchid \/ Orhideea Soarelui"},"content":{"rendered":"<p><strong>(Epidendrum chioneum) <\/strong><\/p>\n<p><em>Aceast\u0103 Orhidee cre\u0219te pe v\u00e2rfurile mun\u021bilor Chingaza (Columbia). Florile sale galbene \u0219i splendide transmit o putere radiant\u0103, care se confirm\u0103 \u00een cre\u0219terea lor. Poate ajunge p\u00e2n\u0103 la 1 m \u00een\u0103l\u021bime \u0219i cre\u0219te vertical din sol.<\/em><\/p>\n<p><strong><em>Efectul Esen\u021bei: <\/em><\/strong>Esen\u021ba Orhideei Soare aduce echilibru \u00een ego-ul nostru, deschide zona plexului solar \u0219i \u00eel conecteaz\u0103 la un nivel superior.<\/p>\n<p><strong><em>Efectul Esen\u021bei la Nivel Fizic: <\/em><\/strong>Dizarmoniile din zona plexului solar se pot manifesta \u00eentr-o variate de disfunc\u021bii digestive. Prin efectul s\u0103u energetic, aceast\u0103 esen\u021b\u0103 favorizeaz\u0103 procesul de auto-vindecare \u0219i armonizarea Chakrei a-3-a.<\/p>\n<p><strong><em>Efectul Esen\u021bei la Nivel Emo\u021bional: <\/em><\/strong>Esen\u021ba armonizeaz\u0103 atitudinile \u0219i emo\u021biilor egoiste. Plexul solar se conecteaz\u0103 la un nivel superior. Vom \u00eenv\u0103\u021ba s\u0103 ac\u021bion\u0103m nu doar \u00een concordan\u021b\u0103 cu nevoile noastre, ci \u0219i s\u0103 vedem totul \u00een ansamblu.<\/p>\n<p><strong><em>Efectul Esen\u021bei la Nivel Mental: <\/em><\/strong>Esen\u021ba ne conecteaz\u0103 cu energia soarelui promov\u00e2nd puterea noastr\u0103 mentala. Aceasta este o energie intens\u0103 care produce g\u00e2nduri \u0219i comportamente puternice. De asemenea, vom \u00eenv\u0103\u021ba s\u0103 fim oameni corec\u021bi la fel cum orhideea cre\u0219te vertical \u0219i s\u0103 c\u00e2\u0219tig\u0103m prin aceast\u0103 atitudine spiritual\u0103.<\/p>\n<p><strong><em>Efectul Esen\u021bei la Nivel Spiritual: <\/em><\/strong>C\u00e2nd ego-ul trebuie adus din nou \u00een armonie cu legile cosmice aceast\u0103 esen\u021b\u0103 ne va ajuta cu energia sa. \u00cen acest proces spiritual, ne vom elibera de cerin\u021bele egoiste \u0219i ne implic\u0103m \u00een planul cosmic.<\/p>\n<p><strong><em>Afirma\u021bia: <\/em><\/strong>Soarele este \u00een mine. Cosmosul \u0219i cu mine suntem unul.<\/p>\n<p><strong>Esen\u021ba de Gem\u0103 Corespondent\u0103:<\/strong><\/p>\n<p>Cuar\u021b Rutilat<\/p>\n","protected":false},"excerpt":{"rendered":"<p>(Epidendrum chioneum) Aceast\u0103 Orhidee cre\u0219te pe v\u00e2rfurile mun\u021bilor Chingaza (Columbia). Florile sale galbene \u0219i splendide transmit o putere radiant\u0103, care se confirm\u0103 \u00een cre\u0219terea lor. Poate ajunge p\u00e2n\u0103 la 1 m \u00een\u0103l\u021bime \u0219i cre\u0219te vertical din sol. Efectul Esen\u021bei: Esen\u021ba Orhideei Soare aduce echilibru \u00een ego-ul nostru, deschide zona plexului solar \u0219i \u00eel conecteaz\u0103 la &hellip; <a href=\"https:\/\/esentevibrationale.com\/?product=sun-orchid\" class=\"more-link\">Continu\u0103 lectura <span class=\"screen-reader-text\">Sun Orchid \/ Orhideea Soarelui<\/span> <span class=\"meta-nav\">&rarr;<\/span><\/a><\/p>\n","protected":false},"featured_media":511,"template":"","meta":[],"product_brand":[],"product_cat":[25],"product_tag":[],"class_list":{"0":"post-510","1":"product","2":"type-product","3":"status-publish","4":"has-post-thumbnail","6":"product_cat-esente-de-orhidee-din-amazon","7":"pa_size-15ml","8":"pa_size-30ml","10":"first","11":"instock","12":"shipping-taxable","13":"purchasable","14":"product-type-variable","15":"has-default-attributes"},"_links":{"self":[{"href":"https:\/\/esentevibrationale.com\/index.php?rest_route=\/wp\/v2\/product\/510","targetHints":{"allow":["GET"]}}],"collection":[{"href":"https:\/\/esentevibrationale.com\/index.php?rest_route=\/wp\/v2\/product"}],"about":[{"href":"https:\/\/esentevibrationale.com\/index.php?rest_route=\/wp\/v2\/types\/product"}],"wp:featuredmedia":[{"embeddable":true,"href":"https:\/\/esentevibrationale.com\/index.php?rest_route=\/wp\/v2\/media\/511"}],"wp:attachment":[{"href":"https:\/\/esentevibrationale.com\/index.php?rest_route=%2Fwp%2Fv2%2Fmedia&parent=510"}],"wp:term":[{"taxonomy":"product_brand","embeddable":true,"href":"https:\/\/esentevibrationale.com\/index.php?rest_route=%2Fwp%2Fv2%2Fproduct_brand&post=510"},{"taxonomy":"product_cat","embeddable":true,"href":"https:\/\/esentevibrationale.com\/index.php?rest_route=%2Fwp%2Fv2%2Fproduct_cat&post=510"},{"taxonomy":"product_tag","embeddable":true,"href":"https:\/\/esentevibrationale.com\/index.php?rest_route=%2Fwp%2Fv2%2Fproduct_tag&post=510"}],"curies":[{"name":"wp","href":"https:\/\/api.w.org\/{rel}","templated":true}]}}