{"id":518,"date":"2018-10-24T11:18:00","date_gmt":"2018-10-24T09:18:00","guid":{"rendered":"http:\/\/phiessences.com\/Romania\/?post_type=product&#038;p=518"},"modified":"2026-01-03T17:07:40","modified_gmt":"2026-01-03T15:07:40","slug":"inspiration-orchid","status":"publish","type":"product","link":"https:\/\/esentevibrationale.com\/?product=inspiration-orchid","title":{"rendered":"Inspiration Orchid \/ Orhideea Inspira\u0163iei"},"content":{"rendered":"<p><strong>(Cattleya trianaei)<\/strong><\/p>\n<p><em>Cattleya trianae este o floare heraldic\u0103 din Columbia. Cu florile sale mari \u00een form\u0103 de aripi pare c\u0103 plute\u0219te peste tulpini \u0219i inspir\u0103 c\u00e2nd o prive\u0219ti. Pentru elaborarea esen\u021bei a fost folosit\u0103 Cattleya cu flori de culoarea purpuriu \u00eenchis \u0219i cu centrul galben.<\/em><\/p>\n<p><strong><em>Efectul Esen\u021bei: <\/em><\/strong>Esen\u021ba stimuleaz\u0103 inspira\u021bia pentru activitatea artistic\u0103. Ne conect\u0103m cu planul spiritual \u0219i putem aduce aceast\u0103 experien\u021b\u0103 \u00een lumea fizic\u0103 prin creativitatea noastr\u0103.<\/p>\n<p><strong><em>Efectul Esen\u021bei la Nivel Fizic: <\/em><\/strong>Blocajele creative se pot exprima organic \u00een probleme fizice. Obiectivul esen\u021bei este de a distruge tensiunea \u0219i stresul prin a stimula \u0219i exprima creativitatea \u0219i motiva\u021bia.<\/p>\n<p><strong><em>Efectul Esen\u021bei la Nivel Emo\u021bional: <\/em><\/strong>Cea mai important\u0103 proprietate a esen\u021bei Orhideei Inspira\u021bie este de a transforma energia agresiv\u0103 \u00een inspira\u021bie (o putem numi Irisul Orhideelor, cu toate c\u0103 eficacitatea sa este foarte mare). Fiind feri\u021bi de emo\u021biile blocate, vom fi inspira\u021bi de munca artistic\u0103, o putem face mai bine, mai repede \u0219i cu mai mult\u0103 libertate.<\/p>\n<p><em><strong>Efectul Esen\u021bei la Nivel Mental: <\/strong><\/em>At\u00e2t emo\u021biile con\u0219tiente, c\u00e2t \u0219i cele incon\u0219tiente pot &#8222;afecta&#8221; for\u021ba noastr\u0103 mental\u0103 \u0219i de aceea pare imposibil pentru noi s\u0103 implement\u0103m ideile \u0219i planurile noastre. Esen\u021ba ne ajut\u0103 s\u0103 ne conect\u0103m cu puterea noastr\u0103 creativ\u0103 din planul spiritual. Acest poten\u021bial poate fi folosit \u0219i manifestat \u00eentr-un produs artistic prin energii sporite de implementare.<\/p>\n<p><strong><em>Efectul Esen\u021bei la Nivel Spiritual: <\/em><\/strong>Esen\u021ba stimuleaz\u0103 cel de Al Treilea Ochi, stimuleaz\u0103 \u0219i cur\u0103\u021b\u0103 Chakrele Superioare. Ne sprijin\u0103 s\u0103 ne conect\u0103m cu ghizii no\u0219tri spirituali, s\u0103 accept\u0103m mesajul lor, s\u0103 \u00eel \u00een\u021belegem \u0219i \u00een final s\u0103 \u00eel implement\u0103m la nivelul lumii fizice. Vom \u00eenv\u0103\u021ba s\u0103 tr\u0103im \u0219i s\u0103 lucr\u0103m \u00een armonie \u0219i s\u0103 comunic\u0103m cu lumea spiritual\u0103.<\/p>\n<p><strong><em>Afirma\u021bia: <\/em><\/strong>M\u0103 conectez cu dragostea divin\u0103 \u0219i o primesc.<\/p>\n<p><strong>Esen\u021ba de Gem\u0103 Corespondent\u0103: <em>Piatra Lunii<\/em><\/strong><\/p>\n<p><strong><em>Caracteristici Speciale: <\/em><\/strong>Un program na\u021bional a fost realizat \u00een Columbia cu aceast\u0103 esen\u021b\u0103 de Orhidee. Esen\u021ba a fost oferit\u0103 prizonierilor, copiilor cu dificult\u0103\u021bi \u00een \u00eenv\u0103\u021bare \u0219i victimelor atacurilor teroriste.<\/p>\n","protected":false},"excerpt":{"rendered":"<p>(Cattleya trianaei) Cattleya trianae este o floare heraldic\u0103 din Columbia. Cu florile sale mari \u00een form\u0103 de aripi pare c\u0103 plute\u0219te peste tulpini \u0219i inspir\u0103 c\u00e2nd o prive\u0219ti. Pentru elaborarea esen\u021bei a fost folosit\u0103 Cattleya cu flori de culoarea purpuriu \u00eenchis \u0219i cu centrul galben. Efectul Esen\u021bei: Esen\u021ba stimuleaz\u0103 inspira\u021bia pentru activitatea artistic\u0103. Ne conect\u0103m &hellip; <a href=\"https:\/\/esentevibrationale.com\/?product=inspiration-orchid\" class=\"more-link\">Continu\u0103 lectura <span class=\"screen-reader-text\">Inspiration Orchid \/ Orhideea Inspira\u0163iei<\/span> <span class=\"meta-nav\">&rarr;<\/span><\/a><\/p>\n","protected":false},"featured_media":519,"template":"","meta":[],"product_brand":[],"product_cat":[25],"product_tag":[],"class_list":{"0":"post-518","1":"product","2":"type-product","3":"status-publish","4":"has-post-thumbnail","6":"product_cat-esente-de-orhidee-din-amazon","7":"pa_size-15ml","8":"pa_size-30ml","10":"first","11":"instock","12":"shipping-taxable","13":"purchasable","14":"product-type-variable","15":"has-default-attributes"},"_links":{"self":[{"href":"https:\/\/esentevibrationale.com\/index.php?rest_route=\/wp\/v2\/product\/518","targetHints":{"allow":["GET"]}}],"collection":[{"href":"https:\/\/esentevibrationale.com\/index.php?rest_route=\/wp\/v2\/product"}],"about":[{"href":"https:\/\/esentevibrationale.com\/index.php?rest_route=\/wp\/v2\/types\/product"}],"wp:featuredmedia":[{"embeddable":true,"href":"https:\/\/esentevibrationale.com\/index.php?rest_route=\/wp\/v2\/media\/519"}],"wp:attachment":[{"href":"https:\/\/esentevibrationale.com\/index.php?rest_route=%2Fwp%2Fv2%2Fmedia&parent=518"}],"wp:term":[{"taxonomy":"product_brand","embeddable":true,"href":"https:\/\/esentevibrationale.com\/index.php?rest_route=%2Fwp%2Fv2%2Fproduct_brand&post=518"},{"taxonomy":"product_cat","embeddable":true,"href":"https:\/\/esentevibrationale.com\/index.php?rest_route=%2Fwp%2Fv2%2Fproduct_cat&post=518"},{"taxonomy":"product_tag","embeddable":true,"href":"https:\/\/esentevibrationale.com\/index.php?rest_route=%2Fwp%2Fv2%2Fproduct_tag&post=518"}],"curies":[{"name":"wp","href":"https:\/\/api.w.org\/{rel}","templated":true}]}}