{"id":520,"date":"2018-10-24T11:24:27","date_gmt":"2018-10-24T09:24:27","guid":{"rendered":"http:\/\/phiessences.com\/Romania\/?post_type=product&#038;p=520"},"modified":"2026-01-03T17:06:28","modified_gmt":"2026-01-03T15:06:28","slug":"higher-seld-orchid","status":"publish","type":"product","link":"https:\/\/esentevibrationale.com\/?product=higher-seld-orchid","title":{"rendered":"Higher Self Orchid \/ Orhideea Sinelui Superior"},"content":{"rendered":"<p><strong>(Laeliocattleya anceps clara) <\/strong><\/p>\n<p><em>Aceast\u0103 orhidee este nativ\u0103 din zona Amazonului \u0219i are doar dou\u0103 frunze. Cre\u0219te dintr-o tulpin\u0103, din care cre\u0219te tulpina florii p\u00e2n\u0103 la 1 m \u00een\u0103l\u021bime. Florile colorate se aliniaz\u0103 \u00een v\u00e2rf. Pentru prepararea esen\u021bei am folosit o orhidee de culoare purpuriu deschis cu centrul galben.<\/em><\/p>\n<p><strong><em>Efectul Esen\u021bei: <\/em><\/strong>Aceast\u0103 esen\u021b\u0103 ne pune \u00een contact cu Sinele Superior. Stimuleaz\u0103 capacitatea noastr\u0103 de a servi ca mesageri ai informa\u021biilor transmise de lumea spiritelor.<\/p>\n<p><strong><em>Efectul Esen\u021bei la Nivel Fizic: <\/em><\/strong>Esen\u021ba Orhideei Sinele Superior sus\u021bine ascultarea vocii interioare, care este un proces de \u00eenv\u0103\u021bare. Lipsa armoniei din organism este perceput\u0103 mai u\u0219or. Vom g\u0103si un consilier infailibil \u00een vocea noastr\u0103 interioar\u0103, care ne va comunica ce este mai bine pentru noi \u00een acest moment.<\/p>\n<p><strong><em>Efectul Esen\u021bei la Nivel Emo\u021bional: <\/em><\/strong>\u00cenc\u0103rca\u021bi de multe emo\u021bii nu ne putem conecta cu Sinele nostru Superior \u0219i s\u0103 ne l\u0103s\u0103m ghida\u021bi de el. Esen\u021ba ne permite s\u0103 primim iubirea cosmic\u0103 \u0219i s\u0103 o l\u0103s\u0103m s\u0103 curg\u0103 prin noi. \u00cen acest fel, ne vom elibera de emo\u021bii sau vom g\u0103si noi modalit\u0103\u021bi s\u0103 le trat\u0103m.<\/p>\n<p><strong><em>Efectul Esen\u021bei la Nivel Mental: <\/em><\/strong>Esen\u021ba ne stimuleaz\u0103 s\u0103 ne l\u0103rgim perspectiva. Astfel,putem g\u0103si abord\u0103ri mentale noi pentru dezvoltarea personal\u0103 \u0219i stilul de viat\u0103 se consolideaz\u0103 \u00eencredere \u00een c\u0103l\u0103uzirea Sinelui Superior. Acest lucru duce la previziune \u0219i \u0219i la o imagine de ansamblu clar\u0103 asupra situa\u021biei personale \u0219i a securit\u0103\u021bii interne.<\/p>\n<p><strong><em>Efectul Esen\u021bei la Nivel Spiritual: <\/em><\/strong>Aceast\u0103 esen\u021b\u0103 stimuleaz\u0103 abilitatea noastr\u0103 de a fi \u00een contact cu lumea spiritual\u0103. Se bazeaz\u0103 pe purificarea \u0219i deschiderea Chakrelor Superi- oare, prin intermediul lor primim iubirea cosmic\u0103 \u0219i o l\u0103s\u0103m s\u0103 circule \u00een noi.<\/p>\n<p><strong><em>Afirma\u021bia: <\/em><\/strong>Eu sunt expresia Sinelui meu Superior. Sunt deschis\/\u0103 \u0219i deschid ochii.<\/p>\n<p><strong>Esen\u021ba de Gem\u0103 Corespondent\u0103:<\/strong><\/p>\n<p>Cristalul de Roc\u0103.<\/p>\n","protected":false},"excerpt":{"rendered":"<p>(Laeliocattleya anceps clara) Aceast\u0103 orhidee este nativ\u0103 din zona Amazonului \u0219i are doar dou\u0103 frunze. Cre\u0219te dintr-o tulpin\u0103, din care cre\u0219te tulpina florii p\u00e2n\u0103 la 1 m \u00een\u0103l\u021bime. Florile colorate se aliniaz\u0103 \u00een v\u00e2rf. Pentru prepararea esen\u021bei am folosit o orhidee de culoare purpuriu deschis cu centrul galben. Efectul Esen\u021bei: Aceast\u0103 esen\u021b\u0103 ne pune \u00een &hellip; <a href=\"https:\/\/esentevibrationale.com\/?product=higher-seld-orchid\" class=\"more-link\">Continu\u0103 lectura <span class=\"screen-reader-text\">Higher Self Orchid \/ Orhideea Sinelui Superior<\/span> <span class=\"meta-nav\">&rarr;<\/span><\/a><\/p>\n","protected":false},"featured_media":13201,"template":"","meta":[],"product_brand":[],"product_cat":[25],"product_tag":[],"class_list":{"0":"post-520","1":"product","2":"type-product","3":"status-publish","4":"has-post-thumbnail","6":"product_cat-esente-de-orhidee-din-amazon","7":"pa_size-15ml","8":"pa_size-30ml","10":"first","11":"instock","12":"shipping-taxable","13":"purchasable","14":"product-type-variable","15":"has-default-attributes"},"_links":{"self":[{"href":"https:\/\/esentevibrationale.com\/index.php?rest_route=\/wp\/v2\/product\/520","targetHints":{"allow":["GET"]}}],"collection":[{"href":"https:\/\/esentevibrationale.com\/index.php?rest_route=\/wp\/v2\/product"}],"about":[{"href":"https:\/\/esentevibrationale.com\/index.php?rest_route=\/wp\/v2\/types\/product"}],"wp:featuredmedia":[{"embeddable":true,"href":"https:\/\/esentevibrationale.com\/index.php?rest_route=\/wp\/v2\/media\/13201"}],"wp:attachment":[{"href":"https:\/\/esentevibrationale.com\/index.php?rest_route=%2Fwp%2Fv2%2Fmedia&parent=520"}],"wp:term":[{"taxonomy":"product_brand","embeddable":true,"href":"https:\/\/esentevibrationale.com\/index.php?rest_route=%2Fwp%2Fv2%2Fproduct_brand&post=520"},{"taxonomy":"product_cat","embeddable":true,"href":"https:\/\/esentevibrationale.com\/index.php?rest_route=%2Fwp%2Fv2%2Fproduct_cat&post=520"},{"taxonomy":"product_tag","embeddable":true,"href":"https:\/\/esentevibrationale.com\/index.php?rest_route=%2Fwp%2Fv2%2Fproduct_tag&post=520"}],"curies":[{"name":"wp","href":"https:\/\/api.w.org\/{rel}","templated":true}]}}