{"id":522,"date":"2018-10-24T11:29:22","date_gmt":"2018-10-24T09:29:22","guid":{"rendered":"http:\/\/phiessences.com\/Romania\/?post_type=product&#038;p=522"},"modified":"2026-01-03T17:04:20","modified_gmt":"2026-01-03T15:04:20","slug":"heart-orchid-orhideea-inima","status":"publish","type":"product","link":"https:\/\/esentevibrationale.com\/?product=heart-orchid-orhideea-inima","title":{"rendered":"Heart Orchid \/ Orhideea Inimii"},"content":{"rendered":"<p><strong>(Laeliocattleya Hybr)<\/strong><\/p>\n<p><em>Acest tip de Orhidee apare \u00een principal \u00een partea brazilian\u0103 a Amazonului. De-a lungul timpului s-a dezvoltat un num\u0103r mare de variet\u0103\u021bi.<\/em><\/p>\n<p><strong><em>Efectul Esen\u021bei: <\/em><\/strong>Cu esen\u021ba Orhideei Inim\u0103 \u00eenv\u0103\u021b\u0103m s\u0103 transform\u0103m emo\u021biile egoiste \u00een dragoste \u0219i s\u0103 le conect\u0103m cu spiritualitatea.<\/p>\n<p><strong><em>Efectul Esen\u021bei la Nivel Fizic: <\/em><\/strong>\u00cen zona plexului solar lipsa de armonie poate fi reliefat\u0103 \u00een disfunc\u021bionalit\u0103\u021bi digestive. Esen\u021ba aduce armonie \u00een con\u0219tiin\u021ba noastre de sine \u0219i regleaz\u0103 \u00eenclina\u021biile egoiste, care pot cauza problemele corporale men\u021bionate anterior. Prin con\u0219tientizarea care vine din inim\u0103, devenim capabili s\u0103 ne eliber\u0103m de a\u0219tept\u0103rile \u0219i tensiunile rigide \u0219i s\u0103 experiment\u0103m pacea interioar\u0103 \u0219i relaxarea. Efectul energetic de armonizare al esen\u021bei sus\u021bine procesul de auto-vindecare \u00een Chakra Inimii.<\/p>\n<p><strong><em>Efectul Esen\u021bei la Nivel Emo\u021bional: <\/em><\/strong>Esen\u021ba Orhideei Inim\u0103 ne ajut\u0103 s\u0103 vedem cu inima. Acest lucru \u00eenseamn\u0103 c\u0103 emo\u021biile egoiste, care sunt localizate energetic \u00een plexul solar, pot fi recunoscute \u0219i transformate \u00een iubire. Aceast\u0103 dragoste curge spre centrul inimii \u0219i permite ac\u021biuni de iubire s\u0103 fie \u00een armonie cu lumea spiritual\u0103.<\/p>\n<p><strong><em>Efectul Esen\u021bei la Nivel Mental: <\/em><\/strong>G\u00e2ndurile, care au fost anterior orientate exclusiv c\u0103tre \u00eendeplinirea dorin\u021belor personale sunt extinse \u00een con\u0219tientizare. Starea de bine a celorlalte persoane vine \u00een primul plan \u0219i experiment\u0103m o satisfac\u021bie profund\u0103 \u00een inimile noastre, datorit\u0103 faptelor f\u0103cute cu dragoste.<\/p>\n<p><strong><em>Efectul Esen\u021bei la Nivel Spiritual: <\/em><\/strong>Prin intermediul esen\u021bei \u00eenv\u0103\u021b\u0103m s\u0103 unim for\u021ba plexului solar cu calit\u0103\u021bile inimii. La nivel superior este important pentru noi ca plexul solar s\u0103 fie \u00een armonie cu Chakra Inimii \u0219i de asemenea, cu lumea spiritual\u0103 \u0219i cu planul divin.<\/p>\n<p><strong><em>Afirma\u021bia: <\/em><\/strong>\u00cemi deschid inima c\u0103tre iubirea infinit\u0103.<\/p>\n<p><strong>Esen\u021ba de Gem\u0103 Corespondent\u0103: <em>Cuar\u021b Roz.<\/em><\/strong><\/p>\n","protected":false},"excerpt":{"rendered":"<p>(Laeliocattleya Hybr) Acest tip de Orhidee apare \u00een principal \u00een partea brazilian\u0103 a Amazonului. De-a lungul timpului s-a dezvoltat un num\u0103r mare de variet\u0103\u021bi. Efectul Esen\u021bei: Cu esen\u021ba Orhideei Inim\u0103 \u00eenv\u0103\u021b\u0103m s\u0103 transform\u0103m emo\u021biile egoiste \u00een dragoste \u0219i s\u0103 le conect\u0103m cu spiritualitatea. Efectul Esen\u021bei la Nivel Fizic: \u00cen zona plexului solar lipsa de armonie &hellip; <a href=\"https:\/\/esentevibrationale.com\/?product=heart-orchid-orhideea-inima\" class=\"more-link\">Continu\u0103 lectura <span class=\"screen-reader-text\">Heart Orchid \/ Orhideea Inimii<\/span> <span class=\"meta-nav\">&rarr;<\/span><\/a><\/p>\n","protected":false},"featured_media":13202,"template":"","meta":[],"product_brand":[],"product_cat":[25],"product_tag":[],"class_list":{"0":"post-522","1":"product","2":"type-product","3":"status-publish","4":"has-post-thumbnail","6":"product_cat-esente-de-orhidee-din-amazon","7":"pa_size-15ml","8":"pa_size-30ml","10":"first","11":"instock","12":"shipping-taxable","13":"purchasable","14":"product-type-variable","15":"has-default-attributes"},"_links":{"self":[{"href":"https:\/\/esentevibrationale.com\/index.php?rest_route=\/wp\/v2\/product\/522","targetHints":{"allow":["GET"]}}],"collection":[{"href":"https:\/\/esentevibrationale.com\/index.php?rest_route=\/wp\/v2\/product"}],"about":[{"href":"https:\/\/esentevibrationale.com\/index.php?rest_route=\/wp\/v2\/types\/product"}],"wp:featuredmedia":[{"embeddable":true,"href":"https:\/\/esentevibrationale.com\/index.php?rest_route=\/wp\/v2\/media\/13202"}],"wp:attachment":[{"href":"https:\/\/esentevibrationale.com\/index.php?rest_route=%2Fwp%2Fv2%2Fmedia&parent=522"}],"wp:term":[{"taxonomy":"product_brand","embeddable":true,"href":"https:\/\/esentevibrationale.com\/index.php?rest_route=%2Fwp%2Fv2%2Fproduct_brand&post=522"},{"taxonomy":"product_cat","embeddable":true,"href":"https:\/\/esentevibrationale.com\/index.php?rest_route=%2Fwp%2Fv2%2Fproduct_cat&post=522"},{"taxonomy":"product_tag","embeddable":true,"href":"https:\/\/esentevibrationale.com\/index.php?rest_route=%2Fwp%2Fv2%2Fproduct_tag&post=522"}],"curies":[{"name":"wp","href":"https:\/\/api.w.org\/{rel}","templated":true}]}}