{"id":524,"date":"2018-10-24T11:33:05","date_gmt":"2018-10-24T09:33:05","guid":{"rendered":"http:\/\/phiessences.com\/Romania\/?post_type=product&#038;p=524"},"modified":"2026-01-03T16:56:07","modified_gmt":"2026-01-03T14:56:07","slug":"fun-orchid-orhideea-distractie","status":"publish","type":"product","link":"https:\/\/esentevibrationale.com\/?product=fun-orchid-orhideea-distractie","title":{"rendered":"Fun Orchid \/ Orhideea Distrac\u0163iei"},"content":{"rendered":"<p><strong>(Vanda tricolor) <\/strong><\/p>\n<p><em>Prin cele trei culori \u0219i modelul florilor sale, Orhideea Distrac\u021bie evoc\u0103 imaginea unor \u00eengeri mici \u0219i veseli. Florile cresc ca panicule din axilele frunzelor superioare, form\u00e2nd buche\u021bele. Se \u00eencunun\u0103, ca sa zic a\u0219a, frunzi\u0219ul suprapus cu frunze uniforme.<\/em><\/p>\n<p><strong><em>Efectul Esen\u021bei: <\/em><\/strong>Aceast\u0103 esen\u021b\u0103 aduce umor bun \u0219i bucurie de via\u021b\u0103. Ne ajut\u0103 s\u0103 dezvolt\u0103m o nou\u0103 con\u0219tiin\u021b\u0103 fa\u021b\u0103 de probleme \u0219i s\u0103 le observ\u0103m dintr-o alt\u0103 perspectiv\u0103.<\/p>\n<p><strong><em>Efectul Esen\u021bei la Nivel Fizic: <\/em><\/strong>Aceast\u0103 esen\u021b\u0103 poate ajuta persoanele depresive, triste pentru a le armoniza inconvenien\u021bele corporale generate de starea lor de spirit. De exemplu: pot fi tipuri diferite de crampe interne, care se pot vindeca prin armonizare energetic\u0103. Este foarte frecvent recomandat\u0103 pentru copii.<\/p>\n<p><strong><em>Efectul Esen\u021bei la Nivel Emo\u021bional: <\/em><\/strong>Esen\u021ba poate ajuta la eliberarea blocajelor care ne \u00eempiedic\u0103 s\u0103 \u00eenaint\u0103m. Astfel de blocaje \u00ee\u0219i au originea \u00een emo\u021biile reprimate, dezam\u0103giri pe termen lung, r\u0103ni emo\u021bionale, etc. Treze\u0219te copilul interior \u0219i ne permite s\u0103 radiem senin\u0103tate \u0219i calmitate din interior. Sim\u021bul umorului nostru &#8222;cre\u0219te&#8221;. Acest lucru poate fi demonstrat prin faptul c\u0103 putem analiza situa\u021bia dintr-o perspectiv\u0103 superioar\u0103 \u0219i vom realiza c\u0103 acum vom afla c\u0103 suntem capabili s\u0103 z\u00e2mbim \u00een leg\u0103tur\u0103 cu aceasta.<\/p>\n<p><strong><em>Efectul Esen\u021bei la Nivel Mental: <\/em><\/strong>Esen\u021ba stimuleaz\u0103 g\u00e2ndurile clare \u0219i vesele \u0219i astfel permite o via\u021b\u0103 mai intens\u0103 &#8222;aici \u0219i acum&#8221; (din nou). Bucuria de a tr\u0103i prime\u0219te un nou impuls \u0219i persoana poate s\u0103 \u00ee\u0219i \u00eendeplineasc\u0103 sarcina \u00eentr-o manier\u0103 mult mai relaxat\u0103 \u0219i satisf\u0103c\u0103toare. Ne une\u0219te cu copilul nostru interior. Ca rezultat al acestui lucru, vom sim\u021bi satisfac\u021bie, prezen\u021ba spiritual\u0103 \u0219i o for\u021b\u0103 re\u00eennoit\u0103 pentru a ne adapta via\u021ba la ceea ce am sperat.<\/p>\n<p><strong><em>Efectul Esen\u021bei la Nivel Spiritual: <\/em><\/strong>&#8222;\u00cengerii cu flori&#8221; ai acestei esen\u021be pare ca vor s\u0103 ne spun\u0103: &#8222;Vino aici sus \u0219i prive\u0219te ce persoan\u0103 \u00eendurerat\u0103 ai devenit!&#8221;. Cu aceast\u0103 esen\u021b\u0103 ne vom putea ridica pe noi \u00een\u0219ine s\u0103 vedem disputele p\u0103m\u00e2nte\u0219ti cu veselie, s\u0103 ne eliber\u0103m de leg\u0103turile m\u00e2niei \u0219i s\u0103 sim\u021bim bucuria pur\u0103 a vie\u021bii<\/p>\n<p><strong><em>Afirma\u021bia: <\/em><\/strong>Bucuria vital\u0103 m\u0103 face mai u\u0219or\/ u\u0219oar\u0103. R\u00e2d cu \u00cengerii.<\/p>\n<p><strong>Esen\u021ba de Gem\u0103 Corespondent\u0103: <em>Olivina (peridot, chrysolite).<\/em><\/strong><\/p>\n","protected":false},"excerpt":{"rendered":"<p>(Vanda tricolor) Prin cele trei culori \u0219i modelul florilor sale, Orhideea Distrac\u021bie evoc\u0103 imaginea unor \u00eengeri mici \u0219i veseli. Florile cresc ca panicule din axilele frunzelor superioare, form\u00e2nd buche\u021bele. Se \u00eencunun\u0103, ca sa zic a\u0219a, frunzi\u0219ul suprapus cu frunze uniforme. Efectul Esen\u021bei: Aceast\u0103 esen\u021b\u0103 aduce umor bun \u0219i bucurie de via\u021b\u0103. Ne ajut\u0103 s\u0103 dezvolt\u0103m &hellip; <a href=\"https:\/\/esentevibrationale.com\/?product=fun-orchid-orhideea-distractie\" class=\"more-link\">Continu\u0103 lectura <span class=\"screen-reader-text\">Fun Orchid \/ Orhideea Distrac\u0163iei<\/span> <span class=\"meta-nav\">&rarr;<\/span><\/a><\/p>\n","protected":false},"featured_media":13203,"template":"","meta":[],"product_brand":[],"product_cat":[25],"product_tag":[],"class_list":{"0":"post-524","1":"product","2":"type-product","3":"status-publish","4":"has-post-thumbnail","6":"product_cat-esente-de-orhidee-din-amazon","7":"pa_size-15ml","8":"pa_size-30ml","10":"first","11":"instock","12":"shipping-taxable","13":"purchasable","14":"product-type-variable","15":"has-default-attributes"},"_links":{"self":[{"href":"https:\/\/esentevibrationale.com\/index.php?rest_route=\/wp\/v2\/product\/524","targetHints":{"allow":["GET"]}}],"collection":[{"href":"https:\/\/esentevibrationale.com\/index.php?rest_route=\/wp\/v2\/product"}],"about":[{"href":"https:\/\/esentevibrationale.com\/index.php?rest_route=\/wp\/v2\/types\/product"}],"wp:featuredmedia":[{"embeddable":true,"href":"https:\/\/esentevibrationale.com\/index.php?rest_route=\/wp\/v2\/media\/13203"}],"wp:attachment":[{"href":"https:\/\/esentevibrationale.com\/index.php?rest_route=%2Fwp%2Fv2%2Fmedia&parent=524"}],"wp:term":[{"taxonomy":"product_brand","embeddable":true,"href":"https:\/\/esentevibrationale.com\/index.php?rest_route=%2Fwp%2Fv2%2Fproduct_brand&post=524"},{"taxonomy":"product_cat","embeddable":true,"href":"https:\/\/esentevibrationale.com\/index.php?rest_route=%2Fwp%2Fv2%2Fproduct_cat&post=524"},{"taxonomy":"product_tag","embeddable":true,"href":"https:\/\/esentevibrationale.com\/index.php?rest_route=%2Fwp%2Fv2%2Fproduct_tag&post=524"}],"curies":[{"name":"wp","href":"https:\/\/api.w.org\/{rel}","templated":true}]}}