{"id":528,"date":"2018-10-24T14:24:24","date_gmt":"2018-10-24T12:24:24","guid":{"rendered":"http:\/\/phiessences.com\/Romania\/?post_type=product&#038;p=528"},"modified":"2026-01-03T16:51:46","modified_gmt":"2026-01-03T14:51:46","slug":"deva-orchid-orhideea-deva","status":"publish","type":"product","link":"https:\/\/esentevibrationale.com\/?product=deva-orchid-orhideea-deva","title":{"rendered":"Deva Orchid \/ Orhideea Deva"},"content":{"rendered":"<p><strong>(Edidendrum prismatocarpum)<\/strong><\/p>\n<p><em>Petalele galben verzui ale acestei orhidee seam\u0103n\u0103 cu \u00eengerii dansatori cu o glug\u0103 alb\u0103. Cre\u0219te parc\u0103 ar fi o r\u0103d\u0103cin\u0103 ondulat\u0103 la tulpina florilor, se poate fi recunoa\u0219te prin frunzele sale alungite \u0219i rotunjite aranjate \u00een spiral\u0103. Florile apar \u00een num\u0103r mare pe tulpina vertical\u0103, pe care frunzele sunt a\u0219ezate \u00een spiral\u0103.<\/em><\/p>\n<p><strong><em>Efectul Esen\u021bei: <\/em><\/strong>Esen\u021ba Orhideei Deva ne aduce \u00een contact cu energiile naturale ale diferitelor elemente la nivel subtil. Ne deschide con\u0219tientizarea regatului mineral \u0219i a spiritelor de ap\u0103.<\/p>\n<p><strong><em>Efectul Esen\u021bei la Nivel Fizic: <\/em><\/strong>Aceast\u0103 esen\u021b\u0103 poate oferi un ajutor subtil, dac\u0103 vrem s\u0103 fim \u00eenso\u021bi\u021bi de for\u021bele naturale \u00een timpul tratamentului bolii. Poate sparge zidurile care ne-au rupt de puterea naturii.<\/p>\n<p><strong><em>Efectul Esen\u021bei la Nivel Emo\u021bional: <\/em><\/strong>Prin intermediul acestei esen\u021be emo\u021biile noastre &#8222;p\u0103m\u00e2nte\u0219ti&#8221; vor putea primi sprijin din lumea subtil\u0103. Vom primi confort, motiva\u021bie, \u00eencurajare sau alte sfaturi \u0219i asta ne va ajuta s\u0103 lucr\u0103m cu emo\u021biile noastre mai u\u0219or.<\/p>\n<p><strong><em>Efectul Esen\u021bei la Nivel Mental: <\/em><\/strong>Aceast\u0103 esen\u021b\u0103 deschide accesul spre comunicarea cu regatul mineralelor \u0219i cel al plantelor, cu necesit\u0103\u021bile z\u00e2nelor \u0219i silfelor apelor. Noul mod de comunicare extinde con\u0219tientizarea, for\u021ba mental\u0103 \u0219i permite s\u0103 percepem cunoa\u0219terea din dimensiunile superioare \u0219i s\u0103 o transfer\u0103m \u00een via\u021ba noastr\u0103 cotidian\u0103.<\/p>\n<p><strong><em>Efectul Esen\u021bei la Nivel Spiritual: <\/em><\/strong>Pe l\u00e2ng\u0103 experien\u021bele terestre proprii Orhideea ne permite s\u0103 descoperim &#8222;comoara&#8221; naturii. Stimuleaz\u0103 fluxul de energie dintre individ \u0219i natur\u0103, \u00een timp ce revigoreaz\u0103 rela\u021bia cu regatul plantelor, regatul mineralelor \u0219i cel elementar, precum \u0219i cu necesit\u0103\u021bile z\u00e2nelor \u0219i silfelor.<\/p>\n<p><strong><em>Caracteristici Speciale<\/em><\/strong><em>: <\/em>Orhideea Deva stimuleaz\u0103 cre\u0219terea plantelor. Cu acest scop pune\u021bi c\u00e2teva pic\u0103turi \u00een apa pentru irigarea a plantei sau pulveriza\u021bi planta cu un vaporizator.<\/p>\n<p><strong><em>Afirma\u021bia: <\/em><\/strong>\u00cemi deschid inima la mesajul florilor.<\/p>\n<p><strong>Esen\u021ba de Gem\u0103 Corespondent\u0103:<\/strong><\/p>\n<p>Amazonit.<\/p>\n","protected":false},"excerpt":{"rendered":"<p>(Edidendrum prismatocarpum) Petalele galben verzui ale acestei orhidee seam\u0103n\u0103 cu \u00eengerii dansatori cu o glug\u0103 alb\u0103. Cre\u0219te parc\u0103 ar fi o r\u0103d\u0103cin\u0103 ondulat\u0103 la tulpina florilor, se poate fi recunoa\u0219te prin frunzele sale alungite \u0219i rotunjite aranjate \u00een spiral\u0103. Florile apar \u00een num\u0103r mare pe tulpina vertical\u0103, pe care frunzele sunt a\u0219ezate \u00een spiral\u0103. Efectul &hellip; <a href=\"https:\/\/esentevibrationale.com\/?product=deva-orchid-orhideea-deva\" class=\"more-link\">Continu\u0103 lectura <span class=\"screen-reader-text\">Deva Orchid \/ Orhideea Deva<\/span> <span class=\"meta-nav\">&rarr;<\/span><\/a><\/p>\n","protected":false},"featured_media":13205,"template":"","meta":[],"product_brand":[],"product_cat":[25],"product_tag":[],"class_list":{"0":"post-528","1":"product","2":"type-product","3":"status-publish","4":"has-post-thumbnail","6":"product_cat-esente-de-orhidee-din-amazon","7":"pa_size-15ml","8":"pa_size-30ml","10":"first","11":"instock","12":"shipping-taxable","13":"purchasable","14":"product-type-variable","15":"has-default-attributes"},"_links":{"self":[{"href":"https:\/\/esentevibrationale.com\/index.php?rest_route=\/wp\/v2\/product\/528","targetHints":{"allow":["GET"]}}],"collection":[{"href":"https:\/\/esentevibrationale.com\/index.php?rest_route=\/wp\/v2\/product"}],"about":[{"href":"https:\/\/esentevibrationale.com\/index.php?rest_route=\/wp\/v2\/types\/product"}],"wp:featuredmedia":[{"embeddable":true,"href":"https:\/\/esentevibrationale.com\/index.php?rest_route=\/wp\/v2\/media\/13205"}],"wp:attachment":[{"href":"https:\/\/esentevibrationale.com\/index.php?rest_route=%2Fwp%2Fv2%2Fmedia&parent=528"}],"wp:term":[{"taxonomy":"product_brand","embeddable":true,"href":"https:\/\/esentevibrationale.com\/index.php?rest_route=%2Fwp%2Fv2%2Fproduct_brand&post=528"},{"taxonomy":"product_cat","embeddable":true,"href":"https:\/\/esentevibrationale.com\/index.php?rest_route=%2Fwp%2Fv2%2Fproduct_cat&post=528"},{"taxonomy":"product_tag","embeddable":true,"href":"https:\/\/esentevibrationale.com\/index.php?rest_route=%2Fwp%2Fv2%2Fproduct_tag&post=528"}],"curies":[{"name":"wp","href":"https:\/\/api.w.org\/{rel}","templated":true}]}}