{"id":531,"date":"2018-10-24T14:29:29","date_gmt":"2018-10-24T12:29:29","guid":{"rendered":"http:\/\/phiessences.com\/Romania\/?post_type=product&#038;p=531"},"modified":"2026-01-03T16:48:43","modified_gmt":"2026-01-03T14:48:43","slug":"coordonation-orchid-orhideea-coordonare","status":"publish","type":"product","link":"https:\/\/esentevibrationale.com\/?product=coordonation-orchid-orhideea-coordonare","title":{"rendered":"Coordonation Orchid \/ Orhideea Coordonare"},"content":{"rendered":"<p><strong>(Cymbidium lowianum) <\/strong><\/p>\n<p><em>Genul Cymbidium este printre cele mai renumite orhidee. Sunt apreciate ca plante decorative datorit\u0103 peniculelor lor bogate \u00een flori \u0219i frunzelor lungi \u00een form\u0103 de sabie. De obicei \u00eenflore\u0219te iarna \u0219i are o varietate de combina\u021bii de culori: verde, galben, alb sau ro\u0219u.<\/em><\/p>\n<p><strong><em>Efectul Esen\u021bei: <\/em><\/strong>Esen\u021ba ne \u00eenva\u021b\u0103 s\u0103 ne conect\u0103m cu Chakra a-XI-a, care este centrul organiz\u0103rii \u0219i al coordon\u0103rii structurii corporale \u0219i s\u0103 ne dezvolt\u0103m puterile de auto-vindecare la toate nivelurile. Fiecare nucleu celular este \u00een contact cu aceast\u0103 Chakr\u0103 \u0219i astfel, totodat\u0103, cu cosmosul. Reprezint\u0103 locul \u00een care gestion\u0103m forma cosmic\u0103 \u0219i a legilor de formare. Aceast\u0103 esen\u021b\u0103 are o energie imens\u0103, care poate fi intens resim\u021bit\u0103 \u00een inim\u0103 \u0219i \u00een lobul frontal al creierului.<\/p>\n<p><strong><em>Efectul Esen\u021bei la Nivel Fizic<\/em><\/strong>: Esen\u021ba Orhideei Coordonare ne ajut\u0103 s\u0103 fim con\u0219tien\u021bi de planul nostru fizic. Energia care poart\u0103 informa\u021biile vindec\u0103rii poate trece prin Chakra Inimii \u0219i s\u0103 ofere sprijin procesului de vindecare la nivelul fizic.<\/p>\n<p><strong><em>Efectul Esen\u021bei la Nivel Emo\u021bional: <\/em><\/strong>Boala poate crea o mul\u021bime de emo\u021bii \u0219i uneori este dificil s\u0103 le facem fa\u021b\u0103. Prin inim\u0103 \u0219i prin interior sim\u021bim cum curge energia acestei esen\u021be sub form\u0103 de consolare \u0219i for\u021b\u0103, oferind mai mult\u0103 \u00eencredere \u00een capacitatea noastr\u0103 de auto-vindecare.<\/p>\n<p><strong><em>Efectul Esen\u021bei la Nivel Mental<\/em><\/strong>: Prin schimbul cu con\u0219tiin\u021ba celular\u0103, cum ar fi cea pe care o promoveaz\u0103 aceast\u0103 esen\u021b\u0103, este mai u\u0219or, s\u0103 intr\u0103m \u00een contact cu organul bolnav \u0219i s\u0103 g\u0103sim sprijin suplimentar pentru auto-vindecare \u00een aceast\u0103 situa\u021bie. G\u00e2ndurile &#8222;bolnave&#8221;, distructive pot fi recunoscute \u0219i astfel rezolvate.<\/p>\n<p><strong><em>Efectul Esen\u021bei la Nivel Spiritual: <\/em><\/strong>Esen\u021ba promoveaz\u0103 abilitatea noastr\u0103 de a face fa\u021b\u0103 unei con\u0219tiin\u021be noi \u00een ceea ce prive\u0219te corpul cuiva, tendin\u021ba spre boal\u0103, structura corpului, posibilele boli, etc. Acest lucru creeaz\u0103 o \u00een\u021belegere profund\u0103 a noastr\u0103 \u0219i a nevoilor corpului, min\u021bii \u0219i ale sufletului nostru.<\/p>\n<p><strong><em>Afirma\u021bia: <\/em><\/strong>Con\u0219tiin\u021ba mea este exprimat\u0103 \u00een fiecare celul\u0103 a corpului meu. M\u0103 vindec pe mine at\u00e2t \u00een interior c\u00e2t \u0219i \u00een exterior.<\/p>\n<p><strong>Esen\u021ba de Gem\u0103 Corespondent\u0103<em>:<\/em><\/strong><\/p>\n<p>Turmalina Pepene Verde.<\/p>\n","protected":false},"excerpt":{"rendered":"<p>(Cymbidium lowianum) Genul Cymbidium este printre cele mai renumite orhidee. Sunt apreciate ca plante decorative datorit\u0103 peniculelor lor bogate \u00een flori \u0219i frunzelor lungi \u00een form\u0103 de sabie. De obicei \u00eenflore\u0219te iarna \u0219i are o varietate de combina\u021bii de culori: verde, galben, alb sau ro\u0219u. Efectul Esen\u021bei: Esen\u021ba ne \u00eenva\u021b\u0103 s\u0103 ne conect\u0103m cu Chakra &hellip; <a href=\"https:\/\/esentevibrationale.com\/?product=coordonation-orchid-orhideea-coordonare\" class=\"more-link\">Continu\u0103 lectura <span class=\"screen-reader-text\">Coordonation Orchid \/ Orhideea Coordonare<\/span> <span class=\"meta-nav\">&rarr;<\/span><\/a><\/p>\n","protected":false},"featured_media":13206,"template":"","meta":[],"product_brand":[],"product_cat":[25],"product_tag":[],"class_list":{"0":"post-531","1":"product","2":"type-product","3":"status-publish","4":"has-post-thumbnail","6":"product_cat-esente-de-orhidee-din-amazon","7":"pa_size-15ml","8":"pa_size-30ml","10":"first","11":"instock","12":"shipping-taxable","13":"purchasable","14":"product-type-variable","15":"has-default-attributes"},"_links":{"self":[{"href":"https:\/\/esentevibrationale.com\/index.php?rest_route=\/wp\/v2\/product\/531","targetHints":{"allow":["GET"]}}],"collection":[{"href":"https:\/\/esentevibrationale.com\/index.php?rest_route=\/wp\/v2\/product"}],"about":[{"href":"https:\/\/esentevibrationale.com\/index.php?rest_route=\/wp\/v2\/types\/product"}],"wp:featuredmedia":[{"embeddable":true,"href":"https:\/\/esentevibrationale.com\/index.php?rest_route=\/wp\/v2\/media\/13206"}],"wp:attachment":[{"href":"https:\/\/esentevibrationale.com\/index.php?rest_route=%2Fwp%2Fv2%2Fmedia&parent=531"}],"wp:term":[{"taxonomy":"product_brand","embeddable":true,"href":"https:\/\/esentevibrationale.com\/index.php?rest_route=%2Fwp%2Fv2%2Fproduct_brand&post=531"},{"taxonomy":"product_cat","embeddable":true,"href":"https:\/\/esentevibrationale.com\/index.php?rest_route=%2Fwp%2Fv2%2Fproduct_cat&post=531"},{"taxonomy":"product_tag","embeddable":true,"href":"https:\/\/esentevibrationale.com\/index.php?rest_route=%2Fwp%2Fv2%2Fproduct_tag&post=531"}],"curies":[{"name":"wp","href":"https:\/\/api.w.org\/{rel}","templated":true}]}}