{"id":533,"date":"2018-10-24T14:32:53","date_gmt":"2018-10-24T12:32:53","guid":{"rendered":"http:\/\/phiessences.com\/Romania\/?post_type=product&#038;p=533"},"modified":"2026-01-03T16:43:56","modified_gmt":"2026-01-03T14:43:56","slug":"colour-orchid-orhideea-culoare","status":"publish","type":"product","link":"https:\/\/esentevibrationale.com\/?product=colour-orchid-orhideea-culoare","title":{"rendered":"Colour Orchid \/ Orhideea Culoare"},"content":{"rendered":"<p><strong>(Oncidium lanceanum)<\/strong><\/p>\n<p><em>Orhideea Culoare doar prin aspectul s\u0103u exterior ne arat\u0103: vigoare, schimbare varietate \u0219i c\u0103 putem ad\u0103uga culoare vie\u021bii noastre. Aceast\u0103 orhidee cu frunzele lungi \u00een form\u0103 de sabie \u0219i paniculele sale lungi, cre\u0219te pe copaci for\u021b\u00e2ndu-ne s\u0103 \u00eei admir\u0103m abunden\u021ba florilor sale. Florile sale mici au forma de \u00eengeri colora\u021bi cu aripi maro, piele galben-aurie, rochia alb\u0103 \u0219i o coroan\u0103 de liliac \u00een jurul capului.<\/em><\/p>\n<p><strong><em>Efectul Esen\u021bei: <\/em><\/strong>Orhideea Culoare atrage persoanele care cred c\u0103 via\u021ba este gri \u0219i dezolant\u0103. Aceast\u0103 esen\u021b\u0103 de orhidee ne permite s\u0103 realiz\u0103m c\u0103 adesea suntem ceea ce g\u00e2ndim, deoarece felul nostru de g\u00e2ndire define\u0219te experien\u021bele noastre. Stimuleaz\u0103 capacitatea de a avea o perspectiv\u0103 pozitiv\u0103 asupra vie\u021bii \u0219i ne deschide spre via\u021b\u0103 \u0219i iubire.<\/p>\n<p><strong><em>Efectul Esen\u021bei la Nivel Fizic: <\/em><\/strong>Conflictele, dezam\u0103girile, triste\u021bea, lipsa iubirii de sine sau a celorlal\u021bi, etc., pot cauza disfunc\u021bionalit\u0103\u021bi corporale serioase. Orice proces de auto-vindecare g\u0103se\u0219te \u00een aceast\u0103 esen\u021b\u0103 un mare sprijin. Ne vom putea (din nou) sim\u021bi confortabili \u00een corpul nostru \u0219i vom recunoa\u0219te c\u0103 corpul nostru este un &#8222;templu&#8221; al min\u021bii \u0219i al sufletului.<\/p>\n<p><strong><em>Efectul Esen\u021bei la Nivel Emo\u021bional: <\/em><\/strong>Esen\u021b\u0103 ne ajut\u0103 s\u0103 abandon\u0103m g\u00e2ndurile cenu\u0219ii, triste \u0219i paralizante. Acum putem experimenta calitatea de cur\u0103\u021bare a lacrimilor, care elibereaz\u0103 inima, minte \u0219i sim\u021burile noastre de toate dificult\u0103\u021bile \u0219i emo\u021biile negative.<\/p>\n<p><strong><em>Efectul Esen\u021bei la Nivel Mental: <\/em><\/strong>Amprenta orhideei arat\u0103 o imagine impresionant\u0103 a efectului s\u0103u asupra nivelului mental. \u00cen aceea\u0219i manier\u0103 \u00een care petalele sale exterioare, mai \u00eentunecate, se schimb\u0103 \u00een tonuri mai deschise \u00een mijlocul florii, la fel puterea noastr\u0103 mental\u0103 ne poate transforma g\u00e2ndurile \u00eentunecate cu cele luminoase \u0219i clare. Din aceast\u0103 cauz\u0103, ar putea fi numit\u0103 orhideea g\u00e2ndurilor elevate.<\/p>\n<p><strong><em>Efectul Esen\u021bei la Nivel Spiritual: <\/em><\/strong>Aceast\u0103 esen\u021b\u0103 ne ajut\u0103 s\u0103 recunoa\u0219tem faptul c\u0103 g\u00e2ndurile noastre determin\u0103 culoare vie\u021bii noastre. Aceast\u0103 cunoa\u0219tere se poate realiza simultan at\u00e2t la cel mai profund nivel c\u00e2t \u0219i la cel superior. Vom avea acces la experien\u021ba spiritual\u0103 a vie\u021bii \u0219i ne deschidem c\u0103tre via\u021ba aceasta cu dragoste<\/p>\n<p><strong><em>Afirma\u021bia: <\/em><\/strong>Recunosc dragostea pe care mi- o d\u0103 P\u0103m\u00e2ntul. Aprind curcubeul bucuriei \u0219i al sentimentelor mele.<\/p>\n<p><strong>Esen\u021ba de Gem\u0103 Corespondent\u0103:<\/strong><\/p>\n<p>Topaz<\/p>\n","protected":false},"excerpt":{"rendered":"<p>(Oncidium lanceanum) Orhideea Culoare doar prin aspectul s\u0103u exterior ne arat\u0103: vigoare, schimbare varietate \u0219i c\u0103 putem ad\u0103uga culoare vie\u021bii noastre. Aceast\u0103 orhidee cu frunzele lungi \u00een form\u0103 de sabie \u0219i paniculele sale lungi, cre\u0219te pe copaci for\u021b\u00e2ndu-ne s\u0103 \u00eei admir\u0103m abunden\u021ba florilor sale. Florile sale mici au forma de \u00eengeri colora\u021bi cu aripi maro, &hellip; <a href=\"https:\/\/esentevibrationale.com\/?product=colour-orchid-orhideea-culoare\" class=\"more-link\">Continu\u0103 lectura <span class=\"screen-reader-text\">Colour Orchid \/ Orhideea Culoare<\/span> <span class=\"meta-nav\">&rarr;<\/span><\/a><\/p>\n","protected":false},"featured_media":13207,"template":"","meta":[],"product_brand":[],"product_cat":[25],"product_tag":[],"class_list":{"0":"post-533","1":"product","2":"type-product","3":"status-publish","4":"has-post-thumbnail","6":"product_cat-esente-de-orhidee-din-amazon","7":"pa_size-15ml","8":"pa_size-30ml","10":"first","11":"instock","12":"shipping-taxable","13":"purchasable","14":"product-type-variable","15":"has-default-attributes"},"_links":{"self":[{"href":"https:\/\/esentevibrationale.com\/index.php?rest_route=\/wp\/v2\/product\/533","targetHints":{"allow":["GET"]}}],"collection":[{"href":"https:\/\/esentevibrationale.com\/index.php?rest_route=\/wp\/v2\/product"}],"about":[{"href":"https:\/\/esentevibrationale.com\/index.php?rest_route=\/wp\/v2\/types\/product"}],"wp:featuredmedia":[{"embeddable":true,"href":"https:\/\/esentevibrationale.com\/index.php?rest_route=\/wp\/v2\/media\/13207"}],"wp:attachment":[{"href":"https:\/\/esentevibrationale.com\/index.php?rest_route=%2Fwp%2Fv2%2Fmedia&parent=533"}],"wp:term":[{"taxonomy":"product_brand","embeddable":true,"href":"https:\/\/esentevibrationale.com\/index.php?rest_route=%2Fwp%2Fv2%2Fproduct_brand&post=533"},{"taxonomy":"product_cat","embeddable":true,"href":"https:\/\/esentevibrationale.com\/index.php?rest_route=%2Fwp%2Fv2%2Fproduct_cat&post=533"},{"taxonomy":"product_tag","embeddable":true,"href":"https:\/\/esentevibrationale.com\/index.php?rest_route=%2Fwp%2Fv2%2Fproduct_tag&post=533"}],"curies":[{"name":"wp","href":"https:\/\/api.w.org\/{rel}","templated":true}]}}