{"id":535,"date":"2018-10-24T14:41:16","date_gmt":"2018-10-24T12:41:16","guid":{"rendered":"http:\/\/phiessences.com\/Romania\/?post_type=product&#038;p=535"},"modified":"2026-01-03T16:40:02","modified_gmt":"2026-01-03T14:40:02","slug":"chocolate-orchid-orhideea-ciocolata","status":"publish","type":"product","link":"https:\/\/esentevibrationale.com\/?product=chocolate-orchid-orhideea-ciocolata","title":{"rendered":"Chocolate Orchid \/ Orhideea Ciocolat\u0103"},"content":{"rendered":"<p><strong>(Stanhorpea Dan) <\/strong><\/p>\n<p><em>Aceast\u0103 orhidee \u00ee\u0219i merit\u0103 pe bun\u0103 dreptate numele, datorit\u0103 delicate\u021bii, dulce\u021bii \u0219i mirosului s\u0103u de ciocolat\u0103, care atrag aten\u021bia asupra ei. Vederea ei are un efect oarecum derutant. Florile at\u00e2rnate care au o culoare maro-bej au o structur\u0103 foarte complex\u0103.<\/em><\/p>\n<p><strong><em>Efectul Esen\u021bei: <\/em><\/strong>Esen\u021b\u0103 Orhideei Ciocolat\u0103 ne ajut\u0103 s\u0103 ne continu\u0103m c\u0103l\u0103toria \u00een via\u021b\u0103 cu bucurie. Se adreseaz\u0103 persoanele care v\u0103d spiritualitatea cu seriozitatea periculoas\u0103 \u0219i au tendin\u021ba s\u0103 fie am\u0103r\u00e2te.<\/p>\n<p><strong><em>Efectul Esen\u021bei la Nivel Fizic: <\/em><\/strong>\u00cenc\u0103p\u0103\u021b\u00e2narea, oboseala, am\u0103r\u0103ciunea, a fi prea grav, precum \u0219i refuzul sau am\u00e2narea de a te bucura de moment, pot provoca sc\u0103derea nivelul energiei corpului nostru, ce poate afecta sensibilitatea corporal\u0103. Esen\u021ba cu vibra\u021biile sale &#8222;\u00eendulcitoare&#8221; ne ajut\u0103 s\u0103 p\u0103r\u0103sim &#8222;valea pl\u00e2ngerii \u0219i a triste\u021bii&#8221; \u0219i s\u0103 ne bucur\u0103m de cele mai bune momente din via\u021b\u0103. Esen\u021ba este destinat\u0103 macrobioticienilor, care cred c\u0103 totul trebuie reglementat cu exactitate.<\/p>\n<p><strong><em>Efectul Esen\u021bei la Nivel Emo\u021bional: <\/em><\/strong>Esen\u021ba Orhideei Ciocolat\u0103 ajut\u0103 persoanele care doresc s\u0103 se deschid\u0103 pe ei \u00een\u0219i\u0219i la bucuria vie\u021bii. Ne permite s\u0103 fim con\u0219tien\u021bi c\u0103 via\u021ba este un drum al bucuriei \u0219i este momentul s\u0103 ne eliber\u0103m de limit\u0103ri spirituale. Astfel, eliber\u0103m un poten\u021bial de emo\u021bii mare. \u00cen primul r\u00e2nd este vorba despre deta\u0219area de structurile g\u00e2ndirii negative \u0219i limitative. Puterea bucuriei descoperit\u0103 permite s\u0103 ne sim\u021bim \u0219i s\u0103 ne exprim\u0103m emo\u021biile cu mai mult\u0103 spontaneitate.<\/p>\n<p><strong><em>Efectul Esen\u021bei la Nivel Mental: <\/em><\/strong>Esen\u021ba stimuleaz\u0103 capacitatea de a recunoa\u0219te \u0219i de a elimina structurile mentale rigide \u0219i severe. G\u00e2ndirea sau opera\u021biunile mentale nu vor mai fi sim\u021bite ca fiind epuizante \u0219i serioase, ci se \u00eent\u00e2mpl\u0103 cu mai mult\u0103 u\u0219urin\u021b\u0103. Aici, g\u00e2ndirea este modelat\u0103 de cunoa\u0219terea faptului c\u0103 fiecare avem un loc adecvat \u00een via\u021ba noastr\u0103 \u0219i c\u0103 nu ar trebui s\u0103 ne restric\u021bion\u0103m.<\/p>\n<p><strong><em>Efectul Esen\u021bei la Nivel Spiritual: <\/em><\/strong>Totodat\u0103, &#8222;dulcea\u021ba vie\u021bii&#8221; poate fi experimentat\u0103 la nivel spiritual. Prin intermediul cheii intui\u021biei noastre, care ne arat\u0103 ce lucru este bun pentru noi, ne putem relata \u0219i la lumea spiritual\u0103. Vom sim\u021bi c\u0103 suntem \u00eengriji\u021bi \u00eentr-un mod minunat, c\u0103 suntem \u00eendruma\u021bi \u0219i c\u0103 am ob\u021binut &#8222;permisiunea&#8221; s\u0103 tr\u0103im.<\/p>\n<p><strong><em>Afirma\u021bia: <\/em><\/strong>M\u0103 iubesc pe mine. M\u0103 bucur aici \u0219i acum.<\/p>\n<p><strong>Esen\u021ba de Gem\u0103 Corespondent\u0103:<\/strong><\/p>\n<p>Citrin<\/p>\n","protected":false},"excerpt":{"rendered":"<p>(Stanhorpea Dan) Aceast\u0103 orhidee \u00ee\u0219i merit\u0103 pe bun\u0103 dreptate numele, datorit\u0103 delicate\u021bii, dulce\u021bii \u0219i mirosului s\u0103u de ciocolat\u0103, care atrag aten\u021bia asupra ei. Vederea ei are un efect oarecum derutant. Florile at\u00e2rnate care au o culoare maro-bej au o structur\u0103 foarte complex\u0103. Efectul Esen\u021bei: Esen\u021b\u0103 Orhideei Ciocolat\u0103 ne ajut\u0103 s\u0103 ne continu\u0103m c\u0103l\u0103toria \u00een via\u021b\u0103 &hellip; <a href=\"https:\/\/esentevibrationale.com\/?product=chocolate-orchid-orhideea-ciocolata\" class=\"more-link\">Continu\u0103 lectura <span class=\"screen-reader-text\">Chocolate Orchid \/ Orhideea Ciocolat\u0103<\/span> <span class=\"meta-nav\">&rarr;<\/span><\/a><\/p>\n","protected":false},"featured_media":13208,"template":"","meta":[],"product_brand":[],"product_cat":[25],"product_tag":[],"class_list":{"0":"post-535","1":"product","2":"type-product","3":"status-publish","4":"has-post-thumbnail","6":"product_cat-esente-de-orhidee-din-amazon","7":"pa_size-15ml","8":"pa_size-30ml","10":"first","11":"instock","12":"shipping-taxable","13":"purchasable","14":"product-type-variable","15":"has-default-attributes"},"_links":{"self":[{"href":"https:\/\/esentevibrationale.com\/index.php?rest_route=\/wp\/v2\/product\/535","targetHints":{"allow":["GET"]}}],"collection":[{"href":"https:\/\/esentevibrationale.com\/index.php?rest_route=\/wp\/v2\/product"}],"about":[{"href":"https:\/\/esentevibrationale.com\/index.php?rest_route=\/wp\/v2\/types\/product"}],"wp:featuredmedia":[{"embeddable":true,"href":"https:\/\/esentevibrationale.com\/index.php?rest_route=\/wp\/v2\/media\/13208"}],"wp:attachment":[{"href":"https:\/\/esentevibrationale.com\/index.php?rest_route=%2Fwp%2Fv2%2Fmedia&parent=535"}],"wp:term":[{"taxonomy":"product_brand","embeddable":true,"href":"https:\/\/esentevibrationale.com\/index.php?rest_route=%2Fwp%2Fv2%2Fproduct_brand&post=535"},{"taxonomy":"product_cat","embeddable":true,"href":"https:\/\/esentevibrationale.com\/index.php?rest_route=%2Fwp%2Fv2%2Fproduct_cat&post=535"},{"taxonomy":"product_tag","embeddable":true,"href":"https:\/\/esentevibrationale.com\/index.php?rest_route=%2Fwp%2Fv2%2Fproduct_tag&post=535"}],"curies":[{"name":"wp","href":"https:\/\/api.w.org\/{rel}","templated":true}]}}