{"id":539,"date":"2018-10-24T15:09:21","date_gmt":"2018-10-24T13:09:21","guid":{"rendered":"http:\/\/phiessences.com\/Romania\/?post_type=product&#038;p=539"},"modified":"2026-01-03T16:17:05","modified_gmt":"2026-01-03T14:17:05","slug":"4-angel-of-protection-orchid-orhideea-%c8%8bngerul-protector","status":"publish","type":"product","link":"https:\/\/esentevibrationale.com\/?product=4-angel-of-protection-orchid-orhideea-%c8%8bngerul-protector","title":{"rendered":"Angel of Protection Orchid \/ Orhideea \u020angerul Protector"},"content":{"rendered":"<p><strong>(Miltonia phalaenopsis<\/strong>)<\/p>\n<p><em>Aspectul delicat \u0219i tandru al acestei orhidee este \u0219armant. Florile delicate similare unor panselu\u021be, par s\u0103 aib\u0103 silueta unui \u00eenger \u00een umbre de galben, mov \u0219i portocaliu ro\u0219iatic. Frunzele verzi \u0219i \u00eenguste cresc ca ni\u0219te tufe de iarb\u0103, din care tulpinile florii izvor\u0103sc de obicei cu dou\u0103 sau trei flori.<\/em><\/p>\n<p><strong><em>Efectul Esen\u021bei: <\/em><\/strong>Esen\u021ba Orhideei \u00cengerul Protector \u00eei protejeaz\u0103 pe cei care sunt prea sensibili \u0219i delica\u021bi, care au nevoie urgent de protec\u021bia unei umbrele \u00een jurul lor, pentru a face fa\u021b\u0103 mediului neprietenos \u0219i ostil la care se simt expu\u0219i.<\/p>\n<p><strong><em>Efectul Esen\u021bei la Nivel Fizic: <\/em><\/strong>Persoanele sensibile percep mai rapid &#8222;atacurile&#8221; mediului \u00eenconjur\u0103tor. Sentimentele de sl\u0103biciune precum: agita\u021bia \u0219i iritabilitatea pot fi cauza anumitor probleme corporale. Esen\u021ba ne ajut\u0103 s\u0103 ne construim un zid de protec\u021bie \u00een jurul nostru.<\/p>\n<p><strong><em>Efectul Esen\u021bei la Nivel Emo\u021bional: <\/em><\/strong>C\u00e2nd anumi\u021bi du\u0219mani trezesc \u00een noi sentimente de sl\u0103biciune, de exemplu: de a fi inutil sau nedorit \u0219i alte asemenea sentimente, putem s\u0103 \u00eencepem s\u0103 acumul\u0103m o mul\u021bime de emo\u021bii care ne afecteaz\u0103, \u00een special, via\u021ba oamenilor sensibili are de suferit. \u00cen aceste cazuri, esen\u021ba ofer\u0103 o protec\u021bie personal\u0103 mai bun\u0103, care ne ajut\u0103 s\u0103 ne accept\u0103m emo\u021biile.<\/p>\n<p><strong><em>Efectul Esen\u021bei la Nivel Mental: <\/em><\/strong>Esen\u021ba promoveaz\u0103 un sentiment de protec\u021bie \u0219i \u00eencredere fundamental\u0103 \u00een noi. <span class=\"Y2IQFc\" lang=\"ro\">Acest lucru creeaz\u0103 un sentiment de securitate \u0219i stabilitate, care are, de asemenea, un efect pozitiv asupra for\u021bei \u0219i abilit\u0103\u021bilor mintale.<\/span><\/p>\n<p><strong><em>Efectul Esen\u021bei la Nivel Spiritual: <\/em><\/strong>Suntem deschi\u0219i c\u0103tre vibra\u021bii mai \u00eenalte de sentimentul securit\u0103\u021bii p\u0103m\u00e2ntene \u0219i de \u00eencredere de a fi \u00eentr-o situa\u021bie sigur\u0103. Esen\u021ba aprofundeaz\u0103 comunicarea cu \u00cengerul nostru P\u0103zitor \u0219i ne ad\u00e2nce\u0219te cuno\u0219tin\u021bele interioare \u0219i \u00een acela\u0219i timp, ne face s\u0103 ob\u021binem sprijin din lumea spiritual\u0103 mai u\u0219or.<\/p>\n<p><strong><em>Afirma\u021bia: <\/em><\/strong>\u00cengerul meu P\u0103zitor m\u0103 \u00eendrum\u0103 \u0219i m\u0103 protejeaz\u0103 \u0219i am \u00eencredere \u00een el.<\/p>\n<p><strong>Esen\u021ba de Gem\u0103 Corespondent\u0103:<\/strong><\/p>\n<p>Turmalina Neagr\u0103 (chorlo).<\/p>\n","protected":false},"excerpt":{"rendered":"<p>(Miltonia phalaenopsis) Aspectul delicat \u0219i tandru al acestei orhidee este \u0219armant. Florile delicate similare unor panselu\u021be, par s\u0103 aib\u0103 silueta unui \u00eenger \u00een umbre de galben, mov \u0219i portocaliu ro\u0219iatic. Frunzele verzi \u0219i \u00eenguste cresc ca ni\u0219te tufe de iarb\u0103, din care tulpinile florii izvor\u0103sc de obicei cu dou\u0103 sau trei flori. Efectul Esen\u021bei: Esen\u021ba &hellip; <a href=\"https:\/\/esentevibrationale.com\/?product=4-angel-of-protection-orchid-orhideea-%c8%8bngerul-protector\" class=\"more-link\">Continu\u0103 lectura <span class=\"screen-reader-text\">Angel of Protection Orchid \/ Orhideea \u020angerul Protector<\/span> <span class=\"meta-nav\">&rarr;<\/span><\/a><\/p>\n","protected":false},"featured_media":13210,"template":"","meta":[],"product_brand":[],"product_cat":[25],"product_tag":[],"class_list":{"0":"post-539","1":"product","2":"type-product","3":"status-publish","4":"has-post-thumbnail","6":"product_cat-esente-de-orhidee-din-amazon","7":"pa_size-15ml","8":"pa_size-30ml","10":"first","11":"instock","12":"shipping-taxable","13":"purchasable","14":"product-type-variable","15":"has-default-attributes"},"_links":{"self":[{"href":"https:\/\/esentevibrationale.com\/index.php?rest_route=\/wp\/v2\/product\/539","targetHints":{"allow":["GET"]}}],"collection":[{"href":"https:\/\/esentevibrationale.com\/index.php?rest_route=\/wp\/v2\/product"}],"about":[{"href":"https:\/\/esentevibrationale.com\/index.php?rest_route=\/wp\/v2\/types\/product"}],"wp:featuredmedia":[{"embeddable":true,"href":"https:\/\/esentevibrationale.com\/index.php?rest_route=\/wp\/v2\/media\/13210"}],"wp:attachment":[{"href":"https:\/\/esentevibrationale.com\/index.php?rest_route=%2Fwp%2Fv2%2Fmedia&parent=539"}],"wp:term":[{"taxonomy":"product_brand","embeddable":true,"href":"https:\/\/esentevibrationale.com\/index.php?rest_route=%2Fwp%2Fv2%2Fproduct_brand&post=539"},{"taxonomy":"product_cat","embeddable":true,"href":"https:\/\/esentevibrationale.com\/index.php?rest_route=%2Fwp%2Fv2%2Fproduct_cat&post=539"},{"taxonomy":"product_tag","embeddable":true,"href":"https:\/\/esentevibrationale.com\/index.php?rest_route=%2Fwp%2Fv2%2Fproduct_tag&post=539"}],"curies":[{"name":"wp","href":"https:\/\/api.w.org\/{rel}","templated":true}]}}