{"id":548,"date":"2018-10-24T16:06:56","date_gmt":"2018-10-24T14:06:56","guid":{"rendered":"http:\/\/phiessences.com\/Romania\/?post_type=product&#038;p=548"},"modified":"2026-01-02T17:57:31","modified_gmt":"2026-01-02T15:57:31","slug":"lady-butterfly-fluture","status":"publish","type":"product","link":"https:\/\/esentevibrationale.com\/?product=lady-butterfly-fluture","title":{"rendered":"Lady Butterfly \/ Fluture"},"content":{"rendered":"<p><strong>(Psichosys papilo)<\/strong><\/p>\n<p>O orhidee colorat\u0103 a carei form\u0103 ne aminte\u015fte de un fluture. Orhideea este original\u0103 din America de Sud.<\/p>\n<p><strong>Esen\u0163a:<\/strong><\/p>\n<p>Esen\u0163a ne ajut\u0103 s\u0103 ne exprim\u0103m frumuse\u0163ea interioar\u0103, s\u0103 vedem lucrurile u\u015for \u015fi s\u0103 tr\u0103im via\u0163a mult mai u\u015for \u015fi s\u0103 fim bucuro\u015fi. Ne ajut\u0103 s\u0103 recunoa\u015ftem c\u0103 frumuse\u0163ea \u015fi fericirea adev\u0103rat\u0103 vin din interiorul con\u015ftiin\u0163ei noastre. Ajut\u0103 persoanele aflate \u00een situ\u0163iile dificile \u015fi stresante, s\u0103 fie capabile s\u0103 ia lucrurile mai u\u015for.<\/p>\n<p><strong>Fizic:<\/strong> Ofer\u0103 sprijin persoanelor muribunde.<\/p>\n<p>Chakrele: 10 and 11<\/p>\n","protected":false},"excerpt":{"rendered":"<p>(Psichosys papilo) O orhidee colorat\u0103 a carei form\u0103 ne aminte\u015fte de un fluture. Orhideea este original\u0103 din America de Sud. Esen\u0163a: Esen\u0163a ne ajut\u0103 s\u0103 ne exprim\u0103m frumuse\u0163ea interioar\u0103, s\u0103 vedem lucrurile u\u015for \u015fi s\u0103 tr\u0103im via\u0163a mult mai u\u015for \u015fi s\u0103 fim bucuro\u015fi. Ne ajut\u0103 s\u0103 recunoa\u015ftem c\u0103 frumuse\u0163ea \u015fi fericirea adev\u0103rat\u0103 vin din &hellip; <a href=\"https:\/\/esentevibrationale.com\/?product=lady-butterfly-fluture\" class=\"more-link\">Continu\u0103 lectura <span class=\"screen-reader-text\">Lady Butterfly \/ Fluture<\/span> <span class=\"meta-nav\">&rarr;<\/span><\/a><\/p>\n","protected":false},"featured_media":549,"template":"","meta":[],"product_brand":[],"product_cat":[27],"product_tag":[],"class_list":{"0":"post-548","1":"product","2":"type-product","3":"status-publish","4":"has-post-thumbnail","6":"product_cat-esente-de-orhidee","7":"pa_size-15ml","8":"pa_size-30ml","10":"first","11":"instock","12":"shipping-taxable","13":"purchasable","14":"product-type-variable","15":"has-default-attributes"},"_links":{"self":[{"href":"https:\/\/esentevibrationale.com\/index.php?rest_route=\/wp\/v2\/product\/548","targetHints":{"allow":["GET"]}}],"collection":[{"href":"https:\/\/esentevibrationale.com\/index.php?rest_route=\/wp\/v2\/product"}],"about":[{"href":"https:\/\/esentevibrationale.com\/index.php?rest_route=\/wp\/v2\/types\/product"}],"wp:featuredmedia":[{"embeddable":true,"href":"https:\/\/esentevibrationale.com\/index.php?rest_route=\/wp\/v2\/media\/549"}],"wp:attachment":[{"href":"https:\/\/esentevibrationale.com\/index.php?rest_route=%2Fwp%2Fv2%2Fmedia&parent=548"}],"wp:term":[{"taxonomy":"product_brand","embeddable":true,"href":"https:\/\/esentevibrationale.com\/index.php?rest_route=%2Fwp%2Fv2%2Fproduct_brand&post=548"},{"taxonomy":"product_cat","embeddable":true,"href":"https:\/\/esentevibrationale.com\/index.php?rest_route=%2Fwp%2Fv2%2Fproduct_cat&post=548"},{"taxonomy":"product_tag","embeddable":true,"href":"https:\/\/esentevibrationale.com\/index.php?rest_route=%2Fwp%2Fv2%2Fproduct_tag&post=548"}],"curies":[{"name":"wp","href":"https:\/\/api.w.org\/{rel}","templated":true}]}}