{"id":550,"date":"2018-10-24T16:30:47","date_gmt":"2018-10-24T14:30:47","guid":{"rendered":"http:\/\/phiessences.com\/Romania\/?post_type=product&#038;p=550"},"modified":"2026-01-02T17:58:14","modified_gmt":"2026-01-02T15:58:14","slug":"nuns-dome-nonnenhaube","status":"publish","type":"product","link":"https:\/\/esentevibrationale.com\/?product=nuns-dome-nonnenhaube","title":{"rendered":"Nuns Dome \/ C\u0103lug\u0103ri\u0163a Impun\u0103toare"},"content":{"rendered":"<p><strong>(Prosthechea cochleata)<\/strong><\/p>\n<p>O orhidee \u00een forma unui \u00eenger mic cu glug\u0103 \u00een jurul capului.<\/p>\n<p><strong>Esen\u0163a: <\/strong>Este util\u0103 atunci c\u00e2nd ne sim\u021bim obosi\u021bi, limita\u021bi \u0219i constr\u00e2n\u0219i, ne ajut\u0103 s\u0103 ne deschidem mintea \u0219i s\u0103 spargem barierele interioare. Pentru persoanele care vor s\u0103 \u00ee\u0219i dezvolte mai mult toleran\u021ba \u0219i viziunea \u0219i pentru indivizii, care sunt prin\u0219i \u00een dogme \u0219i \u00een secte.<\/p>\n<p><strong>La nivel mental<\/strong>: Ne ajut\u0103 s\u0103 recunoa\u015ftem faptul c\u0103 ne putem extinde poten\u0163ialul nostru. Esen\u0163a este potrivit\u0103 \u015fi sus\u0163ine \u00eenv\u0103\u0163atul.<\/p>\n<p>Chakra : 8<\/p>\n","protected":false},"excerpt":{"rendered":"<p>(Prosthechea cochleata) O orhidee \u00een forma unui \u00eenger mic cu glug\u0103 \u00een jurul capului. Esen\u0163a: Este util\u0103 atunci c\u00e2nd ne sim\u021bim obosi\u021bi, limita\u021bi \u0219i constr\u00e2n\u0219i, ne ajut\u0103 s\u0103 ne deschidem mintea \u0219i s\u0103 spargem barierele interioare. Pentru persoanele care vor s\u0103 \u00ee\u0219i dezvolte mai mult toleran\u021ba \u0219i viziunea \u0219i pentru indivizii, care sunt prin\u0219i \u00een &hellip; <a href=\"https:\/\/esentevibrationale.com\/?product=nuns-dome-nonnenhaube\" class=\"more-link\">Continu\u0103 lectura <span class=\"screen-reader-text\">Nuns Dome \/ C\u0103lug\u0103ri\u0163a Impun\u0103toare<\/span> <span class=\"meta-nav\">&rarr;<\/span><\/a><\/p>\n","protected":false},"featured_media":551,"template":"","meta":[],"product_brand":[],"product_cat":[27],"product_tag":[],"class_list":{"0":"post-550","1":"product","2":"type-product","3":"status-publish","4":"has-post-thumbnail","6":"product_cat-esente-de-orhidee","7":"pa_size-15ml","8":"pa_size-30ml","10":"first","11":"instock","12":"shipping-taxable","13":"purchasable","14":"product-type-variable","15":"has-default-attributes"},"_links":{"self":[{"href":"https:\/\/esentevibrationale.com\/index.php?rest_route=\/wp\/v2\/product\/550","targetHints":{"allow":["GET"]}}],"collection":[{"href":"https:\/\/esentevibrationale.com\/index.php?rest_route=\/wp\/v2\/product"}],"about":[{"href":"https:\/\/esentevibrationale.com\/index.php?rest_route=\/wp\/v2\/types\/product"}],"wp:featuredmedia":[{"embeddable":true,"href":"https:\/\/esentevibrationale.com\/index.php?rest_route=\/wp\/v2\/media\/551"}],"wp:attachment":[{"href":"https:\/\/esentevibrationale.com\/index.php?rest_route=%2Fwp%2Fv2%2Fmedia&parent=550"}],"wp:term":[{"taxonomy":"product_brand","embeddable":true,"href":"https:\/\/esentevibrationale.com\/index.php?rest_route=%2Fwp%2Fv2%2Fproduct_brand&post=550"},{"taxonomy":"product_cat","embeddable":true,"href":"https:\/\/esentevibrationale.com\/index.php?rest_route=%2Fwp%2Fv2%2Fproduct_cat&post=550"},{"taxonomy":"product_tag","embeddable":true,"href":"https:\/\/esentevibrationale.com\/index.php?rest_route=%2Fwp%2Fv2%2Fproduct_tag&post=550"}],"curies":[{"name":"wp","href":"https:\/\/api.w.org\/{rel}","templated":true}]}}