{"id":552,"date":"2018-10-24T16:47:04","date_gmt":"2018-10-24T14:47:04","guid":{"rendered":"http:\/\/phiessences.com\/Romania\/?post_type=product&#038;p=552"},"modified":"2026-01-02T17:56:58","modified_gmt":"2026-01-02T15:56:58","slug":"green-orchid-orhideea-verde","status":"publish","type":"product","link":"https:\/\/esentevibrationale.com\/?product=green-orchid-orhideea-verde","title":{"rendered":"Green Orchid \/ Orhideea Verde"},"content":{"rendered":"<p><strong>(Epidendrum umbellatum)<\/strong><\/p>\n<p>Petalele \u015fi frnzele acestei orhidei sunt verzi, ele con\u0163in clorofil\u0103 \u015fi, de asemenea, sunt capabile de fotosintez\u0103.<\/p>\n<p><strong>Esen\u0163a<\/strong>: Esen\u021ba poate fi util\u0103 \u00een agricultur\u0103 \u0219i \u00een horticultur\u0103 pentru a favoriza cre\u0219terea \u0219i de a \u00eent\u0103rii s\u0103n\u0103tatea plantei. Ajut\u0103 persoanele s\u0103 \u00ee\u0219i dezvolte a\u0219a numitele &#8222;green fingers&#8221;\u00a0(cuno\u0219tin\u021bele). Promoveaz\u0103 comunicarea cu Regatul plantelor, ne ajut\u0103 s\u0103 ne dezvolt\u0103m iubirea pentru plante \u0219i alte forme de via\u021b\u0103. Ne d\u0103 r\u0103bdare \u0219i persisten\u021b\u0103, ne conecteaz\u0103 cu nivelul mental. Conecteaz\u0103 intui\u021bia cu logica \u0219i ne ajut\u0103 s\u0103 devenim ap\u021bi s\u0103 luam deciziile corecte.<\/p>\n<p>Chakrele: 8 and 9<\/p>\n","protected":false},"excerpt":{"rendered":"<p>(Epidendrum umbellatum) Petalele \u015fi frnzele acestei orhidei sunt verzi, ele con\u0163in clorofil\u0103 \u015fi, de asemenea, sunt capabile de fotosintez\u0103. Esen\u0163a: Esen\u021ba poate fi util\u0103 \u00een agricultur\u0103 \u0219i \u00een horticultur\u0103 pentru a favoriza cre\u0219terea \u0219i de a \u00eent\u0103rii s\u0103n\u0103tatea plantei. Ajut\u0103 persoanele s\u0103 \u00ee\u0219i dezvolte a\u0219a numitele &#8222;green fingers&#8221;\u00a0(cuno\u0219tin\u021bele). Promoveaz\u0103 comunicarea cu Regatul plantelor, ne ajut\u0103 &hellip; <a href=\"https:\/\/esentevibrationale.com\/?product=green-orchid-orhideea-verde\" class=\"more-link\">Continu\u0103 lectura <span class=\"screen-reader-text\">Green Orchid \/ Orhideea Verde<\/span> <span class=\"meta-nav\">&rarr;<\/span><\/a><\/p>\n","protected":false},"featured_media":553,"template":"","meta":[],"product_brand":[],"product_cat":[27],"product_tag":[],"class_list":{"0":"post-552","1":"product","2":"type-product","3":"status-publish","4":"has-post-thumbnail","6":"product_cat-esente-de-orhidee","7":"pa_size-15ml","8":"pa_size-30ml","10":"first","11":"instock","12":"shipping-taxable","13":"purchasable","14":"product-type-variable","15":"has-default-attributes"},"_links":{"self":[{"href":"https:\/\/esentevibrationale.com\/index.php?rest_route=\/wp\/v2\/product\/552","targetHints":{"allow":["GET"]}}],"collection":[{"href":"https:\/\/esentevibrationale.com\/index.php?rest_route=\/wp\/v2\/product"}],"about":[{"href":"https:\/\/esentevibrationale.com\/index.php?rest_route=\/wp\/v2\/types\/product"}],"wp:featuredmedia":[{"embeddable":true,"href":"https:\/\/esentevibrationale.com\/index.php?rest_route=\/wp\/v2\/media\/553"}],"wp:attachment":[{"href":"https:\/\/esentevibrationale.com\/index.php?rest_route=%2Fwp%2Fv2%2Fmedia&parent=552"}],"wp:term":[{"taxonomy":"product_brand","embeddable":true,"href":"https:\/\/esentevibrationale.com\/index.php?rest_route=%2Fwp%2Fv2%2Fproduct_brand&post=552"},{"taxonomy":"product_cat","embeddable":true,"href":"https:\/\/esentevibrationale.com\/index.php?rest_route=%2Fwp%2Fv2%2Fproduct_cat&post=552"},{"taxonomy":"product_tag","embeddable":true,"href":"https:\/\/esentevibrationale.com\/index.php?rest_route=%2Fwp%2Fv2%2Fproduct_tag&post=552"}],"curies":[{"name":"wp","href":"https:\/\/api.w.org\/{rel}","templated":true}]}}