{"id":559,"date":"2018-10-24T17:16:12","date_gmt":"2018-10-24T15:16:12","guid":{"rendered":"http:\/\/phiessences.com\/Romania\/?post_type=product&#038;p=559"},"modified":"2026-01-02T18:05:15","modified_gmt":"2026-01-02T16:05:15","slug":"phantom-orchid-orhideea-fantoma","status":"publish","type":"product","link":"https:\/\/esentevibrationale.com\/?product=phantom-orchid-orhideea-fantoma","title":{"rendered":"Phantom Orchid \/ Orhideea Fantom\u0103"},"content":{"rendered":"<p><strong>(Dendrophyllax varius)<\/strong><\/p>\n<p>O orhideea miniatural\u0103 f\u0103r\u0103 frunze. \u020a\u015fi plaseaz\u0103 r\u0103dacinile direct pe o bucat\u0103 de lemn, este o orhidee mic\u0103 alb\u0103 care se dezvolt\u0103 pe un arbore.<\/p>\n<p><strong>Esen\u0163a<\/strong>: Are un efect de calmare \u015fi centrare, pentru dezvoltarea modestiei \u015fi smereniei, ne ajut\u0103 s\u0103 ne descurc\u0103m cu mai pu\u0163in.<\/p>\n<p><strong>La nivel fizic<\/strong>: util\u0103 pentru durerea fantom\u0103 (extremit\u0103\u0163i amputate) \u015fi durere cu originii incerte.<\/p>\n<p>Chakrele 10 and 11<\/p>\n","protected":false},"excerpt":{"rendered":"<p>(Dendrophyllax varius) O orhideea miniatural\u0103 f\u0103r\u0103 frunze. \u020a\u015fi plaseaz\u0103 r\u0103dacinile direct pe o bucat\u0103 de lemn, este o orhidee mic\u0103 alb\u0103 care se dezvolt\u0103 pe un arbore. Esen\u0163a: Are un efect de calmare \u015fi centrare, pentru dezvoltarea modestiei \u015fi smereniei, ne ajut\u0103 s\u0103 ne descurc\u0103m cu mai pu\u0163in. La nivel fizic: util\u0103 pentru durerea fantom\u0103 &hellip; <a href=\"https:\/\/esentevibrationale.com\/?product=phantom-orchid-orhideea-fantoma\" class=\"more-link\">Continu\u0103 lectura <span class=\"screen-reader-text\">Phantom Orchid \/ Orhideea Fantom\u0103<\/span> <span class=\"meta-nav\">&rarr;<\/span><\/a><\/p>\n","protected":false},"featured_media":547,"template":"","meta":[],"product_brand":[],"product_cat":[27],"product_tag":[],"class_list":{"0":"post-559","1":"product","2":"type-product","3":"status-publish","4":"has-post-thumbnail","6":"product_cat-esente-de-orhidee","7":"pa_size-15ml","8":"pa_size-30ml","10":"first","11":"instock","12":"shipping-taxable","13":"purchasable","14":"product-type-variable","15":"has-default-attributes"},"_links":{"self":[{"href":"https:\/\/esentevibrationale.com\/index.php?rest_route=\/wp\/v2\/product\/559","targetHints":{"allow":["GET"]}}],"collection":[{"href":"https:\/\/esentevibrationale.com\/index.php?rest_route=\/wp\/v2\/product"}],"about":[{"href":"https:\/\/esentevibrationale.com\/index.php?rest_route=\/wp\/v2\/types\/product"}],"wp:featuredmedia":[{"embeddable":true,"href":"https:\/\/esentevibrationale.com\/index.php?rest_route=\/wp\/v2\/media\/547"}],"wp:attachment":[{"href":"https:\/\/esentevibrationale.com\/index.php?rest_route=%2Fwp%2Fv2%2Fmedia&parent=559"}],"wp:term":[{"taxonomy":"product_brand","embeddable":true,"href":"https:\/\/esentevibrationale.com\/index.php?rest_route=%2Fwp%2Fv2%2Fproduct_brand&post=559"},{"taxonomy":"product_cat","embeddable":true,"href":"https:\/\/esentevibrationale.com\/index.php?rest_route=%2Fwp%2Fv2%2Fproduct_cat&post=559"},{"taxonomy":"product_tag","embeddable":true,"href":"https:\/\/esentevibrationale.com\/index.php?rest_route=%2Fwp%2Fv2%2Fproduct_tag&post=559"}],"curies":[{"name":"wp","href":"https:\/\/api.w.org\/{rel}","templated":true}]}}