{"id":572,"date":"2018-10-24T17:48:58","date_gmt":"2018-10-24T15:48:58","guid":{"rendered":"http:\/\/phiessences.com\/Romania\/?post_type=product&#038;p=572"},"modified":"2026-01-02T17:52:45","modified_gmt":"2026-01-02T15:52:45","slug":"waldvogelchen-cephalanthera","status":"publish","type":"product","link":"https:\/\/esentevibrationale.com\/?product=waldvogelchen-cephalanthera","title":{"rendered":"Cephalanthera \/  C\u0103p\u015funic\u0103"},"content":{"rendered":"<p><strong>(Cephalanthera rubra) <\/strong><\/p>\n<p>Ajut\u0103 s\u0103 ne men\u0163in\u0103 concentra\u0163i pe sarcin\u0103 de \u00eendeplinit, dac\u0103 apar probleme. Aceasta creeaz\u0103 o structur\u0103 spiritual\u0103 \u00een mintea noastr\u0103 \u015fi \u00eent\u0103re\u015fte concentrarea noastr\u0103.<\/p>\n","protected":false},"excerpt":{"rendered":"<p>(Cephalanthera rubra) Ajut\u0103 s\u0103 ne men\u0163in\u0103 concentra\u0163i pe sarcin\u0103 de \u00eendeplinit, dac\u0103 apar probleme. Aceasta creeaz\u0103 o structur\u0103 spiritual\u0103 \u00een mintea noastr\u0103 \u015fi \u00eent\u0103re\u015fte concentrarea noastr\u0103.<\/p>\n","protected":false},"featured_media":573,"template":"","meta":[],"product_brand":[],"product_cat":[28],"product_tag":[],"class_list":{"0":"post-572","1":"product","2":"type-product","3":"status-publish","4":"has-post-thumbnail","6":"product_cat-esente-de-orhidee-europene","7":"pa_size-15ml","8":"pa_size-30ml","10":"first","11":"instock","12":"featured","13":"shipping-taxable","14":"purchasable","15":"product-type-variable","16":"has-default-attributes"},"_links":{"self":[{"href":"https:\/\/esentevibrationale.com\/index.php?rest_route=\/wp\/v2\/product\/572","targetHints":{"allow":["GET"]}}],"collection":[{"href":"https:\/\/esentevibrationale.com\/index.php?rest_route=\/wp\/v2\/product"}],"about":[{"href":"https:\/\/esentevibrationale.com\/index.php?rest_route=\/wp\/v2\/types\/product"}],"wp:featuredmedia":[{"embeddable":true,"href":"https:\/\/esentevibrationale.com\/index.php?rest_route=\/wp\/v2\/media\/573"}],"wp:attachment":[{"href":"https:\/\/esentevibrationale.com\/index.php?rest_route=%2Fwp%2Fv2%2Fmedia&parent=572"}],"wp:term":[{"taxonomy":"product_brand","embeddable":true,"href":"https:\/\/esentevibrationale.com\/index.php?rest_route=%2Fwp%2Fv2%2Fproduct_brand&post=572"},{"taxonomy":"product_cat","embeddable":true,"href":"https:\/\/esentevibrationale.com\/index.php?rest_route=%2Fwp%2Fv2%2Fproduct_cat&post=572"},{"taxonomy":"product_tag","embeddable":true,"href":"https:\/\/esentevibrationale.com\/index.php?rest_route=%2Fwp%2Fv2%2Fproduct_tag&post=572"}],"curies":[{"name":"wp","href":"https:\/\/api.w.org\/{rel}","templated":true}]}}