{"id":574,"date":"2018-10-24T17:54:53","date_gmt":"2018-10-24T15:54:53","guid":{"rendered":"http:\/\/phiessences.com\/Romania\/?post_type=product&#038;p=574"},"modified":"2026-01-02T17:55:35","modified_gmt":"2026-01-02T15:55:35","slug":"grunl-waldhyazinthe-platanthera","status":"publish","type":"product","link":"https:\/\/esentevibrationale.com\/?product=grunl-waldhyazinthe-platanthera","title":{"rendered":"Platanthera \/ Glastra cu Flori"},"content":{"rendered":"<p><strong>(Platanthera chlorantha) <\/strong><\/p>\n<p>Ne ajut\u0103 s\u0103 vedem clar ceea ce este spiritual potrivit pentru noi, atunci c\u00e2nd noi trebuie s\u0103 lu\u0103m decizii dificile; un agent puternic de cur\u0103\u0163are spiritual\u0103 .<\/p>\n","protected":false},"excerpt":{"rendered":"<p>(Platanthera chlorantha) Ne ajut\u0103 s\u0103 vedem clar ceea ce este spiritual potrivit pentru noi, atunci c\u00e2nd noi trebuie s\u0103 lu\u0103m decizii dificile; un agent puternic de cur\u0103\u0163are spiritual\u0103 .<\/p>\n","protected":false},"featured_media":575,"template":"","meta":[],"product_brand":[],"product_cat":[28],"product_tag":[],"class_list":{"0":"post-574","1":"product","2":"type-product","3":"status-publish","4":"has-post-thumbnail","6":"product_cat-esente-de-orhidee-europene","7":"pa_size-15ml","8":"pa_size-30ml","10":"first","11":"instock","12":"featured","13":"shipping-taxable","14":"purchasable","15":"product-type-variable","16":"has-default-attributes"},"_links":{"self":[{"href":"https:\/\/esentevibrationale.com\/index.php?rest_route=\/wp\/v2\/product\/574","targetHints":{"allow":["GET"]}}],"collection":[{"href":"https:\/\/esentevibrationale.com\/index.php?rest_route=\/wp\/v2\/product"}],"about":[{"href":"https:\/\/esentevibrationale.com\/index.php?rest_route=\/wp\/v2\/types\/product"}],"wp:featuredmedia":[{"embeddable":true,"href":"https:\/\/esentevibrationale.com\/index.php?rest_route=\/wp\/v2\/media\/575"}],"wp:attachment":[{"href":"https:\/\/esentevibrationale.com\/index.php?rest_route=%2Fwp%2Fv2%2Fmedia&parent=574"}],"wp:term":[{"taxonomy":"product_brand","embeddable":true,"href":"https:\/\/esentevibrationale.com\/index.php?rest_route=%2Fwp%2Fv2%2Fproduct_brand&post=574"},{"taxonomy":"product_cat","embeddable":true,"href":"https:\/\/esentevibrationale.com\/index.php?rest_route=%2Fwp%2Fv2%2Fproduct_cat&post=574"},{"taxonomy":"product_tag","embeddable":true,"href":"https:\/\/esentevibrationale.com\/index.php?rest_route=%2Fwp%2Fv2%2Fproduct_tag&post=574"}],"curies":[{"name":"wp","href":"https:\/\/api.w.org\/{rel}","templated":true}]}}