{"id":577,"date":"2018-10-24T18:01:50","date_gmt":"2018-10-24T16:01:50","guid":{"rendered":"http:\/\/phiessences.com\/Romania\/?post_type=product&#038;p=577"},"modified":"2026-01-02T17:54:52","modified_gmt":"2026-01-02T15:54:52","slug":"mannliches-knabenkraut-orchis","status":"publish","type":"product","link":"https:\/\/esentevibrationale.com\/?product=mannliches-knabenkraut-orchis","title":{"rendered":"Orchis \/ Scul\u0103toare"},"content":{"rendered":"<p><strong>(Orchis mascula) <\/strong><\/p>\n<p>Ne \u0163ine picioarele ferm pe teren, aceast\u0103 esen\u0163\u0103 de orhidee ne permite s\u0103 cre\u015ftem pe culmi spirituale \u00eenalte \u00een mintea noastr\u0103. Aceasta asist\u0103 c\u0103l\u0103toria noastr\u0103 astral\u0103, \u00een timp ce ne p\u0103streaz\u0103 solid \u00eemp\u0103m\u00e2nta\u0163i.<\/p>\n","protected":false},"excerpt":{"rendered":"<p>(Orchis mascula) Ne \u0163ine picioarele ferm pe teren, aceast\u0103 esen\u0163\u0103 de orhidee ne permite s\u0103 cre\u015ftem pe culmi spirituale \u00eenalte \u00een mintea noastr\u0103. Aceasta asist\u0103 c\u0103l\u0103toria noastr\u0103 astral\u0103, \u00een timp ce ne p\u0103streaz\u0103 solid \u00eemp\u0103m\u00e2nta\u0163i.<\/p>\n","protected":false},"featured_media":13228,"template":"","meta":[],"product_brand":[],"product_cat":[28],"product_tag":[],"class_list":{"0":"post-577","1":"product","2":"type-product","3":"status-publish","4":"has-post-thumbnail","6":"product_cat-esente-de-orhidee-europene","7":"pa_size-15ml","8":"pa_size-30ml","10":"first","11":"instock","12":"featured","13":"shipping-taxable","14":"purchasable","15":"product-type-variable","16":"has-default-attributes"},"_links":{"self":[{"href":"https:\/\/esentevibrationale.com\/index.php?rest_route=\/wp\/v2\/product\/577","targetHints":{"allow":["GET"]}}],"collection":[{"href":"https:\/\/esentevibrationale.com\/index.php?rest_route=\/wp\/v2\/product"}],"about":[{"href":"https:\/\/esentevibrationale.com\/index.php?rest_route=\/wp\/v2\/types\/product"}],"wp:featuredmedia":[{"embeddable":true,"href":"https:\/\/esentevibrationale.com\/index.php?rest_route=\/wp\/v2\/media\/13228"}],"wp:attachment":[{"href":"https:\/\/esentevibrationale.com\/index.php?rest_route=%2Fwp%2Fv2%2Fmedia&parent=577"}],"wp:term":[{"taxonomy":"product_brand","embeddable":true,"href":"https:\/\/esentevibrationale.com\/index.php?rest_route=%2Fwp%2Fv2%2Fproduct_brand&post=577"},{"taxonomy":"product_cat","embeddable":true,"href":"https:\/\/esentevibrationale.com\/index.php?rest_route=%2Fwp%2Fv2%2Fproduct_cat&post=577"},{"taxonomy":"product_tag","embeddable":true,"href":"https:\/\/esentevibrationale.com\/index.php?rest_route=%2Fwp%2Fv2%2Fproduct_tag&post=577"}],"curies":[{"name":"wp","href":"https:\/\/api.w.org\/{rel}","templated":true}]}}