{"id":579,"date":"2018-10-24T18:05:33","date_gmt":"2018-10-24T16:05:33","guid":{"rendered":"http:\/\/phiessences.com\/Romania\/?post_type=product&#038;p=579"},"modified":"2026-01-02T17:53:29","modified_gmt":"2026-01-02T15:53:29","slug":"breiblattrige-stengelwurz-epipactis","status":"publish","type":"product","link":"https:\/\/esentevibrationale.com\/?product=breiblattrige-stengelwurz-epipactis","title":{"rendered":"Epipactis \/ Ml\u0103\u015ftini\u0163a"},"content":{"rendered":"<p><strong>(Epipactis helleborine) <\/strong><\/p>\n<p>Ne permite s\u0103 ne scufund\u0103m cu capul ad\u00e2nc \u00een noi \u00een\u015fine, pentru a aduce la suprafa\u0163\u0103 aspectele interioare ascunse ale personalit\u0103\u0163ii noastre, astfel \u00eenc\u00e2t putem s\u0103 le accept\u0103m cu dragoste. Faciliteaz\u0103 accesul la subcon\u015ftient.<\/p>\n","protected":false},"excerpt":{"rendered":"<p>(Epipactis helleborine) Ne permite s\u0103 ne scufund\u0103m cu capul ad\u00e2nc \u00een noi \u00een\u015fine, pentru a aduce la suprafa\u0163\u0103 aspectele interioare ascunse ale personalit\u0103\u0163ii noastre, astfel \u00eenc\u00e2t putem s\u0103 le accept\u0103m cu dragoste. Faciliteaz\u0103 accesul la subcon\u015ftient.<\/p>\n","protected":false},"featured_media":580,"template":"","meta":[],"product_brand":[],"product_cat":[28],"product_tag":[],"class_list":{"0":"post-579","1":"product","2":"type-product","3":"status-publish","4":"has-post-thumbnail","6":"product_cat-esente-de-orhidee-europene","7":"pa_size-15ml","8":"pa_size-30ml","10":"first","11":"instock","12":"featured","13":"shipping-taxable","14":"purchasable","15":"product-type-variable","16":"has-default-attributes"},"_links":{"self":[{"href":"https:\/\/esentevibrationale.com\/index.php?rest_route=\/wp\/v2\/product\/579","targetHints":{"allow":["GET"]}}],"collection":[{"href":"https:\/\/esentevibrationale.com\/index.php?rest_route=\/wp\/v2\/product"}],"about":[{"href":"https:\/\/esentevibrationale.com\/index.php?rest_route=\/wp\/v2\/types\/product"}],"wp:featuredmedia":[{"embeddable":true,"href":"https:\/\/esentevibrationale.com\/index.php?rest_route=\/wp\/v2\/media\/580"}],"wp:attachment":[{"href":"https:\/\/esentevibrationale.com\/index.php?rest_route=%2Fwp%2Fv2%2Fmedia&parent=579"}],"wp:term":[{"taxonomy":"product_brand","embeddable":true,"href":"https:\/\/esentevibrationale.com\/index.php?rest_route=%2Fwp%2Fv2%2Fproduct_brand&post=579"},{"taxonomy":"product_cat","embeddable":true,"href":"https:\/\/esentevibrationale.com\/index.php?rest_route=%2Fwp%2Fv2%2Fproduct_cat&post=579"},{"taxonomy":"product_tag","embeddable":true,"href":"https:\/\/esentevibrationale.com\/index.php?rest_route=%2Fwp%2Fv2%2Fproduct_tag&post=579"}],"curies":[{"name":"wp","href":"https:\/\/api.w.org\/{rel}","templated":true}]}}