{"id":582,"date":"2018-10-24T18:14:41","date_gmt":"2018-10-24T16:14:41","guid":{"rendered":"http:\/\/phiessences.com\/Romania\/?post_type=product&#038;p=582"},"modified":"2026-01-02T17:54:08","modified_gmt":"2026-01-02T15:54:08","slug":"vogelnestwurz-neottia","status":"publish","type":"product","link":"https:\/\/esentevibrationale.com\/?product=vogelnestwurz-neottia","title":{"rendered":"Neottia \/ Buruiana de Tr\u00e2nji"},"content":{"rendered":"<p><strong>(Neottia nidus-avis) <\/strong><\/p>\n<p>Aduce la suprafa\u0163\u0103 sentimentele suprimate, astfel acestea pot fi transformate \u00eentr-un mod iubitor. Elimin\u0103 temerile emo\u0163ionale nejustificate, acelea c\u0103 suntem acuza\u0163i pe nedrept sau tr\u0103da\u0163i.<\/p>\n","protected":false},"excerpt":{"rendered":"<p>(Neottia nidus-avis) Aduce la suprafa\u0163\u0103 sentimentele suprimate, astfel acestea pot fi transformate \u00eentr-un mod iubitor. Elimin\u0103 temerile emo\u0163ionale nejustificate, acelea c\u0103 suntem acuza\u0163i pe nedrept sau tr\u0103da\u0163i.<\/p>\n","protected":false},"featured_media":571,"template":"","meta":[],"product_brand":[],"product_cat":[28],"product_tag":[],"class_list":{"0":"post-582","1":"product","2":"type-product","3":"status-publish","4":"has-post-thumbnail","6":"product_cat-esente-de-orhidee-europene","7":"pa_size-15ml","8":"pa_size-30ml","10":"first","11":"instock","12":"featured","13":"shipping-taxable","14":"purchasable","15":"product-type-variable","16":"has-default-attributes"},"_links":{"self":[{"href":"https:\/\/esentevibrationale.com\/index.php?rest_route=\/wp\/v2\/product\/582","targetHints":{"allow":["GET"]}}],"collection":[{"href":"https:\/\/esentevibrationale.com\/index.php?rest_route=\/wp\/v2\/product"}],"about":[{"href":"https:\/\/esentevibrationale.com\/index.php?rest_route=\/wp\/v2\/types\/product"}],"wp:featuredmedia":[{"embeddable":true,"href":"https:\/\/esentevibrationale.com\/index.php?rest_route=\/wp\/v2\/media\/571"}],"wp:attachment":[{"href":"https:\/\/esentevibrationale.com\/index.php?rest_route=%2Fwp%2Fv2%2Fmedia&parent=582"}],"wp:term":[{"taxonomy":"product_brand","embeddable":true,"href":"https:\/\/esentevibrationale.com\/index.php?rest_route=%2Fwp%2Fv2%2Fproduct_brand&post=582"},{"taxonomy":"product_cat","embeddable":true,"href":"https:\/\/esentevibrationale.com\/index.php?rest_route=%2Fwp%2Fv2%2Fproduct_cat&post=582"},{"taxonomy":"product_tag","embeddable":true,"href":"https:\/\/esentevibrationale.com\/index.php?rest_route=%2Fwp%2Fv2%2Fproduct_tag&post=582"}],"curies":[{"name":"wp","href":"https:\/\/api.w.org\/{rel}","templated":true}]}}