{"id":590,"date":"2018-10-25T08:31:45","date_gmt":"2018-10-25T06:31:45","guid":{"rendered":"http:\/\/phiessences.com\/Romania\/?post_type=product&#038;p=590"},"modified":"2025-12-30T13:08:04","modified_gmt":"2025-12-30T11:08:04","slug":"citrine-citrin","status":"publish","type":"product","link":"https:\/\/esentevibrationale.com\/?product=citrine-citrin","title":{"rendered":"Citrine \/ Citrin"},"content":{"rendered":"<p><em>Citrinul este un dioxid de silicon transparent, ale c\u0103rui tonuri de culoare pornesc de la galben deschis la galben maroniu. Citrinul natural \u00ee\u0219i cap\u0103t\u0103 culoarea de la fierul trivalent, care se reflect\u0103 \u00een nuan\u021be de galben deschis. Cu privire la culoarea sa, mineralul este cunoscut sub denumire de piatra luminii, a soarelui \u0219i a vie\u021bii. Prin Plexul Solar (Chakra a-III-a) ac\u021bioneaz\u0103 asupra sistemului, care nu poate fi influen\u021bat din proprie ini\u021biativ\u0103. \u00cen Doctrina Chakrelor corespunde Chakrelor a-II-a, a- III-a, a-VI-a \u0219i a-VII-a.<\/em><\/p>\n<p><strong><em>Efectul Esen\u021bei: <\/em><\/strong>Esen\u021ba Citrinului transmite siguran\u021ba personal\u0103 \u0219i individual\u0103, reafirm\u0103 \u00eencredere de sine \u0219i promoveaz\u0103 curajul de a tr\u0103i.<\/p>\n<p><strong><em>Efectul Esen\u021bei la Nivel Fizic: <\/em><\/strong>\u00cen special, datorit\u0103 efectului s\u0103u asupra \u0219i prin Chakra a-III-a, esen\u021ba se poate aplica pentru a influen\u021ba energetic procesul de vindecare al afec\u021biunilor pe aceast\u0103 zon\u0103 digestiv\u0103. Cu toate acestea, esen\u021ba ofer\u0103 un suport puternic la nivel energetic, pentru purificarea tuturor celorlalte organe de cur\u0103\u021bare \u00een func\u021bia lor. Simptomele stresului \u0219i ale triste\u021bii sunt compensate la nivel energetic.<\/p>\n<p><strong><em>Efectul Esen\u021bei la Nivel Emo\u021bional: <\/em><\/strong>Esen\u021ba Citrinului echilibreaz\u0103 plexul solar la nivel emo\u021bional \u0219i stimuleaz\u0103 \u00eencrederea \u00een sine, intui\u021bia \u0219i sentimentul de comunitate. Ne permite s\u0103 fim con\u0219tien\u021bi de noi \u00een\u0219ine, astfel, \u00een aceast\u0103 conectare interioar\u0103 putem identifica mai u\u0219or elementele exterioare, care ne afecteaz\u0103 \u0219i ne r\u0103nesc din punct de vedere emo\u021bional. \u00cen mod similar, esen\u021ba reafirm\u0103 sentimentul de comunitate \u0219i promoveaz\u0103 echilibrul emo\u021bional, c\u00e2nd ac\u021bion\u0103m \u00een echip\u0103: procesul \u00eencepe \u00een r\u00e2ndul copiilor la gr\u0103dini\u021b\u0103, fiind valid \u0219i \u00een s\u0103lilor de clase, birourilor \u0219i \u00een familie.<\/p>\n<p><strong><em>Efectul Esen\u021bei la Nivel Mental: <\/em><\/strong>Esen\u021ba ajut\u0103 la stabilitatea noastr\u0103 emo\u021bional\u0103, astfel se intensific\u0103 claritatea noastr\u0103 mental\u0103 \u0219i integrarea \u00eentre cele dou\u0103 emisfere ale creierului. \u00cen special, ajut\u0103 persoanele care au un obiectiv impus (de exemplu: un obiectiv profesional) \u0219i caut\u0103 energia necesar\u0103 pentru \u00eendeplinirea sa. Deopotriv\u0103, capacitatea de concentrarea este extins\u0103 \u0219i se ajunge la un echilibru \u00eentre intui\u021bie \u0219i cunoa\u0219tere. C\u00e2\u0219tig\u0103m \u00eencredere \u00een for\u021bele proprii \u0219i ne deschidem la lucruri noi.<\/p>\n<p><strong><em>Efectul Esen\u021bei la Nivel Spiritual: <\/em><\/strong>Esen\u021ba Citrinului ne permite s\u0103 c\u0103ut\u0103m \u0219i s\u0103 apreciem frumuse\u021bea \u0219i bucuria vie\u021bii. Prin stimularea Chakrelor a-VI-a \u0219i a-VII-a putem experimenta momente de iluminare \u0219i ne putem sim\u021bi inclu\u0219i \u00een protec\u021bia P\u0103m\u00e2ntului.<\/p>\n<p><strong>Esen\u021ba de Orhidee Corespondent\u0103:<\/strong><\/p>\n<p>Orhideea Ciocolat\u0103<\/p>\n<p><strong><em>Afirma\u021bia: <\/em><\/strong>Bucuria se afl\u0103 \u00een mine \u0219i deschide fiecare u\u0219\u0103.<\/p>\n","protected":false},"excerpt":{"rendered":"<p>Citrinul este un dioxid de silicon transparent, ale c\u0103rui tonuri de culoare pornesc de la galben deschis la galben maroniu. Citrinul natural \u00ee\u0219i cap\u0103t\u0103 culoarea de la fierul trivalent, care se reflect\u0103 \u00een nuan\u021be de galben deschis. Cu privire la culoarea sa, mineralul este cunoscut sub denumire de piatra luminii, a soarelui \u0219i a vie\u021bii. &hellip; <a href=\"https:\/\/esentevibrationale.com\/?product=citrine-citrin\" class=\"more-link\">Continu\u0103 lectura <span class=\"screen-reader-text\">Citrine \/ Citrin<\/span> <span class=\"meta-nav\">&rarr;<\/span><\/a><\/p>\n","protected":false},"featured_media":14824,"template":"","meta":[],"product_brand":[],"product_cat":[18],"product_tag":[],"class_list":{"0":"post-590","1":"product","2":"type-product","3":"status-publish","4":"has-post-thumbnail","6":"product_cat-esente-de-geme","7":"pa_size-15ml","8":"pa_size-30ml","10":"first","11":"instock","12":"shipping-taxable","13":"purchasable","14":"product-type-variable"},"_links":{"self":[{"href":"https:\/\/esentevibrationale.com\/index.php?rest_route=\/wp\/v2\/product\/590","targetHints":{"allow":["GET"]}}],"collection":[{"href":"https:\/\/esentevibrationale.com\/index.php?rest_route=\/wp\/v2\/product"}],"about":[{"href":"https:\/\/esentevibrationale.com\/index.php?rest_route=\/wp\/v2\/types\/product"}],"wp:featuredmedia":[{"embeddable":true,"href":"https:\/\/esentevibrationale.com\/index.php?rest_route=\/wp\/v2\/media\/14824"}],"wp:attachment":[{"href":"https:\/\/esentevibrationale.com\/index.php?rest_route=%2Fwp%2Fv2%2Fmedia&parent=590"}],"wp:term":[{"taxonomy":"product_brand","embeddable":true,"href":"https:\/\/esentevibrationale.com\/index.php?rest_route=%2Fwp%2Fv2%2Fproduct_brand&post=590"},{"taxonomy":"product_cat","embeddable":true,"href":"https:\/\/esentevibrationale.com\/index.php?rest_route=%2Fwp%2Fv2%2Fproduct_cat&post=590"},{"taxonomy":"product_tag","embeddable":true,"href":"https:\/\/esentevibrationale.com\/index.php?rest_route=%2Fwp%2Fv2%2Fproduct_tag&post=590"}],"curies":[{"name":"wp","href":"https:\/\/api.w.org\/{rel}","templated":true}]}}