{"id":592,"date":"2018-10-25T08:36:52","date_gmt":"2018-10-25T06:36:52","guid":{"rendered":"http:\/\/phiessences.com\/Romania\/?post_type=product&#038;p=592"},"modified":"2025-12-30T17:03:39","modified_gmt":"2025-12-30T15:03:39","slug":"smoky-quartz-cuart-fumuriu","status":"publish","type":"product","link":"https:\/\/esentevibrationale.com\/?product=smoky-quartz-cuart-fumuriu","title":{"rendered":"Smoky Quartz \/ Cuar\u0163 Fumuriu"},"content":{"rendered":"<p><em>Cuar\u021bul fumuriu este un dioxid de siliciu, care poate ajunge de la opac la transparent. Poate fi g\u0103sit \u00eentr-o varietate de culori, care \u00eencep de la maro la negru, gri fumuriu sau deschis. Deseori prezint\u0103 inser\u021bii de rutil \u0219i se formeaz\u0103 de obicei \u00een forme de cristale. Din antichitate cuar\u021bul fumuriu a fost considerat o piatr\u0103 protectoare. Corespunde: Chakrei R\u0103d\u0103cin\u0103 Chakrei Prostatei \/ Uterului \u0219i Chakrei Plexului Solar (Chakrelor prima, a-II-a \u0219i a-III-a). \u00cen ceea ce prive\u0219te aura, ac\u021bioneaz\u0103 pe corpurile: astral, mental \u0219i emo\u021bional.<\/em><\/p>\n<p><strong><em>Efectul Esen\u021bei: <\/em><\/strong>Esen\u021ba promoveaz\u0103 stabilitatea necesar\u0103 pentru a accepta partea noastr\u0103 \u00eentunecat\u0103. Ne permite s\u0103 identific\u0103m scopul nostru real \u00een viat\u0103, aduce bucurie de via\u021b\u0103 \u0219i ne ajut\u0103 s\u0103 \u00eencepem iar.<\/p>\n<p><strong><em>Efectul Esen\u021bei la Nivel Fizic<\/em><\/strong><em>: <\/em>Cuar\u021bul Fumuriu contribuie energetic la \u00eent\u0103rirea holistic\u0103, atunci c\u00e2nd exist\u0103 instabilitate fizic\u0103. \u00cen special, Chakrele a-III-a \u0219i a-IV-a beneficiaz\u0103 de acest lucru. Esen\u021ba favorizeaz\u0103 bun\u0103starea organismului, deoarece \u00eel detoxific\u0103 \u0219i \u00eel cur\u0103\u021b\u0103.<\/p>\n<p><strong><em>Efectul Esen\u021bei la Nivel Emo\u021bional: <\/em><\/strong>\u00cen perioadele cu \u00eenc\u0103rc\u0103tur\u0103 emo\u021bional\u0103 puternic\u0103, esen\u021ba poate fi un mare ajutor celest. Menit s\u0103 armonizeze via\u021ba spiritual\u0103, face ca triste\u021bea s\u0103 dispar\u0103, risipe\u0219te fricile (chiar \u0219i pe cele cauzate de stres), nevrozele \u0219i depresiile, toate se datoreaz\u0103 efectului s\u0103u de \u00eenr\u0103d\u0103cinare, care pentru noi \u00eenseamn\u0103 \u00eencredere \u00een noi \u0219i absorbire spiritual\u0103. Cei care au tendin\u021ba de a experimenta perioade lungi de suferin\u021ba, pot primi curajul de a tr\u0103i \u0219i de a identifica noi obiective. \u00cen plus, ne ajut\u0103 s\u0103 ne lini\u0219tim propriile sentimente \u0219i de asemenea, ne ajut\u0103 s\u0103 recunoa\u0219tem faptul c\u0103 procesele de \u00eenv\u0103\u021bare sunt necesare chiar \u0219i c\u00e2nd se dovedesc a fi dureroase.<\/p>\n<p><strong><em>Efectul Esen\u021bei la Nivel Mental: <\/em><\/strong>Vibra\u021biile de echilibrare puternice emise de esen\u021b\u0103 ac\u021bioneaz\u0103 asupra energiei mentale. Influen\u021ba sa ne ajut\u0103 s\u0103 recunoa\u0219tem via\u021ba noastr\u0103, astfel ni se dezvolt\u0103 creativitatea \u0219i o putem integra \u00een via\u021b\u0103 noastr\u0103.<\/p>\n<p><strong><em>Efectul Esen\u021bei la Nivel Spiritual: <\/em><\/strong>Esen\u021ba favorizeaz\u0103 purificarea aurei \u0219i astfel, provoac\u0103 o eliberare energetic\u0103 asupra mai multor blocaje. Acest proces este urmat de o eliberare holistic\u0103 a corpului, min\u021bii \u0219i a sufletului \u0219i apoi se ajunge la un echilibru nou. Promoveaz\u0103 abilitatea de a medita \u0219i ne \u00eenso\u021be\u0219te \u00een contactul nostru cu natura.<\/p>\n<p><strong>Esen\u021ba de Orhidee Corespondent\u0103:<\/strong><\/p>\n<p>Orhideea Vie\u021bii Anterioare<\/p>\n<p><strong><em>Afirma\u021bia: <\/em><\/strong>Cu fiecare nou\u0103 experien\u021ba \u00eenv\u0103\u021b s\u0103 m\u0103 cunosc mai bine \u0219i s\u0103-mi \u00eentrez\u0103resc scopul \u00een via\u021ba<\/p>\n","protected":false},"excerpt":{"rendered":"<p>Cuar\u021bul fumuriu este un dioxid de siliciu, care poate ajunge de la opac la transparent. Poate fi g\u0103sit \u00eentr-o varietate de culori, care \u00eencep de la maro la negru, gri fumuriu sau deschis. Deseori prezint\u0103 inser\u021bii de rutil \u0219i se formeaz\u0103 de obicei \u00een forme de cristale. Din antichitate cuar\u021bul fumuriu a fost considerat o &hellip; <a href=\"https:\/\/esentevibrationale.com\/?product=smoky-quartz-cuart-fumuriu\" class=\"more-link\">Continu\u0103 lectura <span class=\"screen-reader-text\">Smoky Quartz \/ Cuar\u0163 Fumuriu<\/span> <span class=\"meta-nav\">&rarr;<\/span><\/a><\/p>\n","protected":false},"featured_media":14823,"template":"","meta":[],"product_brand":[],"product_cat":[18],"product_tag":[],"class_list":{"0":"post-592","1":"product","2":"type-product","3":"status-publish","4":"has-post-thumbnail","6":"product_cat-esente-de-geme","7":"pa_size-15ml","8":"pa_size-30ml","10":"first","11":"instock","12":"shipping-taxable","13":"purchasable","14":"product-type-variable","15":"has-default-attributes"},"_links":{"self":[{"href":"https:\/\/esentevibrationale.com\/index.php?rest_route=\/wp\/v2\/product\/592","targetHints":{"allow":["GET"]}}],"collection":[{"href":"https:\/\/esentevibrationale.com\/index.php?rest_route=\/wp\/v2\/product"}],"about":[{"href":"https:\/\/esentevibrationale.com\/index.php?rest_route=\/wp\/v2\/types\/product"}],"wp:featuredmedia":[{"embeddable":true,"href":"https:\/\/esentevibrationale.com\/index.php?rest_route=\/wp\/v2\/media\/14823"}],"wp:attachment":[{"href":"https:\/\/esentevibrationale.com\/index.php?rest_route=%2Fwp%2Fv2%2Fmedia&parent=592"}],"wp:term":[{"taxonomy":"product_brand","embeddable":true,"href":"https:\/\/esentevibrationale.com\/index.php?rest_route=%2Fwp%2Fv2%2Fproduct_brand&post=592"},{"taxonomy":"product_cat","embeddable":true,"href":"https:\/\/esentevibrationale.com\/index.php?rest_route=%2Fwp%2Fv2%2Fproduct_cat&post=592"},{"taxonomy":"product_tag","embeddable":true,"href":"https:\/\/esentevibrationale.com\/index.php?rest_route=%2Fwp%2Fv2%2Fproduct_tag&post=592"}],"curies":[{"name":"wp","href":"https:\/\/api.w.org\/{rel}","templated":true}]}}