{"id":599,"date":"2018-10-25T08:49:42","date_gmt":"2018-10-25T06:49:42","guid":{"rendered":"http:\/\/phiessences.com\/Romania\/?post_type=product&#038;p=599"},"modified":"2025-12-30T15:14:42","modified_gmt":"2025-12-30T13:14:42","slug":"flourite-fluorit","status":"publish","type":"product","link":"https:\/\/esentevibrationale.com\/?product=flourite-fluorit","title":{"rendered":"Flourite \/ Fluorit"},"content":{"rendered":"<p>Esen\u0163a are un efect de calmare \u015fi de relaxare. Ne ajut\u0103 s\u0103 ne\u00a0 \u00eembun\u0103t\u0103\u0163im puterea de concentrare \u015fi s\u0103 sort\u0103m lucrurile din mintea noastr\u0103.<\/p>\n","protected":false},"excerpt":{"rendered":"<p>Esen\u0163a are un efect de calmare \u015fi de relaxare. Ne ajut\u0103 s\u0103 ne\u00a0 \u00eembun\u0103t\u0103\u0163im puterea de concentrare \u015fi s\u0103 sort\u0103m lucrurile din mintea noastr\u0103.<\/p>\n","protected":false},"featured_media":14748,"template":"","meta":[],"product_brand":[],"product_cat":[18],"product_tag":[],"class_list":{"0":"post-599","1":"product","2":"type-product","3":"status-publish","4":"has-post-thumbnail","6":"product_cat-esente-de-geme","7":"pa_size-15ml","8":"pa_size-30ml","10":"first","11":"instock","12":"shipping-taxable","13":"purchasable","14":"product-type-variable","15":"has-default-attributes"},"_links":{"self":[{"href":"https:\/\/esentevibrationale.com\/index.php?rest_route=\/wp\/v2\/product\/599","targetHints":{"allow":["GET"]}}],"collection":[{"href":"https:\/\/esentevibrationale.com\/index.php?rest_route=\/wp\/v2\/product"}],"about":[{"href":"https:\/\/esentevibrationale.com\/index.php?rest_route=\/wp\/v2\/types\/product"}],"wp:featuredmedia":[{"embeddable":true,"href":"https:\/\/esentevibrationale.com\/index.php?rest_route=\/wp\/v2\/media\/14748"}],"wp:attachment":[{"href":"https:\/\/esentevibrationale.com\/index.php?rest_route=%2Fwp%2Fv2%2Fmedia&parent=599"}],"wp:term":[{"taxonomy":"product_brand","embeddable":true,"href":"https:\/\/esentevibrationale.com\/index.php?rest_route=%2Fwp%2Fv2%2Fproduct_brand&post=599"},{"taxonomy":"product_cat","embeddable":true,"href":"https:\/\/esentevibrationale.com\/index.php?rest_route=%2Fwp%2Fv2%2Fproduct_cat&post=599"},{"taxonomy":"product_tag","embeddable":true,"href":"https:\/\/esentevibrationale.com\/index.php?rest_route=%2Fwp%2Fv2%2Fproduct_tag&post=599"}],"curies":[{"name":"wp","href":"https:\/\/api.w.org\/{rel}","templated":true}]}}