{"id":601,"date":"2018-10-25T08:51:24","date_gmt":"2018-10-25T06:51:24","guid":{"rendered":"http:\/\/phiessences.com\/Romania\/?post_type=product&#038;p=601"},"modified":"2025-12-30T15:15:43","modified_gmt":"2025-12-30T13:15:43","slug":"gold-aur","status":"publish","type":"product","link":"https:\/\/esentevibrationale.com\/?product=gold-aur","title":{"rendered":"Gold \/ Aur"},"content":{"rendered":"<p>Esen\u0163a simbolizeaz\u0103 vitalitatea \u015fi energiile pozitive \u015fi active. Fortific\u0103 plexul solar \u015fi ini\u0163iativa personal\u0103.<\/p>\n","protected":false},"excerpt":{"rendered":"<p>Esen\u0163a simbolizeaz\u0103 vitalitatea \u015fi energiile pozitive \u015fi active. Fortific\u0103 plexul solar \u015fi ini\u0163iativa personal\u0103.<\/p>\n","protected":false},"featured_media":14746,"template":"","meta":[],"product_brand":[],"product_cat":[18],"product_tag":[],"class_list":{"0":"post-601","1":"product","2":"type-product","3":"status-publish","4":"has-post-thumbnail","6":"product_cat-esente-de-geme","7":"pa_size-15ml","8":"pa_size-30ml","10":"first","11":"instock","12":"shipping-taxable","13":"purchasable","14":"product-type-variable","15":"has-default-attributes"},"_links":{"self":[{"href":"https:\/\/esentevibrationale.com\/index.php?rest_route=\/wp\/v2\/product\/601","targetHints":{"allow":["GET"]}}],"collection":[{"href":"https:\/\/esentevibrationale.com\/index.php?rest_route=\/wp\/v2\/product"}],"about":[{"href":"https:\/\/esentevibrationale.com\/index.php?rest_route=\/wp\/v2\/types\/product"}],"wp:featuredmedia":[{"embeddable":true,"href":"https:\/\/esentevibrationale.com\/index.php?rest_route=\/wp\/v2\/media\/14746"}],"wp:attachment":[{"href":"https:\/\/esentevibrationale.com\/index.php?rest_route=%2Fwp%2Fv2%2Fmedia&parent=601"}],"wp:term":[{"taxonomy":"product_brand","embeddable":true,"href":"https:\/\/esentevibrationale.com\/index.php?rest_route=%2Fwp%2Fv2%2Fproduct_brand&post=601"},{"taxonomy":"product_cat","embeddable":true,"href":"https:\/\/esentevibrationale.com\/index.php?rest_route=%2Fwp%2Fv2%2Fproduct_cat&post=601"},{"taxonomy":"product_tag","embeddable":true,"href":"https:\/\/esentevibrationale.com\/index.php?rest_route=%2Fwp%2Fv2%2Fproduct_tag&post=601"}],"curies":[{"name":"wp","href":"https:\/\/api.w.org\/{rel}","templated":true}]}}