{"id":605,"date":"2018-10-25T09:00:05","date_gmt":"2018-10-25T07:00:05","guid":{"rendered":"http:\/\/phiessences.com\/Romania\/?post_type=product&#038;p=605"},"modified":"2025-12-30T15:29:47","modified_gmt":"2025-12-30T13:29:47","slug":"magnetite-magnetit","status":"publish","type":"product","link":"https:\/\/esentevibrationale.com\/?product=magnetite-magnetit","title":{"rendered":"Magnetite \/ Magnetit"},"content":{"rendered":"<p>Esen\u021ba are un efect de cur\u0103\u021bare \u015fi de echilibrare. Promoveaz\u0103 iubirea noastr\u0103 fa\u021b\u0103 de natur\u0103. Aceast\u0103 esen\u021b\u0103 stimuleaz\u0103 puterea, curajul \u015fi for\u021ba noastr\u0103 energetic\u0103 Yang (partea masculin\u0103).<\/p>\n","protected":false},"excerpt":{"rendered":"<p>Esen\u021ba are un efect de cur\u0103\u021bare \u015fi de echilibrare. Promoveaz\u0103 iubirea noastr\u0103 fa\u021b\u0103 de natur\u0103. Aceast\u0103 esen\u021b\u0103 stimuleaz\u0103 puterea, curajul \u015fi for\u021ba noastr\u0103 energetic\u0103 Yang (partea masculin\u0103).<\/p>\n","protected":false},"featured_media":14754,"template":"","meta":[],"product_brand":[],"product_cat":[18],"product_tag":[],"class_list":{"0":"post-605","1":"product","2":"type-product","3":"status-publish","4":"has-post-thumbnail","6":"product_cat-esente-de-geme","7":"pa_size-15ml","8":"pa_size-30ml","10":"first","11":"instock","12":"shipping-taxable","13":"purchasable","14":"product-type-variable","15":"has-default-attributes"},"_links":{"self":[{"href":"https:\/\/esentevibrationale.com\/index.php?rest_route=\/wp\/v2\/product\/605","targetHints":{"allow":["GET"]}}],"collection":[{"href":"https:\/\/esentevibrationale.com\/index.php?rest_route=\/wp\/v2\/product"}],"about":[{"href":"https:\/\/esentevibrationale.com\/index.php?rest_route=\/wp\/v2\/types\/product"}],"wp:featuredmedia":[{"embeddable":true,"href":"https:\/\/esentevibrationale.com\/index.php?rest_route=\/wp\/v2\/media\/14754"}],"wp:attachment":[{"href":"https:\/\/esentevibrationale.com\/index.php?rest_route=%2Fwp%2Fv2%2Fmedia&parent=605"}],"wp:term":[{"taxonomy":"product_brand","embeddable":true,"href":"https:\/\/esentevibrationale.com\/index.php?rest_route=%2Fwp%2Fv2%2Fproduct_brand&post=605"},{"taxonomy":"product_cat","embeddable":true,"href":"https:\/\/esentevibrationale.com\/index.php?rest_route=%2Fwp%2Fv2%2Fproduct_cat&post=605"},{"taxonomy":"product_tag","embeddable":true,"href":"https:\/\/esentevibrationale.com\/index.php?rest_route=%2Fwp%2Fv2%2Fproduct_tag&post=605"}],"curies":[{"name":"wp","href":"https:\/\/api.w.org\/{rel}","templated":true}]}}