{"id":609,"date":"2018-10-25T09:05:50","date_gmt":"2018-10-25T07:05:50","guid":{"rendered":"http:\/\/phiessences.com\/Romania\/?post_type=product&#038;p=609"},"modified":"2025-12-30T15:46:54","modified_gmt":"2025-12-30T13:46:54","slug":"obsidian-obsidian","status":"publish","type":"product","link":"https:\/\/esentevibrationale.com\/?product=obsidian-obsidian","title":{"rendered":"Obsidian \/ Obsidian"},"content":{"rendered":"<p>Esen\u0163a este util\u0103 pentru stabilizarea, claritatea \u015fi cur\u0103\u0163area min\u0163ii. Ne ajut\u0103 s\u0103 ne conect\u0103m intelectul nostru cu intui\u0163ia \u00een echilibru \u015fi \u00een armonie.<\/p>\n","protected":false},"excerpt":{"rendered":"<p>Esen\u0163a este util\u0103 pentru stabilizarea, claritatea \u015fi cur\u0103\u0163area min\u0163ii. Ne ajut\u0103 s\u0103 ne conect\u0103m intelectul nostru cu intui\u0163ia \u00een echilibru \u015fi \u00een armonie.<\/p>\n","protected":false},"featured_media":610,"template":"","meta":[],"product_brand":[],"product_cat":[18],"product_tag":[],"class_list":{"0":"post-609","1":"product","2":"type-product","3":"status-publish","4":"has-post-thumbnail","6":"product_cat-esente-de-geme","7":"pa_size-15ml","8":"pa_size-30ml","10":"first","11":"instock","12":"shipping-taxable","13":"purchasable","14":"product-type-variable","15":"has-default-attributes"},"_links":{"self":[{"href":"https:\/\/esentevibrationale.com\/index.php?rest_route=\/wp\/v2\/product\/609","targetHints":{"allow":["GET"]}}],"collection":[{"href":"https:\/\/esentevibrationale.com\/index.php?rest_route=\/wp\/v2\/product"}],"about":[{"href":"https:\/\/esentevibrationale.com\/index.php?rest_route=\/wp\/v2\/types\/product"}],"wp:featuredmedia":[{"embeddable":true,"href":"https:\/\/esentevibrationale.com\/index.php?rest_route=\/wp\/v2\/media\/610"}],"wp:attachment":[{"href":"https:\/\/esentevibrationale.com\/index.php?rest_route=%2Fwp%2Fv2%2Fmedia&parent=609"}],"wp:term":[{"taxonomy":"product_brand","embeddable":true,"href":"https:\/\/esentevibrationale.com\/index.php?rest_route=%2Fwp%2Fv2%2Fproduct_brand&post=609"},{"taxonomy":"product_cat","embeddable":true,"href":"https:\/\/esentevibrationale.com\/index.php?rest_route=%2Fwp%2Fv2%2Fproduct_cat&post=609"},{"taxonomy":"product_tag","embeddable":true,"href":"https:\/\/esentevibrationale.com\/index.php?rest_route=%2Fwp%2Fv2%2Fproduct_tag&post=609"}],"curies":[{"name":"wp","href":"https:\/\/api.w.org\/{rel}","templated":true}]}}