{"id":611,"date":"2018-10-25T09:07:24","date_gmt":"2018-10-25T07:07:24","guid":{"rendered":"http:\/\/phiessences.com\/Romania\/?post_type=product&#038;p=611"},"modified":"2025-12-30T17:04:28","modified_gmt":"2025-12-30T15:04:28","slug":"silver-argint","status":"publish","type":"product","link":"https:\/\/esentevibrationale.com\/?product=silver-argint","title":{"rendered":"Silver \/ Argint"},"content":{"rendered":"<p>Esen\u0163a stimuleaz\u0103 intui\u0163ia \u015fi aduce protec\u0163ie emo\u0163ional\u0103. \u00cencurajeaz\u0103 sensibilitatea, fanteziile \u015fi visele.<\/p>\n","protected":false},"excerpt":{"rendered":"<p>Esen\u0163a stimuleaz\u0103 intui\u0163ia \u015fi aduce protec\u0163ie emo\u0163ional\u0103. \u00cencurajeaz\u0103 sensibilitatea, fanteziile \u015fi visele.<\/p>\n","protected":false},"featured_media":612,"template":"","meta":[],"product_brand":[],"product_cat":[18],"product_tag":[],"class_list":{"0":"post-611","1":"product","2":"type-product","3":"status-publish","4":"has-post-thumbnail","6":"product_cat-esente-de-geme","7":"pa_size-15ml","8":"pa_size-30ml","10":"first","11":"instock","12":"shipping-taxable","13":"purchasable","14":"product-type-variable","15":"has-default-attributes"},"_links":{"self":[{"href":"https:\/\/esentevibrationale.com\/index.php?rest_route=\/wp\/v2\/product\/611","targetHints":{"allow":["GET"]}}],"collection":[{"href":"https:\/\/esentevibrationale.com\/index.php?rest_route=\/wp\/v2\/product"}],"about":[{"href":"https:\/\/esentevibrationale.com\/index.php?rest_route=\/wp\/v2\/types\/product"}],"wp:featuredmedia":[{"embeddable":true,"href":"https:\/\/esentevibrationale.com\/index.php?rest_route=\/wp\/v2\/media\/612"}],"wp:attachment":[{"href":"https:\/\/esentevibrationale.com\/index.php?rest_route=%2Fwp%2Fv2%2Fmedia&parent=611"}],"wp:term":[{"taxonomy":"product_brand","embeddable":true,"href":"https:\/\/esentevibrationale.com\/index.php?rest_route=%2Fwp%2Fv2%2Fproduct_brand&post=611"},{"taxonomy":"product_cat","embeddable":true,"href":"https:\/\/esentevibrationale.com\/index.php?rest_route=%2Fwp%2Fv2%2Fproduct_cat&post=611"},{"taxonomy":"product_tag","embeddable":true,"href":"https:\/\/esentevibrationale.com\/index.php?rest_route=%2Fwp%2Fv2%2Fproduct_tag&post=611"}],"curies":[{"name":"wp","href":"https:\/\/api.w.org\/{rel}","templated":true}]}}