{"id":613,"date":"2018-12-22T13:41:33","date_gmt":"2018-12-22T11:41:33","guid":{"rendered":"http:\/\/phiessences.com\/Romania\/?post_type=product&#038;p=613"},"modified":"2025-12-30T17:00:42","modified_gmt":"2025-12-30T15:00:42","slug":"tigers-eye-ochi-de-tigru","status":"publish","type":"product","link":"https:\/\/esentevibrationale.com\/?product=tigers-eye-ochi-de-tigru","title":{"rendered":"Tiger\u2019s Eye \/ Ochi de Tigru"},"content":{"rendered":"<p>Esen\u0163a \u00eembun\u0103t\u0103\u0163e\u015fte concentrarea noastr\u0103, \u00eent\u0103re\u015fte abilitatea noastr\u0103 de a vedea lucrurile mult mai clar, inclusiv sl\u0103biciunile personale.<\/p>\n","protected":false},"excerpt":{"rendered":"<p>Esen\u0163a \u00eembun\u0103t\u0103\u0163e\u015fte concentrarea noastr\u0103, \u00eent\u0103re\u015fte abilitatea noastr\u0103 de a vedea lucrurile mult mai clar, inclusiv sl\u0103biciunile personale.<\/p>\n","protected":false},"featured_media":14757,"template":"","meta":[],"product_brand":[],"product_cat":[18],"product_tag":[],"class_list":{"0":"post-613","1":"product","2":"type-product","3":"status-publish","4":"has-post-thumbnail","6":"product_cat-esente-de-geme","7":"pa_size-15ml","8":"pa_size-30ml","10":"first","11":"instock","12":"shipping-taxable","13":"purchasable","14":"product-type-variable","15":"has-default-attributes"},"_links":{"self":[{"href":"https:\/\/esentevibrationale.com\/index.php?rest_route=\/wp\/v2\/product\/613","targetHints":{"allow":["GET"]}}],"collection":[{"href":"https:\/\/esentevibrationale.com\/index.php?rest_route=\/wp\/v2\/product"}],"about":[{"href":"https:\/\/esentevibrationale.com\/index.php?rest_route=\/wp\/v2\/types\/product"}],"wp:featuredmedia":[{"embeddable":true,"href":"https:\/\/esentevibrationale.com\/index.php?rest_route=\/wp\/v2\/media\/14757"}],"wp:attachment":[{"href":"https:\/\/esentevibrationale.com\/index.php?rest_route=%2Fwp%2Fv2%2Fmedia&parent=613"}],"wp:term":[{"taxonomy":"product_brand","embeddable":true,"href":"https:\/\/esentevibrationale.com\/index.php?rest_route=%2Fwp%2Fv2%2Fproduct_brand&post=613"},{"taxonomy":"product_cat","embeddable":true,"href":"https:\/\/esentevibrationale.com\/index.php?rest_route=%2Fwp%2Fv2%2Fproduct_cat&post=613"},{"taxonomy":"product_tag","embeddable":true,"href":"https:\/\/esentevibrationale.com\/index.php?rest_route=%2Fwp%2Fv2%2Fproduct_tag&post=613"}],"curies":[{"name":"wp","href":"https:\/\/api.w.org\/{rel}","templated":true}]}}