{"id":615,"date":"2018-10-25T09:29:49","date_gmt":"2018-10-25T07:29:49","guid":{"rendered":"http:\/\/phiessences.com\/Romania\/?post_type=product&#038;p=615"},"modified":"2025-12-30T13:04:50","modified_gmt":"2025-12-30T11:04:50","slug":"blue-topaz-topaz-albastru","status":"publish","type":"product","link":"https:\/\/esentevibrationale.com\/?product=blue-topaz-topaz-albastru","title":{"rendered":"Blue Topaz \/ Topaz Albastru"},"content":{"rendered":"<p>Esen\u0163a sus\u0163ine creativitatea \u015fi inspira\u0163ia artistic\u0103. Aceast\u0103 esen\u0163\u0103 are un efect de calmare \u015fi cur\u0103\u0163are mental\u0103, ajut\u0103 s\u0103 construiasc\u0103 o atitudine mental\u0103 pozitiv\u0103 \u015fi cre\u015fte toleran\u0163a.<\/p>\n","protected":false},"excerpt":{"rendered":"<p>Esen\u0163a sus\u0163ine creativitatea \u015fi inspira\u0163ia artistic\u0103. Aceast\u0103 esen\u0163\u0103 are un efect de calmare \u015fi cur\u0103\u0163are mental\u0103, ajut\u0103 s\u0103 construiasc\u0103 o atitudine mental\u0103 pozitiv\u0103 \u015fi cre\u015fte toleran\u0163a.<\/p>\n","protected":false},"featured_media":14818,"template":"","meta":[],"product_brand":[],"product_cat":[18],"product_tag":[],"class_list":{"0":"post-615","1":"product","2":"type-product","3":"status-publish","4":"has-post-thumbnail","6":"product_cat-esente-de-geme","7":"pa_size-15ml","8":"pa_size-30-ml","10":"first","11":"instock","12":"shipping-taxable","13":"purchasable","14":"product-type-variable","15":"has-default-attributes"},"_links":{"self":[{"href":"https:\/\/esentevibrationale.com\/index.php?rest_route=\/wp\/v2\/product\/615","targetHints":{"allow":["GET"]}}],"collection":[{"href":"https:\/\/esentevibrationale.com\/index.php?rest_route=\/wp\/v2\/product"}],"about":[{"href":"https:\/\/esentevibrationale.com\/index.php?rest_route=\/wp\/v2\/types\/product"}],"wp:featuredmedia":[{"embeddable":true,"href":"https:\/\/esentevibrationale.com\/index.php?rest_route=\/wp\/v2\/media\/14818"}],"wp:attachment":[{"href":"https:\/\/esentevibrationale.com\/index.php?rest_route=%2Fwp%2Fv2%2Fmedia&parent=615"}],"wp:term":[{"taxonomy":"product_brand","embeddable":true,"href":"https:\/\/esentevibrationale.com\/index.php?rest_route=%2Fwp%2Fv2%2Fproduct_brand&post=615"},{"taxonomy":"product_cat","embeddable":true,"href":"https:\/\/esentevibrationale.com\/index.php?rest_route=%2Fwp%2Fv2%2Fproduct_cat&post=615"},{"taxonomy":"product_tag","embeddable":true,"href":"https:\/\/esentevibrationale.com\/index.php?rest_route=%2Fwp%2Fv2%2Fproduct_tag&post=615"}],"curies":[{"name":"wp","href":"https:\/\/api.w.org\/{rel}","templated":true}]}}