{"id":618,"date":"2018-10-25T09:36:13","date_gmt":"2018-10-25T07:36:13","guid":{"rendered":"http:\/\/phiessences.com\/Romania\/?post_type=product&#038;p=618"},"modified":"2025-12-30T13:58:07","modified_gmt":"2025-12-30T11:58:07","slug":"zircon-zirconiu-2","status":"publish","type":"product","link":"https:\/\/esentevibrationale.com\/?product=zircon-zirconiu-2","title":{"rendered":"Zircon \/ Zirconiu"},"content":{"rendered":"<p>Esen\u0163a are o vibra\u0163ie de calmare care aduce armonie, at\u00e2t sufletului, c\u00e2t \u015fi min\u0163ii. Ne ajut\u0103 s\u0103 ne ascult\u0103m vocea interioar\u0103 \u015fi aduce r\u0103bdare \u00een ascultarea altor persoane.<\/p>\n","protected":false},"excerpt":{"rendered":"<p>Esen\u0163a are o vibra\u0163ie de calmare care aduce armonie, at\u00e2t sufletului, c\u00e2t \u015fi min\u0163ii. Ne ajut\u0103 s\u0103 ne ascult\u0103m vocea interioar\u0103 \u015fi aduce r\u0103bdare \u00een ascultarea altor persoane.<\/p>\n","protected":false},"featured_media":14819,"template":"","meta":[],"product_brand":[],"product_cat":[18],"product_tag":[],"class_list":{"0":"post-618","1":"product","2":"type-product","3":"status-publish","4":"has-post-thumbnail","6":"product_cat-esente-de-geme","7":"pa_size-15ml","8":"pa_size-30ml","10":"first","11":"instock","12":"shipping-taxable","13":"purchasable","14":"product-type-variable","15":"has-default-attributes"},"_links":{"self":[{"href":"https:\/\/esentevibrationale.com\/index.php?rest_route=\/wp\/v2\/product\/618","targetHints":{"allow":["GET"]}}],"collection":[{"href":"https:\/\/esentevibrationale.com\/index.php?rest_route=\/wp\/v2\/product"}],"about":[{"href":"https:\/\/esentevibrationale.com\/index.php?rest_route=\/wp\/v2\/types\/product"}],"wp:featuredmedia":[{"embeddable":true,"href":"https:\/\/esentevibrationale.com\/index.php?rest_route=\/wp\/v2\/media\/14819"}],"wp:attachment":[{"href":"https:\/\/esentevibrationale.com\/index.php?rest_route=%2Fwp%2Fv2%2Fmedia&parent=618"}],"wp:term":[{"taxonomy":"product_brand","embeddable":true,"href":"https:\/\/esentevibrationale.com\/index.php?rest_route=%2Fwp%2Fv2%2Fproduct_brand&post=618"},{"taxonomy":"product_cat","embeddable":true,"href":"https:\/\/esentevibrationale.com\/index.php?rest_route=%2Fwp%2Fv2%2Fproduct_cat&post=618"},{"taxonomy":"product_tag","embeddable":true,"href":"https:\/\/esentevibrationale.com\/index.php?rest_route=%2Fwp%2Fv2%2Fproduct_tag&post=618"}],"curies":[{"name":"wp","href":"https:\/\/api.w.org\/{rel}","templated":true}]}}