{"id":627,"date":"2018-10-25T10:09:15","date_gmt":"2018-10-25T08:09:15","guid":{"rendered":"http:\/\/phiessences.com\/Romania\/?post_type=product&#038;p=627"},"modified":"2025-12-30T14:00:37","modified_gmt":"2025-12-30T12:00:37","slug":"watermelon-tourmaline-turmalina-pepene-verde","status":"publish","type":"product","link":"https:\/\/esentevibrationale.com\/?product=watermelon-tourmaline-turmalina-pepene-verde","title":{"rendered":"Watermelon Tourmaline \/ Turmalin\u0103 Pepene Verde"},"content":{"rendered":"<p><em>Turmalina Pepene Verde este un borosilicat de aluminiu de o frumuse\u021be incomparabil\u0103. \u00cen centrul s\u0103u str\u0103luce\u0219te un nucleu cu o nuan\u021b\u0103 de roz cu tonuri ro\u0219iatice \u00eencadrat de o margine verde, care \u00eei da acestui mineral aspectul unui pepene verde deschis \u00een centrul s\u0103u. Formeaz\u0103 tije lungi, care \u00eei reflect\u0103 toat\u0103 frumuse\u021bea, atunci c\u00e2nd este t\u0103iat\u0103 sau \u0219lefuit\u0103. \u00cen Doctrina Chakrelor corespunde cu Chakra a-II-a, Chakra a-III-a \u0219i cu Chakra a-IV-a.<\/em><\/p>\n<p><strong><em>Efectul Esen\u021bei: <\/em><\/strong>Turmalina Pepene Verde \u0219i esen\u021ba sa stimuleaz\u0103 energetic formarea adecvat\u0103 a celulelor \u00een organism \u0219i stimuleaz\u0103 re\u00eennoirea celular\u0103. Esen\u021ba stimuleaz\u0103 procesele de structurare holistic\u0103 \u0219i promoveaz\u0103 pute rile de auto-vindecare.<\/p>\n<p><strong><em>Efectul Esen\u021bei la Nivel Fizic: <\/em><\/strong>\u00cen aceast\u0103 esen\u021b\u0103 vibreaz\u0103 culorile vindec\u0103toare verde \u0219i roz. Aceste culori ac\u021bioneaz\u0103 cu puterea lor energetic\u0103, \u00een special, pe zona Chakrei Inimii (Chakra a-IV-a) \u0219i stimuleaz\u0103 re\u00eennoirea holistic\u0103. Anomaliile de la nivel mental se pot manifesta \u00een diverse inconvenien\u021be corporale. Auto-vindecarea fizic\u0103 poate \u00eencepe elimin\u00e2nd cauzele sale mentale la nivelul energetic.<\/p>\n<p><strong><em>Efectul Esen\u021bei la Nivel Emo\u021bional: <\/em><\/strong>Frica existen\u021bial\u0103, bolile de inim\u0103 melancolia, pot provoca un &#8222;pachet&#8221; de emo\u021bii stresante. Esen\u021ba Turmalinei Pepene Verde ne permite s\u0103 identific\u0103m \u0219i s\u0103 trat\u0103m aceste emo\u021bii d\u0103un\u0103toare. Astfel, suntem invada\u021bi de o nou\u0103 prospe\u021bime, curaj \u0219i speran\u021be noi \u0219i de for\u021ba necesar\u0103 pentru a sc\u0103pa de poverile emo\u021bionale.<\/p>\n<p><strong><em>Efectul Esen\u021bei la Nivel Mental: <\/em><\/strong>Esen\u021ba \u00eembun\u0103t\u0103\u021be\u0219te toate procesele de structurare, acest lucru se reflect\u0103 \u00een mod pozitiv \u0219i la nivel mental. Stimuleaz\u0103 evolu\u021bia mental\u0103, creativitatea \u0219i autodeterminarea. \u00cen plus, este foarte bun\u0103 c\u00e2nd avem de dat teste, deoarece ne ajut\u0103 s\u0103 dep\u0103\u0219im frica de a gre\u0219i.<\/p>\n<p><strong><em>Efectul Esen\u021bei la Nivel Spiritual: <\/em><\/strong>Aceast\u0103 esen\u021b\u0103 spore\u0219te fluxul holistic de energie, ceea ce aduce beneficii \u0219i dezvolt\u0103rii spirituale. Devenim mai clari \u00een alinarea noastr\u0103 \u0219i avem mai mult\u0103 prospe\u021bime pentru a ne aborda obiectivele spirituale. Ca \u0219i \u00een zona fizico-mental\u0103, puterile de auto-vindecare din zona spiritual\u0103 sunt stimulate, totodat\u0103. Recunoa\u0219tem ce este bine pentru noi \u0219i dezvoltarea noastr\u0103 spiritual\u0103 sau ce stresuri duc la inconvenien\u021be psihosomatice, de exemplu.<\/p>\n<p><strong>Esen\u021ba de Orhidee Corespondent\u0103:<\/strong><\/p>\n<p>Orhideea Coordonare.<\/p>\n<p><strong><em>Afirma\u021bia: <\/em><\/strong>Cu drag scap de poverile mele \u0219i m\u0103 simt inclus\/\u0103 \u00een dragostea lui Dumnezeu<\/p>\n","protected":false},"excerpt":{"rendered":"<p>Turmalina Pepene Verde este un borosilicat de aluminiu de o frumuse\u021be incomparabil\u0103. \u00cen centrul s\u0103u str\u0103luce\u0219te un nucleu cu o nuan\u021b\u0103 de roz cu tonuri ro\u0219iatice \u00eencadrat de o margine verde, care \u00eei da acestui mineral aspectul unui pepene verde deschis \u00een centrul s\u0103u. Formeaz\u0103 tije lungi, care \u00eei reflect\u0103 toat\u0103 frumuse\u021bea, atunci c\u00e2nd este &hellip; <a href=\"https:\/\/esentevibrationale.com\/?product=watermelon-tourmaline-turmalina-pepene-verde\" class=\"more-link\">Continu\u0103 lectura <span class=\"screen-reader-text\">Watermelon Tourmaline \/ Turmalin\u0103 Pepene Verde<\/span> <span class=\"meta-nav\">&rarr;<\/span><\/a><\/p>\n","protected":false},"featured_media":628,"template":"","meta":[],"product_brand":[],"product_cat":[18],"product_tag":[],"class_list":{"0":"post-627","1":"product","2":"type-product","3":"status-publish","4":"has-post-thumbnail","6":"product_cat-esente-de-geme","7":"pa_size-15ml","8":"pa_size-30ml","10":"first","11":"instock","12":"shipping-taxable","13":"purchasable","14":"product-type-variable","15":"has-default-attributes"},"_links":{"self":[{"href":"https:\/\/esentevibrationale.com\/index.php?rest_route=\/wp\/v2\/product\/627","targetHints":{"allow":["GET"]}}],"collection":[{"href":"https:\/\/esentevibrationale.com\/index.php?rest_route=\/wp\/v2\/product"}],"about":[{"href":"https:\/\/esentevibrationale.com\/index.php?rest_route=\/wp\/v2\/types\/product"}],"wp:featuredmedia":[{"embeddable":true,"href":"https:\/\/esentevibrationale.com\/index.php?rest_route=\/wp\/v2\/media\/628"}],"wp:attachment":[{"href":"https:\/\/esentevibrationale.com\/index.php?rest_route=%2Fwp%2Fv2%2Fmedia&parent=627"}],"wp:term":[{"taxonomy":"product_brand","embeddable":true,"href":"https:\/\/esentevibrationale.com\/index.php?rest_route=%2Fwp%2Fv2%2Fproduct_brand&post=627"},{"taxonomy":"product_cat","embeddable":true,"href":"https:\/\/esentevibrationale.com\/index.php?rest_route=%2Fwp%2Fv2%2Fproduct_cat&post=627"},{"taxonomy":"product_tag","embeddable":true,"href":"https:\/\/esentevibrationale.com\/index.php?rest_route=%2Fwp%2Fv2%2Fproduct_tag&post=627"}],"curies":[{"name":"wp","href":"https:\/\/api.w.org\/{rel}","templated":true}]}}