{"id":635,"date":"2018-10-25T10:21:41","date_gmt":"2018-10-25T08:21:41","guid":{"rendered":"http:\/\/phiessences.com\/Romania\/?post_type=product&#038;p=635"},"modified":"2025-12-30T17:58:24","modified_gmt":"2025-12-30T15:58:24","slug":"slippery-jack-turta-vacii","status":"publish","type":"product","link":"https:\/\/esentevibrationale.com\/?product=slippery-jack-turta-vacii","title":{"rendered":"Slippery Jack \/ Turta Vacii"},"content":{"rendered":"<p><strong>(Suillus luteus)<\/strong><\/p>\n<p><em>Turti\u021ba Vacii tr\u0103ie\u0219te \u00een simbioz\u0103 cu brazii \u0219i se stabile\u0219te \u00een planta\u021biile tinere. Se poate g\u0103si \u00eentre lunile iunie \u0219i octombrie. Se recunoa\u0219te dup\u0103 p\u0103l\u0103ria sa neted\u0103, pestri\u021b\u0103 de culoare maro, care adesea cre\u0219te \u00een interior, poate avea diametru \u00eentre 5 &#8211; 10 cm, fiind moale \u0219i v\u00e2scoas\u0103. Tulpina este de un galben pal, cu o un inel membranos care variaz\u0103 \u00eentre culorile alb \u0219i violet.<\/em><\/p>\n<p><strong><em>Efectul Esen\u021bei<\/em><\/strong><em>: <\/em>Esen\u021ba Ciupercii Turti\u021ba Vacii ne permite s\u0103 devenim con\u0219tien\u021bi de sentimentele profunde de ru\u0219ine \u0219i vinov\u0103\u021bie \u0219i ne elibereaz\u0103 de blocajele cauzate de emo\u021biile negative.<\/p>\n<p><strong><em>Efectul Esen\u021bei la Nivel Fizic: <\/em><\/strong>Persoanele dominate de emo\u021bii profunde cum ar fi ru\u0219inea \u0219i vinov\u0103\u021bia se simt atrase adesea de aceast\u0103 esen\u021b\u0103. Nu este neobi\u0219nuit ca acestea s\u0103 poarte cu ele o durere sau o afec\u021biune fizic\u0103 care s\u0103 fie asociate cu sentimentele de vin\u0103 \u0219i de ru\u0219ine. Esen\u021ba Ciupercii Turti\u021ba Vacii clarific\u0103 conflictele mam\u0103 &#8211; fiu, de exemplu: contribuie la solu\u021bionarea definitiv\u0103 a acestui tip de problem\u0103, care include \u0219i probleme fizice.<\/p>\n<p><strong><em>Efectul Esen\u021bei la Nivel Emo\u021bional: <\/em><\/strong>Esen\u021ba ne ajut\u0103 s\u0103 devenim con\u0219tien\u021bi de emo\u021biile noastre negative \u0219i define\u0219te baza vindec\u0103rii emo\u021bionale prin acceptarea lor.<\/p>\n<p><strong><em>Efectul Esen\u021bei la Nivel Mental: <\/em><\/strong>Blocajele mentale, generate de sentimentele de ru\u0219ine \u0219i de vinov\u0103\u021bie ad\u00e2nc \u00eenr\u0103d\u0103cinate vor fi dizolvate cu ajutorul esen\u021bei. Datorit\u0103 implic\u0103rii esen\u021bei, realiz\u0103m care sunt capacit\u0103\u021bile noastre mentale reale \u0219i nu vom mai fi \u00eempiedica\u021bi de autocontrol (\u00eentr-o anumit\u0103 m\u0103sur\u0103 ca o pedeaps\u0103 pentru un posibil sau presupus sentiment de vinov\u0103\u021bie).<\/p>\n<p><strong><em>Efectul Esen\u021bei la Nivel Spiritual: <\/em><\/strong>Cu aceast\u0103 esen\u021ba de ciuperci experiment\u0103m o libertate necunoscut\u0103 spiritual\u0103. A\u0219a cum ne-am eliberat de sentimentele de vinov\u0103\u021bie \u0219i de g\u00e2ndurile negative, ne putem deschide c\u0103tre niveluri superioare de con\u0219tiin\u021b\u0103 \u0219i putem asimila pe deplin via\u021ba sub un proiect nou \u0219i s\u0103 fim capabili s\u0103 ne bucur\u0103m de acesta. \u00cencepem s\u0103 \u00een\u021belegem c\u0103 \u00een via\u021b\u0103 totul se datoreaz\u0103 Planului Divin \u0219i nu exist\u0103 vinova\u021bi, ci un proces de \u00eenv\u0103\u021bare.<\/p>\n<p><strong><em>Afirma\u021bia: <\/em><\/strong>M\u0103 eliberez de sentimentele de ru\u0219ine \u0219i de vinov\u0103\u021bie \u0219i respir o via\u021b\u0103 liber\u0103.<\/p>\n","protected":false},"excerpt":{"rendered":"<p>(Suillus luteus) Turti\u021ba Vacii tr\u0103ie\u0219te \u00een simbioz\u0103 cu brazii \u0219i se stabile\u0219te \u00een planta\u021biile tinere. Se poate g\u0103si \u00eentre lunile iunie \u0219i octombrie. Se recunoa\u0219te dup\u0103 p\u0103l\u0103ria sa neted\u0103, pestri\u021b\u0103 de culoare maro, care adesea cre\u0219te \u00een interior, poate avea diametru \u00eentre 5 &#8211; 10 cm, fiind moale \u0219i v\u00e2scoas\u0103. Tulpina este de un galben &hellip; <a href=\"https:\/\/esentevibrationale.com\/?product=slippery-jack-turta-vacii\" class=\"more-link\">Continu\u0103 lectura <span class=\"screen-reader-text\">Slippery Jack \/ Turta Vacii<\/span> <span class=\"meta-nav\">&rarr;<\/span><\/a><\/p>\n","protected":false},"featured_media":636,"template":"","meta":[],"product_brand":[],"product_cat":[19],"product_tag":[],"class_list":{"0":"post-635","1":"product","2":"type-product","3":"status-publish","4":"has-post-thumbnail","6":"product_cat-esente-de-ciuperci","7":"pa_size-15ml","8":"pa_size-30ml","10":"first","11":"instock","12":"shipping-taxable","13":"purchasable","14":"product-type-variable","15":"has-default-attributes"},"_links":{"self":[{"href":"https:\/\/esentevibrationale.com\/index.php?rest_route=\/wp\/v2\/product\/635","targetHints":{"allow":["GET"]}}],"collection":[{"href":"https:\/\/esentevibrationale.com\/index.php?rest_route=\/wp\/v2\/product"}],"about":[{"href":"https:\/\/esentevibrationale.com\/index.php?rest_route=\/wp\/v2\/types\/product"}],"wp:featuredmedia":[{"embeddable":true,"href":"https:\/\/esentevibrationale.com\/index.php?rest_route=\/wp\/v2\/media\/636"}],"wp:attachment":[{"href":"https:\/\/esentevibrationale.com\/index.php?rest_route=%2Fwp%2Fv2%2Fmedia&parent=635"}],"wp:term":[{"taxonomy":"product_brand","embeddable":true,"href":"https:\/\/esentevibrationale.com\/index.php?rest_route=%2Fwp%2Fv2%2Fproduct_brand&post=635"},{"taxonomy":"product_cat","embeddable":true,"href":"https:\/\/esentevibrationale.com\/index.php?rest_route=%2Fwp%2Fv2%2Fproduct_cat&post=635"},{"taxonomy":"product_tag","embeddable":true,"href":"https:\/\/esentevibrationale.com\/index.php?rest_route=%2Fwp%2Fv2%2Fproduct_tag&post=635"}],"curies":[{"name":"wp","href":"https:\/\/api.w.org\/{rel}","templated":true}]}}