{"id":637,"date":"2018-10-25T10:23:53","date_gmt":"2018-10-25T08:23:53","guid":{"rendered":"http:\/\/phiessences.com\/Romania\/?post_type=product&#038;p=637"},"modified":"2025-12-30T17:14:12","modified_gmt":"2025-12-30T15:14:12","slug":"common-puffball-casul-ciorii","status":"publish","type":"product","link":"https:\/\/esentevibrationale.com\/?product=common-puffball-casul-ciorii","title":{"rendered":"Common Puffball \/ Ca\u015ful Ciorii"},"content":{"rendered":"<p><strong>(Lycoperdon perlatum)<\/strong><\/p>\n<p><em>Aceast\u0103 ciuperc\u0103 are 8 cm \u00een\u0103l\u021bime \u0219i se g\u0103se\u0219te frecvent \u00een p\u0103durile de foioase \u0219i conifere. Se reproduce singur\u0103 \u00eentre lunile iulie \u0219i noiembrie \u0219i are forma caracteristic\u0103 unei sticle \u00eentoarse sau a unui bec. \u00cen timpul stadiului incipient de dezvoltare este alb\u0103 \u0219i are \u021bepi albi, puternici, u\u0219or \u00eenclina\u021bi, pe parcurs cap\u0103t\u0103 o nuan\u021ba galben-maronie. C\u00e2nd este copt apare o deschidere mic\u0103 la v\u00e2rf. Ciuperca este comestibil\u0103 c\u00e2nd este alb\u0103 \u00een interior. Pulberea de spori este de la m\u0103sliniu la maroniu cenu\u0219iu.<\/em><\/p>\n<p><strong><em>Efectul Esen\u021bei: <\/em><\/strong>Esen\u021ba Ca\u0219ului Ciorii ne pune \u00een <em>contact <\/em>cu nivelele superioare ale con\u0219tiin\u021bei. Ne ajut\u0103 s\u0103 devenim con\u0219tien\u021bi asupra importan\u021bei relative a circumstan\u021belor personale \u0219i devenim capabili s\u0103 fim calmi, echilibra\u021bi \u0219i deschi\u0219i c\u0103tre noile dimensiuni.<\/p>\n<p><strong><em>Efectul Esen\u021bei la Nivel Fizic:<\/em><\/strong> Aceast\u0103 esen\u021ba ne poate ajuta s\u0103 vedem boala sau limit\u0103rile fizice cu al\u021bi ochi. \u00cenv\u0103\u021b\u0103m s\u0103 d\u0103m mai pu\u021bin\u0103 importan\u021b\u0103 restric\u021biilor pe care, de exemplu: o afec\u021biune ni le impune \u0219i ne ajut\u0103 s\u0103 ne g\u0103sim pacea interioar\u0103.<\/p>\n<p><strong><em>Efectul Esen\u021bei la Nivel Emo\u021bional: <\/em><\/strong>Esen\u021ba Ca\u0219ului Ciorii ne ajut\u0103 s\u0103 ne distan\u021b\u0103m de mediu \u00eenconjur\u0103tor \u0219i s\u0103 fim capabili s\u0103 ne definim ni\u0219te limite clare.<\/p>\n<p><strong><em>Efectul Esen\u021bei la Nivel Mental: <\/em><\/strong>Ne putem extinde puterea mental\u0103 \u0219i astfel ne eliber\u0103m de povara mental\u0103. Devenim capabili s\u0103 r\u0103m\u00e2nem calmi \u0219i centra\u021bi mental, chiar \u0219i atunci c\u00e2nd exist\u0103 multe distrageri. Totodat\u0103, putem folosi aceast\u0103 esen\u021b\u0103 pentru a ne antrena capacitatea de a evalua mai bine situa\u021biile.<\/p>\n<p><strong><em>Efectul Esen\u021bei la Nivel Spiritual:<\/em><\/strong> Cu esen\u021ba putem observa un efect imediat asupra fontanelei \u0219i prin urmare asupra Chakrei a-VII-a. Ne putem deschide spre dimensiuni spirituale superioare.<\/p>\n<p><strong><em>Afirma\u021bia<\/em><\/strong><em>: <\/em>M\u0103 eliberez de vina emo\u021bional\u0103 \u0219i spiritul meu liber poate evolua.<\/p>\n<p>&nbsp;<\/p>\n","protected":false},"excerpt":{"rendered":"<p>(Lycoperdon perlatum) Aceast\u0103 ciuperc\u0103 are 8 cm \u00een\u0103l\u021bime \u0219i se g\u0103se\u0219te frecvent \u00een p\u0103durile de foioase \u0219i conifere. Se reproduce singur\u0103 \u00eentre lunile iulie \u0219i noiembrie \u0219i are forma caracteristic\u0103 unei sticle \u00eentoarse sau a unui bec. \u00cen timpul stadiului incipient de dezvoltare este alb\u0103 \u0219i are \u021bepi albi, puternici, u\u0219or \u00eenclina\u021bi, pe parcurs cap\u0103t\u0103 &hellip; <a href=\"https:\/\/esentevibrationale.com\/?product=common-puffball-casul-ciorii\" class=\"more-link\">Continu\u0103 lectura <span class=\"screen-reader-text\">Common Puffball \/ Ca\u015ful Ciorii<\/span> <span class=\"meta-nav\">&rarr;<\/span><\/a><\/p>\n","protected":false},"featured_media":638,"template":"","meta":[],"product_brand":[],"product_cat":[19],"product_tag":[],"class_list":{"0":"post-637","1":"product","2":"type-product","3":"status-publish","4":"has-post-thumbnail","6":"product_cat-esente-de-ciuperci","7":"pa_size-15ml","8":"pa_size-30ml","10":"first","11":"instock","12":"shipping-taxable","13":"purchasable","14":"product-type-variable","15":"has-default-attributes"},"_links":{"self":[{"href":"https:\/\/esentevibrationale.com\/index.php?rest_route=\/wp\/v2\/product\/637","targetHints":{"allow":["GET"]}}],"collection":[{"href":"https:\/\/esentevibrationale.com\/index.php?rest_route=\/wp\/v2\/product"}],"about":[{"href":"https:\/\/esentevibrationale.com\/index.php?rest_route=\/wp\/v2\/types\/product"}],"wp:featuredmedia":[{"embeddable":true,"href":"https:\/\/esentevibrationale.com\/index.php?rest_route=\/wp\/v2\/media\/638"}],"wp:attachment":[{"href":"https:\/\/esentevibrationale.com\/index.php?rest_route=%2Fwp%2Fv2%2Fmedia&parent=637"}],"wp:term":[{"taxonomy":"product_brand","embeddable":true,"href":"https:\/\/esentevibrationale.com\/index.php?rest_route=%2Fwp%2Fv2%2Fproduct_brand&post=637"},{"taxonomy":"product_cat","embeddable":true,"href":"https:\/\/esentevibrationale.com\/index.php?rest_route=%2Fwp%2Fv2%2Fproduct_cat&post=637"},{"taxonomy":"product_tag","embeddable":true,"href":"https:\/\/esentevibrationale.com\/index.php?rest_route=%2Fwp%2Fv2%2Fproduct_tag&post=637"}],"curies":[{"name":"wp","href":"https:\/\/api.w.org\/{rel}","templated":true}]}}