{"id":639,"date":"2018-10-25T10:30:30","date_gmt":"2018-10-25T08:30:30","guid":{"rendered":"http:\/\/phiessences.com\/Romania\/?post_type=product&#038;p=639"},"modified":"2025-12-30T17:17:31","modified_gmt":"2025-12-30T15:17:31","slug":"fly-agar-muscarita","status":"publish","type":"product","link":"https:\/\/esentevibrationale.com\/?product=fly-agar-muscarita","title":{"rendered":"Fly Agar \/ Mu\u015fc\u0103ri\u0163\u0103"},"content":{"rendered":"<p><strong>(Amanita muscaria) <\/strong><\/p>\n<p><em>Mu\u0219c\u0103ri\u021ba este un fungus foarte toxic, care se g\u0103se\u0219te \u00een mod obi\u0219nuit cresc\u00e2nd sub mesteac\u0103n, pe soluri acide \u0219i rare ori poate fi g\u0103sit\u0103 \u00een p\u0103durile de conifere sub speciile de molizi. Apare \u00eentre lunile august \u0219i octombrie. Este recognoscibil\u0103 dup\u0103 aspectul s\u0103u &#8211; ro\u0219ie cu pete albe (negi). Dac\u0103 o component\u0103 de culoare lipse\u0219te \u00een timpul cre\u0219terii, culoarea sa poate fi portocalie sau galben\u0103. P\u0103l\u0103ria are diametru \u00eentre 6 &#8211; 25 cm \u0219i este sus\u021binut\u0103 de o tulpin\u0103 alb\u0103 cu un inel peren.<\/em><\/p>\n<p><strong><em>Efectul Esen\u021bei: <\/em><\/strong>Esen\u021ba Fly Agar favorizeaz\u0103 purificarea energiei informa\u021biilor medicamente psihotrope \u0219i a produselor similare. Esen\u021ba este de mare ajutor pentru accesarea altor dimensiuni.<\/p>\n<p><strong><em>Efectul Esen\u021bei la Nivel Fizic: <\/em><\/strong>Atunci c\u00e2nd medicamentele psihotrope \u0219i produsele similare \u00ee\u0219i arat\u0103 efectele nocive asupra organismului, aceast\u0103 esen\u021b\u0103 ne poate ajuta s\u0103 elimin\u0103m aceste manifest\u0103ri prin devierea energetic\u0103 a informa\u021biei negative.<\/p>\n<p><strong><em>Efectul Esen\u021bei la Nivel Emo\u021bional: <\/em><\/strong>Esen\u021ba Fly Agar are un efect puternic de cur\u0103\u021bare. Ceea ce \u00eenseamn\u0103 c\u0103 pot ap\u0103rea emo\u021bii foarte intense evoc\u00e2nd imagini \u0219i experien\u021be, greu de procesat \u00een stare de sl\u0103biciune. Din acest motiv, esen\u021ba Fly Agar nu ar trebui administrat\u0103 mai devreme, ci numai dup\u0103 ce starea psihologic\u0103 s-a stabilizat.<\/p>\n<p><strong><em>Efectul Esen\u021bei la Nivel Mental: <\/em><\/strong>Esen\u021ba Fly Agar are \u0219i un efect puternic de cur\u0103\u021bare \u0219i ar putea cople\u0219i ini\u021bial oamenii instabili. \u00cens\u0103, \u00eentr-o stare stabil\u0103, ne ajut\u0103 s\u0103 ne eliber\u0103m de informa\u021biile energetice negative \u0219i s\u0103 ne reproiect\u0103m via\u021ba cu putere mental\u0103.<\/p>\n<p><strong><em>Efectul Esen\u021bei la Nivel Spiritual: <\/em><\/strong>Esen\u021ba are un efect puternic de la Chakra a-VI-a \u00een sus \u0219i ne cur\u0103\u021b\u0103 nivelurile subtile de percep\u021bie. Vocea intui\u021biei noastre devine mai perceptibil\u0103 \u0219i ne sim\u021bim mai u\u0219ori. La urm\u0103torul nivel superior ne putem elibera de ata\u0219amentele cu tot ceea ce este material \u0219i putem experimenta dimensiunea cosmic\u0103 a uniunii intime.<\/p>\n<p><strong><em>Afirma\u021bia: <\/em><\/strong>\u00cemi cur\u0103\u021b trupul, mintea \u0219i sufletul de toate influen\u021bele negative \u0219i las puterea \u0219i lumina s\u0103 curg\u0103 \u00een mine.<\/p>\n","protected":false},"excerpt":{"rendered":"<p>(Amanita muscaria) Mu\u0219c\u0103ri\u021ba este un fungus foarte toxic, care se g\u0103se\u0219te \u00een mod obi\u0219nuit cresc\u00e2nd sub mesteac\u0103n, pe soluri acide \u0219i rare ori poate fi g\u0103sit\u0103 \u00een p\u0103durile de conifere sub speciile de molizi. Apare \u00eentre lunile august \u0219i octombrie. Este recognoscibil\u0103 dup\u0103 aspectul s\u0103u &#8211; ro\u0219ie cu pete albe (negi). Dac\u0103 o component\u0103 de &hellip; <a href=\"https:\/\/esentevibrationale.com\/?product=fly-agar-muscarita\" class=\"more-link\">Continu\u0103 lectura <span class=\"screen-reader-text\">Fly Agar \/ Mu\u015fc\u0103ri\u0163\u0103<\/span> <span class=\"meta-nav\">&rarr;<\/span><\/a><\/p>\n","protected":false},"featured_media":640,"template":"","meta":[],"product_brand":[],"product_cat":[19],"product_tag":[],"class_list":{"0":"post-639","1":"product","2":"type-product","3":"status-publish","4":"has-post-thumbnail","6":"product_cat-esente-de-ciuperci","7":"pa_size-15ml","8":"pa_size-30ml","10":"first","11":"instock","12":"shipping-taxable","13":"purchasable","14":"product-type-variable","15":"has-default-attributes"},"_links":{"self":[{"href":"https:\/\/esentevibrationale.com\/index.php?rest_route=\/wp\/v2\/product\/639","targetHints":{"allow":["GET"]}}],"collection":[{"href":"https:\/\/esentevibrationale.com\/index.php?rest_route=\/wp\/v2\/product"}],"about":[{"href":"https:\/\/esentevibrationale.com\/index.php?rest_route=\/wp\/v2\/types\/product"}],"wp:featuredmedia":[{"embeddable":true,"href":"https:\/\/esentevibrationale.com\/index.php?rest_route=\/wp\/v2\/media\/640"}],"wp:attachment":[{"href":"https:\/\/esentevibrationale.com\/index.php?rest_route=%2Fwp%2Fv2%2Fmedia&parent=639"}],"wp:term":[{"taxonomy":"product_brand","embeddable":true,"href":"https:\/\/esentevibrationale.com\/index.php?rest_route=%2Fwp%2Fv2%2Fproduct_brand&post=639"},{"taxonomy":"product_cat","embeddable":true,"href":"https:\/\/esentevibrationale.com\/index.php?rest_route=%2Fwp%2Fv2%2Fproduct_cat&post=639"},{"taxonomy":"product_tag","embeddable":true,"href":"https:\/\/esentevibrationale.com\/index.php?rest_route=%2Fwp%2Fv2%2Fproduct_tag&post=639"}],"curies":[{"name":"wp","href":"https:\/\/api.w.org\/{rel}","templated":true}]}}